{"id":4535,"date":"2022-05-11T08:33:37","date_gmt":"2022-05-11T06:33:37","guid":{"rendered":"https:\/\/spirit.h2.de\/wordpress\/?page_id=4535"},"modified":"2024-05-22T09:28:08","modified_gmt":"2024-05-22T07:28:08","slug":"h2d2","status":"publish","type":"page","link":"https:\/\/spirit.h2.de\/spirit\/projekte\/h2d2\/","title":{"rendered":"H2D2 &#8211; XperiMaker-Lab"},"content":{"rendered":"<section class=\"l-section wpb_row height_auto\"><div class=\"l-section-h i-cf\"><div class=\"g-cols vc_row via_grid cols_1 laptops-cols_inherit tablets-cols_inherit mobiles-cols_1 valign_top type_default stacking_default\"><div class=\"wpb_column vc_column_container\"><div class=\"vc_column-inner\"><div class=\"w-separator size_small\"><\/div><div class=\"w-separator size_small\"><\/div><div class=\"w-text us_custom_ccb6e813 has_text_color\"><span class=\"w-text-h\"><span class=\"w-text-value\">H2D2 &#8211; eXperiMaker-Lab<\/span><\/span><\/div><div class=\"w-separator size_custom\" style=\"height:0.9rem\"><\/div><div class=\"w-text us_custom_a3fc07dd has_text_color\"><span class=\"w-text-h\"><span class=\"w-text-value\">Didaktisch und digital kompetent Lehren und Lernen<\/span><\/span><\/div><div class=\"w-separator size_small\"><\/div><div class=\"wpb_column vc_column_container\"><div class=\"vc_column-inner\"><div class=\"w-image has_ratio align_none\"><div class=\"w-image-h\"><div style=\"padding-bottom:38.0952%\"><\/div><img decoding=\"async\" width=\"2560\" height=\"1919\" src=\"https:\/\/spirit.h2.de\/spirit\/wp-content\/uploads\/2024\/05\/XLAB_MD-scaled.jpg\" class=\"attachment-full size-full\" alt=\"\" loading=\"lazy\" \/><\/div><\/div><\/div><\/div><div class=\"g-cols wpb_row via_grid cols_custom laptops-cols_inherit tablets-cols_inherit mobiles-cols_1 valign_top type_default stacking_default\" style=\"--columns-gap:3rem;\"><\/div><div class=\"g-cols wpb_row via_grid cols_custom laptops-cols_inherit tablets-cols_inherit mobiles-cols_1 valign_top type_default stacking_default\" style=\"--columns-gap:3rem;\"><\/div><\/div><\/div><\/div><\/div><\/section><section class=\"l-section wpb_row height_medium\"><div class=\"l-section-h i-cf\"><div class=\"g-cols vc_row via_grid cols_2-1 laptops-cols_inherit tablets-cols_inherit mobiles-cols_1 valign_top type_default stacking_default\" style=\"--columns-gap:5rem;\"><div class=\"wpb_column vc_column_container\"><div class=\"vc_column-inner\"><div class=\"w-text us_custom_b01cd5ea has_text_color\"><span class=\"w-text-h\"><span class=\"w-text-value\">Ausgangslage<\/span><\/span><\/div><div class=\"w-separator size_small\"><\/div><div class=\"wpb_text_column\"><div class=\"wpb_wrapper\"><p>Die Entwicklung und F\u00f6rderung digitaler Kompetenzenstellt eine der neuen Kernaufgaben von Hochschulen dar, um Studierende auf den digitalen Wandel in den Berufsfeldern (z.B. \u201eDigitalHealthCare\u201c, \u201eIndustrie 4.0\u201c) vorzubereiten. \u201eHochschulen sind dabei wichtige Nutzer digitaler M\u00f6glichkeiten und zugleich Treiber der digitalen Entwicklung\u201c. Digitale Kompetenzen zeichnen sich dabei nicht nur durch die Anzahl an Interaktionen mit digitalen Technologien, sondern auch durch deren Qualit\u00e4t aus. Diese werden u.A. als passiv bzw. rezeptiv oder aktiv bzw. produktiv beschrieben. Hemmnisse f\u00fcr die Entwicklung digitaler Kompetenzen stellen ungleiche Zugangsm\u00f6glichkeiten, negative Einstellungen und mangelndes Interesse dar.\u00a0Der entdeckende, forschende, produktive Umgang mit digitalen Anwendungen und die Zusammenarbeit in Cross-Reality- und experimentell arbeitenden Laboren (Maker-Labs) wird f\u00fcr den Aufbau fach\u00fcbergreifender und fachspezifischer digitaler Kompetenzen als besonders wertvoll angesehen und adressiert diese Hemmnisse. Entsprechende M\u00f6glichkeiten stehen am Standort Stendal jedoch aktuell nicht zur Verf\u00fcgung.<\/p>\n<\/div><\/div><div class=\"w-separator size_large\"><\/div><div class=\"w-text us_custom_b01cd5ea has_text_color\"><span class=\"w-text-h\"><span class=\"w-text-value\">Projektidee und Ziele<\/span><\/span><\/div><div class=\"w-separator size_small\"><\/div><div class=\"wpb_text_column\"><div class=\"wpb_wrapper\"><p>Aufbauend auf Expertise im Projekt AuCity2 wird daher am Standort Stendal unter Vernetzung mit dem studentisch verwalteten City-Labor \u201eSchauwerk\u201c und den Forschungsgruppen DiMediCa und LeIK-Lab ein Maker-Lab (XperiMaker-Lab) entstehen. So werden Erkenntnisse und\u00a0Labore am Standort Magdeburg (3-D-Druck, Virtual\/ Augmented Reality) f\u00fcr die Hochschullehre insgesamt nutzbar gemacht, Standort\u00fcbergreifend sollen weiterhin Freir\u00e4ume f\u00fcr die fachspezifische, passgenaue F\u00f6rderung digitaler Kompetenzen in gestaltenden, forschungsorientierten Studienprojekten geschaffen und digitale kollaborative Zusammenarbeit verwirklicht werden.\u00a0 Die durch die aktive und gestaltende Arbeit mit und an digitalen Technologien gef\u00f6rderte Vertrautheit bef\u00e4higt Studierende und Lehrende, selbstst\u00e4ndig mit neuen Techniken umzugehen, diese sinnvoll einzusetzen, kritisch zu reflektieren und in ihre Rollen als Multiplikator:innenen und Innovationstreibende digitalerTechnologien in (k\u00fcnftigen) Arbeitsfeldern hineinzuwachsen.<\/p>\n<\/div><\/div><div class=\"w-separator size_large\"><\/div><\/div><\/div><div class=\"wpb_column vc_column_container\"><div class=\"vc_column-inner\"><div class=\"w-text us_custom_b01cd5ea has_text_color\"><span class=\"w-text-h\"><span class=\"w-text-value\">Eckdaten<\/span><\/span><\/div><div class=\"w-separator size_small\"><\/div><div class=\"w-text us_custom_32940c00 has_text_color\"><span class=\"w-text-h\"><span class=\"w-text-value\">Laufzeit<\/span><\/span><\/div><div class=\"w-separator size_custom\" style=\"height:0.6rem\"><\/div><div class=\"wpb_text_column\"><div class=\"wpb_wrapper\"><ul>01.08.2021 &#8211; 31.07.2024<\/ul>\n<\/div><\/div><div class=\"w-separator size_small\"><\/div><div class=\"w-text us_custom_32940c00 has_text_color\"><span class=\"w-text-h\"><span class=\"w-text-value\">Projekttragende<\/span><\/span><\/div><div class=\"w-separator size_custom\" style=\"height:0.6rem\"><\/div><div class=\"wpb_text_column\"><div class=\"wpb_wrapper\"><ul>\n<li>Stiftung Innovation in der Hochschullehre<\/li>\n<\/ul>\n<\/div><\/div><div class=\"w-separator size_small\"><\/div><div class=\"w-text us_custom_32940c00 has_text_color\"><span class=\"w-text-h\"><span class=\"w-text-value\">F\u00f6rdermittelgebende<\/span><\/span><\/div><div class=\"w-separator size_custom\" style=\"height:0.6rem\"><\/div><div class=\"wpb_text_column\"><div class=\"wpb_wrapper\"><ul>\n<li>Bundesministerium f\u00fcr Bildung und Forschung (BMBF)<\/li>\n<\/ul>\n<\/div><\/div><div class=\"w-separator size_small\"><\/div><div class=\"w-text us_custom_32940c00 has_text_color\"><span class=\"w-text-h\"><span class=\"w-text-value\">Wissenschaftler*innen:<\/span><\/span><\/div><div class=\"w-separator size_custom\" style=\"height:0.6rem\"><\/div><div class=\"wpb_text_column us_custom_b8973c5f\"><div class=\"wpb_wrapper\"><p><strong>Nils Suhr, M.A.<\/strong><br \/>\nInteraction Design<br \/>\nHochschule Magdeburg-Stendal<br \/>\nnils.suhr@h2.de<\/p>\n<\/div><\/div><div class=\"w-separator size_custom\" style=\"height:0.6rem\"><\/div><div class=\"wpb_text_column us_custom_b8973c5f\"><div class=\"wpb_wrapper\"><p><strong>Prof. Dominik Schumacher<\/strong><br \/>\nInteraction Design<br \/>\nHochschule Magdeburg-Stendal<br \/>\ndominik.schumacher@h2.de<\/p>\n<\/div><\/div><\/div><\/div><\/div><\/div><\/section><section class=\"l-section wpb_row height_auto\"><div class=\"l-section-h i-cf\"><div class=\"g-cols vc_row via_grid cols_1 laptops-cols_inherit tablets-cols_inherit mobiles-cols_1 valign_top type_default stacking_default\"><div class=\"wpb_column vc_column_container\"><div class=\"vc_column-inner\"><div class=\"w-separator size_small\"><\/div><div class=\"w-text us_custom_b01cd5ea has_text_color\"><span class=\"w-text-h\"><span class=\"w-text-value\">Galerie<\/span><\/span><\/div><div class=\"w-separator size_small\"><\/div><div class=\"w-separator size_custom\" style=\"height:0.6rem\"><\/div><div class=\"w-grid-none type_message\">Es wurden keine Ergebnisse gefunden.<\/div><div class=\"w-separator size_huge\"><\/div><\/div><\/div><\/div><\/div><\/section>\n","protected":false},"excerpt":{"rendered":"H2D2 &#8211; eXperiMaker-LabDidaktisch und digital kompetent Lehren und LernenAusgangslageDie Entwicklung und F\u00f6rderung digitaler Kompetenzenstellt eine der neuen Kernaufgaben von Hochschulen dar, um Studierende auf den digitalen Wandel in den Berufsfeldern (z.B. \u201eDigitalHealthCare\u201c, \u201eIndustrie 4.0\u201c) vorzubereiten. \u201eHochschulen sind dabei wichtige Nutzer digitaler M\u00f6glichkeiten und zugleich Treiber der digitalen Entwicklung\u201c. Digitale Kompetenzen zeichnen sich dabei nicht nur...","protected":false},"author":7,"featured_media":14122,"parent":4137,"menu_order":0,"comment_status":"closed","ping_status":"closed","template":"","meta":{"_acf_changed":false,"footnotes":""},"categories":[],"tags":[],"class_list":["post-4535","page","type-page","status-publish","has-post-thumbnail","hentry"],"translation":{"provider":"WPGlobus","version":"3.0.1","language":"de","enabled_languages":["de","en"],"languages":{"de":{"title":true,"content":true,"excerpt":false},"en":{"title":false,"content":false,"excerpt":false}}},"acf":[],"_links":{"self":[{"href":"https:\/\/spirit.h2.de\/spirit\/wp-json\/wp\/v2\/pages\/4535","targetHints":{"allow":["GET"]}}],"collection":[{"href":"https:\/\/spirit.h2.de\/spirit\/wp-json\/wp\/v2\/pages"}],"about":[{"href":"https:\/\/spirit.h2.de\/spirit\/wp-json\/wp\/v2\/types\/page"}],"author":[{"embeddable":true,"href":"https:\/\/spirit.h2.de\/spirit\/wp-json\/wp\/v2\/users\/7"}],"replies":[{"embeddable":true,"href":"https:\/\/spirit.h2.de\/spirit\/wp-json\/wp\/v2\/comments?post=4535"}],"version-history":[{"count":21,"href":"https:\/\/spirit.h2.de\/spirit\/wp-json\/wp\/v2\/pages\/4535\/revisions"}],"predecessor-version":[{"id":14159,"href":"https:\/\/spirit.h2.de\/spirit\/wp-json\/wp\/v2\/pages\/4535\/revisions\/14159"}],"up":[{"embeddable":true,"href":"https:\/\/spirit.h2.de\/spirit\/wp-json\/wp\/v2\/pages\/4137"}],"wp:featuredmedia":[{"embeddable":true,"href":"https:\/\/spirit.h2.de\/spirit\/wp-json\/wp\/v2\/media\/14122"}],"wp:attachment":[{"href":"https:\/\/spirit.h2.de\/spirit\/wp-json\/wp\/v2\/media?parent=4535"}],"wp:term":[{"taxonomy":"category","embeddable":true,"href":"https:\/\/spirit.h2.de\/spirit\/wp-json\/wp\/v2\/categories?post=4535"},{"taxonomy":"post_tag","embeddable":true,"href":"https:\/\/spirit.h2.de\/spirit\/wp-json\/wp\/v2\/tags?post=4535"}],"curies":[{"name":"wp","href":"https:\/\/api.w.org\/{rel}","templated":true}]}}