{"id":44,"date":"2021-12-29T10:20:04","date_gmt":"2021-12-29T09:20:04","guid":{"rendered":"https:\/\/impreza33.us-themes.com\/?page_id=44"},"modified":"2023-09-20T11:21:28","modified_gmt":"2023-09-20T09:21:28","slug":"willkommen","status":"publish","type":"page","link":"https:\/\/spirit.h2.de\/spirit\/","title":{"rendered":"Willkommen"},"content":{"rendered":"<section class=\"l-section wpb_row height_medium parallax_ver\"><div class=\"l-section-h i-cf\"><div class=\"g-cols vc_row via_grid cols_1 laptops-cols_inherit tablets-cols_inherit mobiles-cols_1 valign_top type_default stacking_default\"><div class=\"wpb_column vc_column_container\"><div class=\"vc_column-inner\"><div class=\"w-text us_custom_46ec6a2c has_text_color\"><span class=\"w-text-h\"><span class=\"w-text-value\">Willkommen bei der Forschungsgruppe SPiRIT<\/span><\/span><\/div><div class=\"w-separator size_medium\"><\/div><div class=\"w-image us_custom_17629c1a has_text_color has_ratio align_none\"><a target=\"_blank\" rel=\"nofollow\" href=\"https:\/\/spirit.h2.de\/wordpress\/officials\/\" aria-label=\"www.fb.com\/dressedinblack.de\" class=\"w-image-h\"><div style=\"padding-bottom:38.0952%\"><\/div><img decoding=\"async\" width=\"2560\" height=\"1078\" src=\"https:\/\/spirit.h2.de\/spirit\/wp-content\/uploads\/2023\/06\/20230608_0002_schmal-2-scaled.jpg\" class=\"attachment-full size-full\" alt=\"\" loading=\"lazy\" \/><\/a><\/div><div class=\"w-separator size_medium\"><\/div><div class=\"g-cols wpb_row via_grid cols_2-1 laptops-cols_inherit tablets-cols_inherit mobiles-cols_1 valign_top type_default stacking_default\" style=\"--columns-gap:3rem;\"><div class=\"wpb_column vc_column_container\"><div class=\"vc_column-inner\"><div class=\"wpb_text_column us_custom_95008bb7\"><div class=\"wpb_wrapper\"><p>Die Forschungsgruppe SPiRIT \u2013\u00a0<strong>Science Projects in<\/strong> <strong>educational Research and Information Technology<\/strong>\u00a0\u2013 ist ein interdisziplin\u00e4res Team der Hochschule Magdeburg-Stendal. Im Mittelpunkt stehen Forschung und Entwicklung in den Bereichen <strong>Bildungstechnologien<\/strong>, <strong>Mensch-Computer Interaktion<\/strong> und <strong>Bildungsforschung<\/strong>.<\/p>\n<p>Erfahrene Wissenschaftler*innen und studentische Teams des Instituts f\u00fcr Management und des Instituts f\u00fcr Industriedesign entwickeln in partizipativen Ans\u00e4tzen technische L\u00f6sungen zum interaktiven Lernen, etwa zur F\u00f6rderung von Umweltbewusstsein, zur Makerkultur in der Bildung, zur Praxisintegration in die Hochschullehre oder zur inklusiven Zusammenarbeit in Virtuellen Anwendungen.<\/p>\n<p>Dabei werden Digitale Kompetenzen, Einstellungen von Nutzer*innen, Useability von digitalen Artefakten oder das Verhalten von Anwender*innen mit verschiedenen Methoden evaluiert. F\u00fcr die Nutzungsforschung betreibt die Forschungsgruppe das LeiKLab mit EyeTracking und weiterer Sensortechnik. F\u00fcr die Entwicklung der Prototypen und die Kompetenzentwicklung wird das XPeriMakerLab aufgebaut und weiterentwickelt.<\/p>\n<p>Die <strong>Design Science Arbeiten<\/strong> der Gruppe reflektieren technologische Neuerungen und deren Wechselspiel mit der Gesellschaft, um innovative Medien und digital unterst\u00fctzte Kommunikation in R\u00e4umen zu realisieren. Dabei stehen partizipatives Design mit potenziellen Anwender*innen, die kulturelle und digitale Teilhabe, sowie\u00a0Inklusion und Integration benachteiligter Gruppen h\u00e4ufig im Mittelpunkt des Forschungsinteresses.<\/p>\n<p>Einige Projekte und Publikationen adressieren die Entwicklung von <strong>Umweltbewusstsein<\/strong>, das Verst\u00e4ndnis von Strategien bzw. Verfahren zur nachhaltigen Entwicklung und Kreislaufwirtschaft, aber auch die Integration negativer externer Effekte in wirtschaftliches Handeln. Zur Vermittlung komplexer Zusammenh\u00e4nge \u2013 etwa bei Umweltdaten \u2013 werden Daten-Repr\u00e4sentationen in <strong>interaktiven, k\u00fcnstlerischen Artefakten<\/strong> mit Edutainment-Charakter verarbeitet und die Nutzerinteraktion erforscht.<\/p>\n<\/div><\/div><\/div><\/div><div class=\"wpb_column vc_column_container\"><div class=\"vc_column-inner\"><\/div><\/div><\/div><div class=\"w-separator size_large\"><\/div><div class=\"w-text us_custom_a6b2d2df has_text_color\"><span class=\"w-text-h\"><span class=\"w-text-value\">News<\/span><\/span><\/div><div class=\"w-separator size_medium\"><\/div><div class=\"w-grid us_grid us_custom_ea76afbe type_grid layout_8225 cols_3 pagination_ajax preload_style_spinner ratio_4x3\" id=\"us_grid_1\" style=\"--columns:3;--gap:1.5rem;--item-ratio:0.75;\" data-filterable=\"true\"><style>@media (max-width:1099px){#us_grid_1{--columns:2!important}}@media (max-width:679px){#us_grid_1{--columns:1!important}}@media (max-width:600px){#us_grid_1{--columns:1!important}}@media (min-width:1024px){#us_grid_1 .w-post-elm.post_title{font-size:1.2rem!important}}.layout_8225 .w-grid-item-h{background:var(--color-content-bg);color:var(--color-content-text);border-radius:0.3rem;box-shadow:0 0.03rem 0.06rem rgba(0,0,0,0.1),0 0.1rem 0.3rem rgba(0,0,0,0.1);transition-duration:0.3s}.no-touch .layout_8225 .w-grid-item-h:hover{box-shadow:0 0.1rem 0.2rem rgba(0,0,0,0.1),0 0.33rem 1rem rgba(0,0,0,0.15);z-index:4}.layout_8225 .usg_post_title_2{font-size:1.2rem!important;margin-left:1.4rem!important;margin-bottom:1.6rem!important}.layout_8225 .usg_post_image_2{margin-bottom:1.3rem!important;padding-bottom:1.3rem!important}.layout_8225 .usg_post_content_1{padding-left:12px!important;padding-bottom:12px!important;padding-right:12px!important}<\/style><div class=\"w-grid-list\">\t<article class=\"w-grid-item post-17847 post type-post status-publish format-standard has-post-thumbnail hentry category-news category-uncategorized-de\" data-id=\"17847\">\r\n\t\t<div class=\"w-grid-item-h\">\r\n\t\t\t\t\t\t\t<a href=\"https:\/\/spirit.h2.de\/spirit\/conference-on-management-technology-business-innovation\/\" class=\"w-grid-item-anchor\" aria-label=\"Conference on Management, Technology &#038; Business Innovation\"><\/a>\r\n\t\t\t\t\t\t<div class=\"w-vwrapper usg_vwrapper_2 align_none valign_top\"><div class=\"w-vwrapper usg_vwrapper_1 align_none valign_top\"><div class=\"w-post-elm post_image usg_post_image_2 has_ratio\"><img loading=\"lazy\" decoding=\"async\" width=\"2560\" height=\"1337\" src=\"https:\/\/spirit.h2.de\/spirit\/wp-content\/uploads\/2026\/01\/Leitmotiv-with-background-and-h2-scaled.png\" class=\"attachment-full size-full wp-post-image\" alt=\"CMTB2026 Header\" \/><div style=\"padding-bottom:56.25%\"><\/div><\/div><h2 class=\"w-post-elm post_title usg_post_title_2 entry-title color_link_inherit\">Conference on Management, Technology &#038; Business Innovation<\/h2><\/div><\/div>\t\t<\/div>\r\n\t\t\t<\/article>\r\n\t<article class=\"w-grid-item post-17323 post type-post status-publish format-standard has-post-thumbnail hentry category-news\" data-id=\"17323\">\r\n\t\t<div class=\"w-grid-item-h\">\r\n\t\t\t\t\t\t\t<a href=\"https:\/\/spirit.h2.de\/spirit\/best-poster-award-auf-der-ampf-freiburg-2025-fuer-das-musigenum-projekt\/\" class=\"w-grid-item-anchor\" aria-label=\"MusiGeNuM-Projekt gewinnt Posterpreis auf der AMPF-Tagung&lt;\/br&gt;in Freiburg 2025\"><\/a>\r\n\t\t\t\t\t\t<div class=\"w-vwrapper usg_vwrapper_2 align_none valign_top\"><div class=\"w-vwrapper usg_vwrapper_1 align_none valign_top\"><div class=\"w-post-elm post_image usg_post_image_2 has_ratio\"><img loading=\"lazy\" decoding=\"async\" width=\"1200\" height=\"534\" src=\"https:\/\/spirit.h2.de\/spirit\/wp-content\/uploads\/2025\/11\/Anne_Hanno_Poster_AMPF_edit-e1762249331468.png\" class=\"attachment-full size-full wp-post-image\" alt=\"\" \/><div style=\"padding-bottom:56.25%\"><\/div><\/div><h2 class=\"w-post-elm post_title usg_post_title_2 entry-title color_link_inherit\">MusiGeNuM-Projekt gewinnt Posterpreis auf der AMPF-Tagung<\/br>in Freiburg 2025<\/h2><\/div><\/div>\t\t<\/div>\r\n\t\t\t<\/article>\r\n\t<article class=\"w-grid-item post-16316 post type-post status-publish format-standard has-post-thumbnail hentry category-laufende category-landstark category-news category-projects category-wint\" data-id=\"16316\">\r\n\t\t<div class=\"w-grid-item-h\">\r\n\t\t\t\t\t\t\t<a href=\"https:\/\/spirit.h2.de\/spirit\/landstark-auf-dem-ueberland-festival-2025\/\" class=\"w-grid-item-anchor\" aria-label=\"LandStarK auf dem \u00dcberland-Festival 2025\"><\/a>\r\n\t\t\t\t\t\t<div class=\"w-vwrapper usg_vwrapper_2 align_none valign_top\"><div class=\"w-vwrapper usg_vwrapper_1 align_none valign_top\"><div class=\"w-post-elm post_image usg_post_image_2 has_ratio\"><img loading=\"lazy\" decoding=\"async\" width=\"1024\" height=\"1024\" src=\"https:\/\/spirit.h2.de\/spirit\/wp-content\/uploads\/2025\/08\/LandStark-Ueberland-Festival.jpg\" class=\"attachment-full size-full wp-post-image\" alt=\"LandStark Logo f\u00fcr \u00dcberland-Festival\" \/><div style=\"padding-bottom:56.25%\"><\/div><\/div><h2 class=\"w-post-elm post_title usg_post_title_2 entry-title color_link_inherit\">LandStarK auf dem \u00dcberland-Festival 2025<\/h2><\/div><\/div>\t\t<\/div>\r\n\t\t\t<\/article>\r\n\t<article class=\"w-grid-item post-16210 post type-post status-publish format-standard has-post-thumbnail hentry category-events category-news\" data-id=\"16210\">\r\n\t\t<div class=\"w-grid-item-h\">\r\n\t\t\t\t\t\t\t<a href=\"https:\/\/spirit.h2.de\/spirit\/digital-business-day-4-7-2025\/\" class=\"w-grid-item-anchor\" aria-label=\"Digital Business Day 2025\"><\/a>\r\n\t\t\t\t\t\t<div class=\"w-vwrapper usg_vwrapper_2 align_none valign_top\"><div class=\"w-vwrapper usg_vwrapper_1 align_none valign_top\"><div class=\"w-post-elm post_image usg_post_image_2 has_ratio\"><img loading=\"lazy\" decoding=\"async\" width=\"1200\" height=\"626\" src=\"https:\/\/spirit.h2.de\/spirit\/wp-content\/uploads\/2025\/06\/IMG_8021a.jpg\" class=\"attachment-full size-full wp-post-image\" alt=\"\" \/><div style=\"padding-bottom:56.25%\"><\/div><\/div><h2 class=\"w-post-elm post_title usg_post_title_2 entry-title color_link_inherit\">Digital Business Day 2025<\/h2><\/div><\/div>\t\t<\/div>\r\n\t\t\t<\/article>\r\n\t<article class=\"w-grid-item post-15934 post type-post status-publish format-standard has-post-thumbnail hentry category-events category-news category-uncategorized-de\" data-id=\"15934\">\r\n\t\t<div class=\"w-grid-item-h\">\r\n\t\t\t\t\t\t\t<a href=\"https:\/\/spirit.h2.de\/spirit\/wir-bedanken-uns-herzlich-bei-allen-teilnehmenden-der-diesjaehrigen-cmtb\/\" class=\"w-grid-item-anchor\" aria-label=\"Wir bedanken uns herzlich bei allen Teilnehmenden der CMTB 2025!\"><\/a>\r\n\t\t\t\t\t\t<div class=\"w-vwrapper usg_vwrapper_2 align_none valign_top\"><div class=\"w-vwrapper usg_vwrapper_1 align_none valign_top\"><div class=\"w-post-elm post_image usg_post_image_2 has_ratio\"><img loading=\"lazy\" decoding=\"async\" width=\"2560\" height=\"1920\" src=\"https:\/\/spirit.h2.de\/spirit\/wp-content\/uploads\/2025\/02\/IMG_3846-scaled.jpeg\" class=\"attachment-full size-full wp-post-image\" alt=\"\" \/><div style=\"padding-bottom:56.25%\"><\/div><\/div><h2 class=\"w-post-elm post_title usg_post_title_2 entry-title color_link_inherit\">Wir bedanken uns herzlich bei allen Teilnehmenden der CMTB 2025!<\/h2><\/div><\/div>\t\t<\/div>\r\n\t\t\t<\/article>\r\n\t<article class=\"w-grid-item post-15855 post type-post status-publish format-standard has-post-thumbnail hentry category-news category-uncategorized-de\" data-id=\"15855\">\r\n\t\t<div class=\"w-grid-item-h\">\r\n\t\t\t\t\t\t\t<a href=\"https:\/\/spirit.h2.de\/spirit\/cmtb25-news\/\" class=\"w-grid-item-anchor\" aria-label=\"Change Media \u2013 Transform Business Konferenz\"><\/a>\r\n\t\t\t\t\t\t<div class=\"w-vwrapper usg_vwrapper_2 align_none valign_top\"><div class=\"w-vwrapper usg_vwrapper_1 align_none valign_top\"><div class=\"w-post-elm post_image usg_post_image_2 has_ratio\"><img loading=\"lazy\" decoding=\"async\" width=\"4018\" height=\"2119\" src=\"https:\/\/spirit.h2.de\/spirit\/wp-content\/uploads\/2024\/12\/cmtb25-header-neu_small.png\" class=\"attachment-full size-full wp-post-image\" alt=\"\" \/><div style=\"padding-bottom:56.25%\"><\/div><\/div><h2 class=\"w-post-elm post_title usg_post_title_2 entry-title color_link_inherit\">Change Media \u2013 Transform Business Konferenz<\/h2><\/div><\/div>\t\t<\/div>\r\n\t\t\t<\/article>\r\n<\/div>\t<div class=\"w-grid-preloader\">\r\n\t\t<div class=\"g-preloader type_1\">\r\n\t\t\t<div><\/div>\r\n\t\t<\/div>\r\n\t<\/div>\r\n\t\t\t\t<div class=\"g-loadmore \">\r\n\t\t\t\t<div class=\"g-preloader type_1\">\r\n\t\t\t\t\t<div><\/div>\r\n\t\t\t\t<\/div>\r\n\t\t\t\t<button class=\"w-btn us-btn-style_21\" style=\"font-size:1.2rem;\">\r\n\t\t\t\t\t<span class=\"w-btn-label\">Mehr laden<\/span>\r\n\t\t\t\t<\/button>\r\n\t\t\t<\/div>\r\n\t\t\t\t<div class=\"w-grid-json hidden\" onclick='return {&quot;action&quot;:&quot;us_ajax_grid&quot;,&quot;infinite_scroll&quot;:0,&quot;max_num_pages&quot;:13,&quot;pagination&quot;:&quot;ajax&quot;,&quot;template_vars&quot;:{&quot;columns&quot;:&quot;3&quot;,&quot;exclude_items&quot;:&quot;none&quot;,&quot;img_size&quot;:&quot;full&quot;,&quot;ignore_items_size&quot;:&quot;1&quot;,&quot;items_layout&quot;:&quot;8225&quot;,&quot;items_offset&quot;:&quot;1&quot;,&quot;load_animation&quot;:&quot;none&quot;,&quot;overriding_link&quot;:&quot;%7B%22type%22%3A%22post%22%7D&quot;,&quot;post_id&quot;:0,&quot;query_args&quot;:{&quot;post_type&quot;:[&quot;post&quot;],&quot;tax_query&quot;:[{&quot;taxonomy&quot;:&quot;category&quot;,&quot;field&quot;:&quot;slug&quot;,&quot;terms&quot;:[&quot;allgemein&quot;,&quot;news&quot;]}],&quot;post_status&quot;:[&quot;publish&quot;,&quot;acf-disabled&quot;],&quot;posts_per_page&quot;:&quot;6&quot;},&quot;orderby_query_args&quot;:{&quot;orderby&quot;:{&quot;date&quot;:&quot;DESC&quot;}},&quot;type&quot;:&quot;grid&quot;,&quot;us_grid_post_type&quot;:&quot;post&quot;,&quot;us_grid_ajax_index&quot;:1,&quot;us_grid_filter_query_string&quot;:null,&quot;us_grid_index&quot;:1,&quot;page_args&quot;:[]}}'><\/div>\r\n\t<\/div><\/div><\/div><\/div><\/div><\/section>\n","protected":false},"excerpt":{"rendered":"{:de}Am 24. Januar 2025 findet die CMTB-Konferenz (Change Media \u2013 Transform Business) unter dem Leitthema \u201eGesellschaftliche Transformation\u201c auf dem Herrenkrug-Campus der Hochschule Magdeburg-Stendal statt. Die Veranstaltung beleuchtet das Zusammenspiel von Technologie, Ethik und Wirtschaft bei der Gestaltung einer nachhaltigen und inklusiven Zukunft. Ein vielf\u00e4ltiges Programm erwartet die Teilnehmenden: Den Auftakt bildet um 10:00 Uhr eine...","protected":false},"author":7,"featured_media":0,"parent":0,"menu_order":0,"comment_status":"closed","ping_status":"closed","template":"","meta":{"_acf_changed":false,"footnotes":""},"categories":[],"tags":[],"class_list":["post-44","page","type-page","status-publish","hentry"],"translation":{"provider":"WPGlobus","version":"3.0.1","language":"de","enabled_languages":["de","en"],"languages":{"de":{"title":true,"content":true,"excerpt":false},"en":{"title":true,"content":true,"excerpt":false}}},"acf":[],"_links":{"self":[{"href":"https:\/\/spirit.h2.de\/spirit\/wp-json\/wp\/v2\/pages\/44","targetHints":{"allow":["GET"]}}],"collection":[{"href":"https:\/\/spirit.h2.de\/spirit\/wp-json\/wp\/v2\/pages"}],"about":[{"href":"https:\/\/spirit.h2.de\/spirit\/wp-json\/wp\/v2\/types\/page"}],"author":[{"embeddable":true,"href":"https:\/\/spirit.h2.de\/spirit\/wp-json\/wp\/v2\/users\/7"}],"replies":[{"embeddable":true,"href":"https:\/\/spirit.h2.de\/spirit\/wp-json\/wp\/v2\/comments?post=44"}],"version-history":[{"count":82,"href":"https:\/\/spirit.h2.de\/spirit\/wp-json\/wp\/v2\/pages\/44\/revisions"}],"predecessor-version":[{"id":16402,"href":"https:\/\/spirit.h2.de\/spirit\/wp-json\/wp\/v2\/pages\/44\/revisions\/16402"}],"wp:attachment":[{"href":"https:\/\/spirit.h2.de\/spirit\/wp-json\/wp\/v2\/media?parent=44"}],"wp:term":[{"taxonomy":"category","embeddable":true,"href":"https:\/\/spirit.h2.de\/spirit\/wp-json\/wp\/v2\/categories?post=44"},{"taxonomy":"post_tag","embeddable":true,"href":"https:\/\/spirit.h2.de\/spirit\/wp-json\/wp\/v2\/tags?post=44"}],"curies":[{"name":"wp","href":"https:\/\/api.w.org\/{rel}","templated":true}]}}