{"id":4345,"date":"2022-05-23T18:52:37","date_gmt":"2022-05-23T16:52:37","guid":{"rendered":"https:\/\/spirit.h2.de\/wordpress\/?page_id=4345"},"modified":"2024-10-14T14:57:22","modified_gmt":"2024-10-14T12:57:22","slug":"dr-elke-maehlitz-galler","status":"publish","type":"page","link":"https:\/\/spirit.h2.de\/spirit\/officials\/dr-elke-maehlitz-galler\/","title":{"rendered":"Dr. Elke M\u00e4hlitz-Galler"},"content":{"rendered":"<section class=\"l-section wpb_row height_auto\"><div class=\"l-section-h i-cf\"><div class=\"g-cols vc_row via_grid cols_2-1 laptops-cols_inherit tablets-cols_inherit mobiles-cols_1 valign_top type_default stacking_default\"><div class=\"wpb_column vc_column_container\"><div class=\"vc_column-inner\"><div class=\"w-separator size_medium\"><\/div><div class=\"w-separator size_medium\"><\/div><div class=\"w-text us_custom_047e52cd has_text_color\"><span class=\"w-text-h\"><span class=\"w-text-value\">Dr. Elke M\u00e4hlitz-Galler<\/span><\/span><\/div><div class=\"w-separator size_medium\"><\/div><div class=\"g-cols wpb_row via_grid cols_5 laptops-cols_inherit tablets-cols_inherit mobiles-cols_4 valign_top type_default stacking_default\" style=\"--columns-gap:3rem;\"><div class=\"wpb_column vc_column_container\"><div class=\"vc_column-inner\"><div class=\"w-socials us_custom_91f06cd3 color_link shape_none\"><div class=\"w-socials-list\"><div class=\"w-socials-item custom\"><a target=\"_blank\" rel=\"nofollow\" href=\"(03931) 2187 48 05\" class=\"w-socials-item-link\" aria-label=\"Titel\"><span class=\"w-socials-item-link-hover\" style=\"background:var(--color-header-middle-text);\"><\/span><i class=\"fas fa-phone\"><\/i><\/a><div class=\"w-socials-item-popup\"><span>Titel<\/span><\/div><\/div><\/div><\/div><\/div><\/div><div class=\"wpb_column vc_column_container\"><div class=\"vc_column-inner\"><div class=\"w-socials us_custom_91f06cd3 color_link shape_none\" style=\"--gap:1.8em;\"><div class=\"w-socials-list\"><div class=\"w-socials-item email\"><a target=\"_blank\" rel=\"nofollow\" href=\"elke.m\u00e4hlitz-galler@h2.de\" class=\"w-socials-item-link\" aria-label=\"E-Mail-Adresse\"><span class=\"w-socials-item-link-hover\"><\/span><i class=\"fas fa-envelope\"><\/i><\/a><div class=\"w-socials-item-popup\"><span>E-Mail-Adresse<\/span><\/div><\/div><\/div><\/div><\/div><\/div><div class=\"wpb_column vc_column_container\"><div class=\"vc_column-inner\"><div class=\"w-socials us_custom_91f06cd3 color_link shape_none\" style=\"--gap:1.8em;\"><div class=\"w-socials-list\"><div class=\"w-socials-item linkedin\"><a target=\"_blank\" rel=\"nofollow\" href=\"https:\/\/www.linkedin.com\/in\/elke-m\u00e4hlitz-galler-a771881ab\/\" class=\"w-socials-item-link\" aria-label=\"LinkedIn\"><span class=\"w-socials-item-link-hover\"><\/span><i class=\"fab fa-linkedin\"><\/i><\/a><div class=\"w-socials-item-popup\"><span>LinkedIn<\/span><\/div><\/div><\/div><\/div><\/div><\/div><div class=\"wpb_column vc_column_container\"><div class=\"vc_column-inner\"><\/div><\/div><div class=\"wpb_column vc_column_container\"><div class=\"vc_column-inner\"><\/div><\/div><\/div><div class=\"w-separator size_small\"><\/div><\/div><\/div><div class=\"wpb_column vc_column_container\"><div class=\"vc_column-inner\"><\/div><\/div><\/div><\/div><\/section><section class=\"l-section wpb_row height_small\"><div class=\"l-section-overlay\" style=\"background:rgba(255,255,255,0.25)\"><\/div><div class=\"l-section-h i-cf\"><div class=\"g-cols vc_row via_grid cols_1-2 laptops-cols_inherit tablets-cols_inherit mobiles-cols_1 valign_top type_default stacking_default\"><div class=\"wpb_column vc_column_container\"><div class=\"vc_column-inner\"><div class=\"w-image has_ratio align_none\"><div class=\"w-image-h\"><div style=\"padding-bottom:100%\"><\/div><img decoding=\"async\" width=\"2560\" height=\"1707\" src=\"https:\/\/spirit.h2.de\/spirit\/wp-content\/uploads\/2023\/06\/20230608_Elke-scaled.jpg\" class=\"attachment-full size-full\" alt=\"\" loading=\"lazy\" \/><\/div><\/div><\/div><\/div><div class=\"wpb_column vc_column_container\"><div class=\"vc_column-inner\"><div class=\"wpb_text_column\"><div class=\"wpb_wrapper\"><p><strong>Elke M\u00e4hlitz-Galler<\/strong> ist wissenschaftliche Mitarbeiterin im Projekt \u201eh2d2 \u2013 didaktisch und digital kompetent Lehren und Lernen\u201c an der Hochschule Magdeburg-Stendal. Im Kontext des PraxisInnovation-Lab entwickelt sie innovative Lehr-Lern-Angebote im Bereich Praxisphasen, Kompetenzen und Berufsbilder der Studierenden. Die Konzeption und Implementierung von Peer-to-Peer und Praxispartner-Austauschformaten zum Wissenstransfer geh\u00f6rt ebenfalls zu ihren Aufgaben.<br \/>\nElke ist ausgebildete Schulbegleiterin f\u00fcr Service Learning und hat Lehrerfahrung. Sie besitzt einen Doktortitel in \u00c4gyptologie und wurde mit einem Auslandsstipendium des Deutschen Akademischen Austauschdienstes gef\u00f6rdert. Sie sammelte als langj\u00e4hrige Mitarbeiterin auf Ausgrabungen des Deutschen Arch\u00e4ologischen Instituts, Abteilung Kairo, internationale Erfahrung, unter anderem in einem gemeinsamen Projekt mit der Universit\u00e4t von Kalifornien, Los Angeles.<\/p>\n<\/div><\/div><\/div><\/div><\/div><\/div><\/section>\n","protected":false},"excerpt":{"rendered":"Dr. Elke M\u00e4hlitz-GallerTitelE-Mail-AdresseLinkedInElke M\u00e4hlitz-Galler ist wissenschaftliche Mitarbeiterin im Projekt \u201eh2d2 \u2013 didaktisch und digital kompetent Lehren und Lernen\u201c an der Hochschule Magdeburg-Stendal. Im Kontext des PraxisInnovation-Lab entwickelt sie innovative Lehr-Lern-Angebote im Bereich Praxisphasen, Kompetenzen und Berufsbilder der Studierenden. Die Konzeption und Implementierung von Peer-to-Peer und Praxispartner-Austauschformaten zum Wissenstransfer geh\u00f6rt ebenfalls zu ihren Aufgaben. Elke ist...","protected":false},"author":7,"featured_media":12085,"parent":46,"menu_order":3,"comment_status":"closed","ping_status":"closed","template":"","meta":{"_acf_changed":false,"footnotes":""},"categories":[],"tags":[208,210,206],"class_list":["post-4345","page","type-page","status-publish","has-post-thumbnail","hentry","tag-bildungsprozesse","tag-kompetenzentwicklung","tag-kooperationsformate"],"translation":{"provider":"WPGlobus","version":"3.0.1","language":"de","enabled_languages":["de","en"],"languages":{"de":{"title":true,"content":true,"excerpt":false},"en":{"title":false,"content":false,"excerpt":false}}},"acf":[],"_links":{"self":[{"href":"https:\/\/spirit.h2.de\/spirit\/wp-json\/wp\/v2\/pages\/4345","targetHints":{"allow":["GET"]}}],"collection":[{"href":"https:\/\/spirit.h2.de\/spirit\/wp-json\/wp\/v2\/pages"}],"about":[{"href":"https:\/\/spirit.h2.de\/spirit\/wp-json\/wp\/v2\/types\/page"}],"author":[{"embeddable":true,"href":"https:\/\/spirit.h2.de\/spirit\/wp-json\/wp\/v2\/users\/7"}],"replies":[{"embeddable":true,"href":"https:\/\/spirit.h2.de\/spirit\/wp-json\/wp\/v2\/comments?post=4345"}],"version-history":[{"count":38,"href":"https:\/\/spirit.h2.de\/spirit\/wp-json\/wp\/v2\/pages\/4345\/revisions"}],"predecessor-version":[{"id":15130,"href":"https:\/\/spirit.h2.de\/spirit\/wp-json\/wp\/v2\/pages\/4345\/revisions\/15130"}],"up":[{"embeddable":true,"href":"https:\/\/spirit.h2.de\/spirit\/wp-json\/wp\/v2\/pages\/46"}],"wp:featuredmedia":[{"embeddable":true,"href":"https:\/\/spirit.h2.de\/spirit\/wp-json\/wp\/v2\/media\/12085"}],"wp:attachment":[{"href":"https:\/\/spirit.h2.de\/spirit\/wp-json\/wp\/v2\/media?parent=4345"}],"wp:term":[{"taxonomy":"category","embeddable":true,"href":"https:\/\/spirit.h2.de\/spirit\/wp-json\/wp\/v2\/categories?post=4345"},{"taxonomy":"post_tag","embeddable":true,"href":"https:\/\/spirit.h2.de\/spirit\/wp-json\/wp\/v2\/tags?post=4345"}],"curies":[{"name":"wp","href":"https:\/\/api.w.org\/{rel}","templated":true}]}}