{"id":17877,"date":"2026-02-19T09:57:49","date_gmt":"2026-02-19T08:57:49","guid":{"rendered":"https:\/\/spirit.h2.de\/spirit\/?page_id=17877"},"modified":"2026-03-03T14:51:58","modified_gmt":"2026-03-03T13:51:58","slug":"techsight","status":"publish","type":"page","link":"https:\/\/spirit.h2.de\/spirit\/projekte\/techsight\/","title":{"rendered":"TECHSIGHT"},"content":{"rendered":"<section class=\"l-section wpb_row height_auto\"><div class=\"l-section-h i-cf\"><div class=\"g-cols vc_row via_grid cols_1 laptops-cols_inherit tablets-cols_inherit mobiles-cols_1 valign_top type_default stacking_default\"><div class=\"wpb_column vc_column_container\"><div class=\"vc_column-inner\"><div class=\"w-separator size_small\"><\/div><div class=\"w-separator size_small\"><\/div><div class=\"w-text us_custom_ccb6e813 has_text_color\"><span class=\"w-text-h\"><span class=\"w-text-value\">TECHSIGHT<\/span><\/span><\/div><div class=\"w-separator size_custom\" style=\"height:0.9rem\"><\/div><div class=\"w-text us_custom_a3fc07dd has_text_color\"><span class=\"w-text-h\"><span class=\"w-text-value\">TECHSIGHT enables future European leadership in the deep tech field.<\/span><\/span><\/div><div class=\"w-separator size_small\"><\/div><div class=\"wpb_column vc_column_container\"><div class=\"vc_column-inner\"><div class=\"w-image has_ratio align_none\"><div class=\"w-image-h\"><div style=\"padding-bottom:47.619%\"><\/div><img decoding=\"async\" width=\"2560\" height=\"2560\" src=\"https:\/\/spirit.h2.de\/spirit\/wp-content\/uploads\/2026\/03\/techsightlogo-sqr-1-scaled.jpg\" class=\"attachment-full size-full\" alt=\"\" loading=\"lazy\" \/><\/div><\/div><\/div><\/div><\/div><\/div><\/div><\/div><\/section><section class=\"l-section wpb_row height_medium\"><div class=\"l-section-h i-cf\"><div class=\"g-cols vc_row via_grid cols_2-1 laptops-cols_inherit tablets-cols_inherit mobiles-cols_1 valign_top type_default stacking_default\" style=\"--columns-gap:5rem;\"><div class=\"wpb_column vc_column_container\"><div class=\"vc_column-inner\"><div class=\"w-text us_custom_b01cd5ea has_text_color\"><span class=\"w-text-h\"><span class=\"w-text-value\">Ausgangslage<\/span><\/span><\/div><div class=\"w-separator size_small\"><\/div><div class=\"wpb_text_column\"><div class=\"wpb_wrapper\"><p>Die \u00fcbergeordnete Aufgabe von TECHSIGHT ist es, europ\u00e4ische Hochschulen durch die Einf\u00fchrung zukunftsweisender Methoden, die Innovation und Unternehmertum f\u00f6rdern, zu globalen Vorreitern im Bereich der Deep-Tech-Innovation zu machen.<\/p>\n<\/div><\/div><div class=\"w-separator size_large\"><\/div><div class=\"w-text us_custom_b01cd5ea has_text_color\"><span class=\"w-text-h\"><span class=\"w-text-value\">Projektidee und Ziele<\/span><\/span><\/div><div class=\"w-separator size_small\"><\/div><div class=\"wpb_text_column\"><div class=\"wpb_wrapper\"><p>TECHSIGHTs langfristige Vision ist die Schaffung eines skalierbaren Modells<br \/>\nf\u00fcr die Entwicklung von Deep-Tech-\u00d6kosystemen, das europ\u00e4ische<br \/>\nHochschulen als Schl\u00fcsselakteure globaler Deep-Tech-F\u00fchrung positioniert.<br \/>\nTECHSIGHT wird Hochschulen bef\u00e4higen, Deep-Tech-Innovationszentren in Sachsen-Anhalt (Deutschland), Guarda (Portugal), Istanbul (T\u00fcrkei), Skopje (Nordmazedonien), Belgrad (Serbien) und Daugavpils (Lettland) zu etablieren und zu leiten.<\/p>\n<p><strong>Link zur offiziellen Projektseite:<br \/>\n<\/strong><a href=\"https:\/\/www.techsightproject.eu\" target=\"\u201d_blank\u201d\" rel=\"noopener\">https:\/\/www.h2.de\/index.php?id=4450<\/a><\/p>\n<\/div><\/div><div class=\"w-separator size_large\"><\/div><\/div><\/div><div class=\"wpb_column vc_column_container\"><div class=\"vc_column-inner\"><div class=\"w-text us_custom_b01cd5ea has_text_color\"><span class=\"w-text-h\"><span class=\"w-text-value\">Eckdaten<\/span><\/span><\/div><div class=\"w-separator size_small\"><\/div><div class=\"w-text us_custom_32940c00 has_text_color\"><span class=\"w-text-h\"><span class=\"w-text-value\">Laufzeit<\/span><\/span><\/div><div class=\"w-separator size_custom\" style=\"height:0.6rem\"><\/div><div class=\"wpb_text_column\"><div class=\"wpb_wrapper\"><p>01.04.2025 &#8211; 30.04.2027<\/p>\n<\/div><\/div><div class=\"w-separator size_small\"><\/div><div class=\"w-text us_custom_32940c00 has_text_color\"><span class=\"w-text-h\"><span class=\"w-text-value\">Projekttragende<\/span><\/span><\/div><div class=\"w-separator size_custom\" style=\"height:0.6rem\"><\/div><div class=\"wpb_text_column\"><div class=\"wpb_wrapper\"><p>EIT: Higher Education Initiative<\/p>\n<\/div><\/div><div class=\"w-separator size_small\"><\/div><div class=\"w-text us_custom_32940c00 has_text_color\"><span class=\"w-text-h\"><span class=\"w-text-value\">F\u00f6rdermittelgebende<\/span><\/span><\/div><div class=\"w-separator size_custom\" style=\"height:0.6rem\"><\/div><div class=\"wpb_text_column\"><div class=\"wpb_wrapper\"><p>Gef\u00f6rdert von der Europ\u00e4ischen Union<\/p>\n<\/div><\/div><div class=\"w-separator size_small\"><\/div><div class=\"w-text us_custom_32940c00 has_text_color\"><span class=\"w-text-h\"><span class=\"w-text-value\">Wissenschaftler*innen:<\/span><\/span><\/div><div class=\"w-separator size_custom\" style=\"height:0.6rem\"><\/div><div class=\"wpb_text_column us_custom_b8973c5f\"><div class=\"wpb_wrapper\"><p><strong>Prof. Dr.- Ing. Michael Herzog<br \/>\n<\/strong>michael.herzog@h2.de<strong><br \/>\n<\/strong><\/p>\n<\/div><\/div><div class=\"wpb_text_column us_custom_b8973c5f\"><div class=\"wpb_wrapper\"><p><b>Dipl. Kfm. Wilfried Rulands<br \/>\n<\/b>wilfried.rulands@h2.de<\/p>\n<\/div><\/div><\/div><\/div><\/div><\/div><\/section><section class=\"l-section wpb_row height_auto\"><div class=\"l-section-h i-cf\"><div class=\"g-cols vc_row via_grid cols_1 laptops-cols_inherit tablets-cols_inherit mobiles-cols_1 valign_top type_default stacking_default\"><div class=\"wpb_column vc_column_container\"><div class=\"vc_column-inner\"><div class=\"w-separator size_small\"><\/div><div class=\"w-text us_custom_b01cd5ea has_text_color\"><span class=\"w-text-h\"><span class=\"w-text-value\">Galerie<\/span><\/span><\/div><div class=\"w-separator size_small\"><\/div><div class=\"w-grid-none type_message\">Es wurden keine Ergebnisse gefunden.<\/div><div class=\"w-separator size_custom\" style=\"height:0.6rem\"><\/div><div class=\"w-separator size_huge\"><\/div><\/div><\/div><\/div><\/div><\/section><section class=\"l-section wpb_row height_custom\"><div class=\"l-section-h i-cf\"><div class=\"g-cols vc_row via_grid cols_1 laptops-cols_inherit tablets-cols_inherit mobiles-cols_1 valign_top type_default stacking_default\"><div class=\"wpb_column vc_column_container\"><div class=\"vc_column-inner\"><\/div><\/div><\/div><\/div><\/section>\n","protected":false},"excerpt":{"rendered":"TECHSIGHTTECHSIGHT enables future European leadership in the deep tech field.AusgangslageDie \u00fcbergeordnete Aufgabe von TECHSIGHT ist es, europ\u00e4ische Hochschulen durch die Einf\u00fchrung zukunftsweisender Methoden, die Innovation und Unternehmertum f\u00f6rdern, zu globalen Vorreitern im Bereich der Deep-Tech-Innovation zu machen. Projektidee und ZieleTECHSIGHTs langfristige Vision ist die Schaffung eines skalierbaren Modells f\u00fcr die Entwicklung von Deep-Tech-\u00d6kosystemen, das europ\u00e4ische...","protected":false},"author":33,"featured_media":17891,"parent":4137,"menu_order":0,"comment_status":"closed","ping_status":"closed","template":"","meta":{"_acf_changed":false,"footnotes":""},"categories":[97,10],"tags":[],"class_list":["post-17877","page","type-page","status-publish","has-post-thumbnail","hentry","category-laufende","category-projects"],"translation":{"provider":"WPGlobus","version":"3.0.1","language":"de","enabled_languages":["de","en"],"languages":{"de":{"title":true,"content":true,"excerpt":false},"en":{"title":false,"content":false,"excerpt":false}}},"acf":[],"_links":{"self":[{"href":"https:\/\/spirit.h2.de\/spirit\/wp-json\/wp\/v2\/pages\/17877","targetHints":{"allow":["GET"]}}],"collection":[{"href":"https:\/\/spirit.h2.de\/spirit\/wp-json\/wp\/v2\/pages"}],"about":[{"href":"https:\/\/spirit.h2.de\/spirit\/wp-json\/wp\/v2\/types\/page"}],"author":[{"embeddable":true,"href":"https:\/\/spirit.h2.de\/spirit\/wp-json\/wp\/v2\/users\/33"}],"replies":[{"embeddable":true,"href":"https:\/\/spirit.h2.de\/spirit\/wp-json\/wp\/v2\/comments?post=17877"}],"version-history":[{"count":5,"href":"https:\/\/spirit.h2.de\/spirit\/wp-json\/wp\/v2\/pages\/17877\/revisions"}],"predecessor-version":[{"id":17893,"href":"https:\/\/spirit.h2.de\/spirit\/wp-json\/wp\/v2\/pages\/17877\/revisions\/17893"}],"up":[{"embeddable":true,"href":"https:\/\/spirit.h2.de\/spirit\/wp-json\/wp\/v2\/pages\/4137"}],"wp:featuredmedia":[{"embeddable":true,"href":"https:\/\/spirit.h2.de\/spirit\/wp-json\/wp\/v2\/media\/17891"}],"wp:attachment":[{"href":"https:\/\/spirit.h2.de\/spirit\/wp-json\/wp\/v2\/media?parent=17877"}],"wp:term":[{"taxonomy":"category","embeddable":true,"href":"https:\/\/spirit.h2.de\/spirit\/wp-json\/wp\/v2\/categories?post=17877"},{"taxonomy":"post_tag","embeddable":true,"href":"https:\/\/spirit.h2.de\/spirit\/wp-json\/wp\/v2\/tags?post=17877"}],"curies":[{"name":"wp","href":"https:\/\/api.w.org\/{rel}","templated":true}]}}