{"id":17673,"date":"2026-01-21T10:18:17","date_gmt":"2026-01-21T09:18:17","guid":{"rendered":"https:\/\/spirit.h2.de\/spirit\/?page_id=17673"},"modified":"2026-02-18T14:46:22","modified_gmt":"2026-02-18T13:46:22","slug":"cmtb26","status":"publish","type":"page","link":"https:\/\/spirit.h2.de\/spirit\/events\/cmtb26\/","title":{"rendered":"CMTB26"},"content":{"rendered":"<section class=\"l-section wpb_row height_auto\"><div class=\"l-section-h i-cf\"><div class=\"g-cols vc_row via_grid cols_1 laptops-cols_inherit tablets-cols_inherit mobiles-cols_1 valign_top type_default stacking_default\"><div class=\"wpb_column vc_column_container\"><div class=\"vc_column-inner\"><div class=\"w-separator size_medium\"><\/div><div class=\"w-separator size_small\"><\/div><div class=\"w-text us_custom_047e52cd has_text_color\"><span class=\"w-text-h\"><span class=\"w-text-value\">From Data to Wellbeing and Innovation<\/span><\/span><\/div><div class=\"w-separator size_custom\" style=\"height:\"><\/div><div class=\"w-text us_custom_1e3145ee has_text_color\"><span class=\"w-text-h\"><span class=\"w-text-value\">#CMTB26 Conference on Management, Technology &amp; Business Innovation<\/span><\/span><\/div><div class=\"w-separator size_small\"><\/div><div class=\"wpb_column vc_column_container\"><div class=\"vc_column-inner\"><div class=\"w-image align_none\"><a href=\"https:\/\/spirit.h2.de\/spirit\/events\/cmtb26\/\" aria-label=\"Leitmotiv with background and h2\" class=\"w-image-h\"><img decoding=\"async\" width=\"1200\" height=\"627\" src=\"https:\/\/spirit.h2.de\/spirit\/wp-content\/uploads\/2026\/01\/Leitmotiv-with-background-and-h2-1280x669.png\" class=\"attachment-large size-large\" alt=\"CMTB2026 Header\" loading=\"lazy\" srcset=\"https:\/\/spirit.h2.de\/spirit\/wp-content\/uploads\/2026\/01\/Leitmotiv-with-background-and-h2-1280x669.png 1280w, https:\/\/spirit.h2.de\/spirit\/wp-content\/uploads\/2026\/01\/Leitmotiv-with-background-and-h2-640x334.png 640w, https:\/\/spirit.h2.de\/spirit\/wp-content\/uploads\/2026\/01\/Leitmotiv-with-background-and-h2-1162x607.png 1162w, https:\/\/spirit.h2.de\/spirit\/wp-content\/uploads\/2026\/01\/Leitmotiv-with-background-and-h2-100x52.png 100w\" sizes=\"auto, (max-width: 1200px) 100vw, 1200px\" \/><\/a><\/div><\/div><\/div><\/div><\/div><\/div><\/div><\/section><section class=\"l-section wpb_row height_medium\"><div class=\"l-section-h i-cf\"><div class=\"g-cols vc_row via_grid cols_2-1 laptops-cols_inherit tablets-cols_inherit mobiles-cols_1 valign_top type_default stacking_default\" style=\"--columns-gap:5rem;\"><div class=\"wpb_column vc_column_container us_custom_3e11d8f8\"><div class=\"vc_column-inner\"><div class=\"w-text us_custom_9942d133 has_text_color\"><span class=\"w-text-h\"><span class=\"w-text-value\">Thank you for joining CMTB 2026 at Magdeburg-Stendal University!<\/span><\/span><\/div><div class=\"w-separator size_small\"><\/div><div class=\"wpb_text_column\"><div class=\"wpb_wrapper\"><p class=\"p1\">On <span class=\"s1\"><b>February 13th, 2026<\/b><\/span>, we hosted the <span class=\"s1\"><b>CMTB Conference 2026 \u2013 Conference on Management, Technology &amp; Business Innovation<\/b><\/span> at <span class=\"s1\"><b>Campus Stendal (Building 3)<\/b><\/span>. Under the theme <span class=\"s1\"><b>\u201cFrom Data to Wellbeing and Innovation\u201d<\/b><\/span>, we explored how data-driven and AI-enabled systems can create real value for people\u2014ranging from healthier workplaces and better learning environments to smarter public services and new business models.<span class=\"Apple-converted-space\">\u00a0 <\/span><span class=\"s2\"><\/span><\/p>\n<p class=\"p1\">A heartfelt <span class=\"s1\"><b>thank you<\/b><\/span> to all speakers, student presenters, poster contributors, jury members, panelists, partners, and our organizing team for making CMTB26 such a vibrant and international day of exchange. In total, we welcomed <span class=\"s1\"><b>77 registered on-site participants<\/b><\/span> and <span class=\"s1\"><b>30 registered online participants<\/b><\/span>.<span class=\"Apple-converted-space\">\u00a0 <\/span><span class=\"s2\"><\/span><\/p>\n<h3><b>Highlights from the day<\/b><\/h3>\n<ul>\n<li>\n<p class=\"p1\"><span class=\"s1\"><b>Keynote by Dr. Martin Stabauer (JKU Linz):<\/b><\/span> <i>\u201cAI Pictures and the Thousand-Word Problem: Exploring User Engagement with AI-Generated Visual News Summaries\u201d<\/i>\u2014a strong opening impulse for discussions on AI, media and user engagement.<span class=\"Apple-converted-space\">\u00a0 <\/span><span class=\"s2\"><\/span><\/p>\n<\/li>\n<li>\n<p class=\"p1\"><b>International Research Project (IRP) presentations<\/b><span class=\"s1\"> featuring student research results from <\/span><b>three countries<\/b><span class=\"s1\">, including topics such as <\/span><b>Urban Digital Twins in Public Administration<\/b><span class=\"s1\">, <\/span><b>Wellbeing by Design (digital fatigue in Microsoft Teams)<\/b><span class=\"s1\">, and <\/span><b>AI Literacy in Higher Education<\/b><span class=\"s1\">.<span class=\"Apple-converted-space\">\u00a0 <\/span><\/span><span class=\"s2\"><\/span><\/p>\n<\/li>\n<li>\n<p class=\"p1\"><b>Student Startup Competition<\/b><span class=\"s1\"> with <\/span><b>two pitch rounds<\/b><span class=\"s1\">: <\/span>Competition I (1st semester) with 8 pitches (e.g., MedVault, Culina, MOBISI, StitchLab\u2026); Competition II (3rd semester + DBM) with 8 more pitches, including the DBM project \u201cEntdeckAR \u2013 the new way to explore a City\u201d, all presented to a high-profile jury from academia, industry and the regional startup ecosystem.<\/p>\n<\/li>\n<li>\n<p class=\"p1\"><b>Coffee &amp; Poster \/ \u201cPoster Madness\u201d<\/b><span class=\"s1\"> with IRP posters from <\/span><b>eight countries<\/b><span class=\"s1\">, plus <\/span><b>SynerKI research posters<\/b><span class=\"s1\">and a <\/span><b>PhD Center consultation desk<\/b><span class=\"s1\">\u2014a great networking and discussion format.<span class=\"Apple-converted-space\">\u00a0 <\/span><\/span><span class=\"s2\"><\/span><\/p>\n<\/li>\n<li>\n<p class=\"p1\"><span class=\"s1\"><b>Panel Discussion:<\/b><\/span> <i>\u201cFrom Classroom to Startup: Careers, Support and What Comes Next?\u201d<\/i> with voices from entrepreneurship practice, regional industry and policy\u2014bridging career paths, ecosystem support and next steps after the pitch.<span class=\"Apple-converted-space\">\u00a0 <\/span><span class=\"s2\"><\/span><\/p>\n<\/li>\n<\/ul>\n<p class=\"p1\">We truly appreciate everyone who contributed their ideas, research, energy and curiosity\u2014CMTB26 was a strong example of international collaboration and innovation at the intersection of <span class=\"s1\"><b>AI, data, education, ethics and entrepreneurship<\/b><\/span>. We look forward to seeing you at the next CMTB!<\/p>\n<p>\u27a1 <strong>Program, Contributors, and Presentation Topics<\/strong>\u00a0<a href=\"https:\/\/docs.google.com\/spreadsheets\/d\/1ijGC4TDx4VJAJ6QH1rw6GST6VbcRlUK3b7JHiov1wyA\/edit?usp=sharing\" target=\"_blank\" rel=\"noopener\"><strong>here<\/strong><\/a>.<\/p>\n<p class=\"p1\">Relive CMTB 2026 in just less than two minutes: keynote moments, international student research, posters, networking\u2014and the energy of our Startup Pitch Competition. Thanks again to everyone who made this day so special!<\/p>\n<\/div><\/div><div class=\"w-separator size_small\"><\/div><div class=\"w-video align_none ratio_16x9 has_iframe\"><div class=\"w-video-h\"><iframe title=\"Youtube video player\" src=\"\/\/www.youtube.com\/embed\/hpQutTcYCzA?autoplay=0&controls=1&origin=https:\/\/spirit.h2.de\/spirit&loop=0&mute=0\" allowfullscreen=\"1\" loading=\"lazy\"><\/iframe><\/div><\/div><div class=\"w-separator size_large\"><\/div><div class=\"w-text us_custom_4a87c4e5 has_text_color\"><span class=\"w-text-h\"><span class=\"w-text-value\">About the CMTB conference series<\/span><\/span><\/div><div class=\"w-separator size_small\"><\/div><div class=\"wpb_text_column\"><div class=\"wpb_wrapper\"><p><span lang=\"EN-US\">In 2026, we changed the name of the #CMTB series to \u00bbConference on <strong>Management, Technology &amp; Business Innovation<\/strong>\u00ab. We recognize the strategic and organizational handover to the <strong>School of Business and Management<\/strong> at h2 University. It should reflect the openness to research and development topics that the deanship and colleagues at our school contribute.<br \/>\nThe CMTB follows the \u00bb<strong>Change MEDIA Transform BUSINESS<\/strong>\u00abformat, which is a continuation of the well-known #TCCM conference series. Since 2012, <strong>Think CROSS &#8211; Change MEDIA<\/strong> has been a meeting place for journalists, press officers, designers, and managers. <\/span><span lang=\"EN-US\">Since 2020, the <strong>Cross Media<\/strong> and <strong>Digital Business Management<\/strong> executive Master&#8217;s programs at Magdeburg-Stendal University of Applied Sciences have jointly organized the #CMTB. Since its beginning, the conference addressed vibrant developments in media, digital business, and innovation.<\/span><\/p>\n<p><span lang=\"EN-US\">A vital part of this conference has been presenting <strong>students&#8216; ideas and research work<\/strong> in an <strong>international context<\/strong>. Collaborative virtual teaching and learning in international student groups developed emergent topics resulting from a research seminar between five to six universities every year. This course attracted up to 100 students each year, included 5 to 10 professors, and brought a variety of topics that younger generations are interested in to the CMTB conference. <\/span><\/p>\n<p><span lang=\"EN-US\">For the TWELFTH time, we invited visitors to discuss and actively contribute to science and practice<\/span><\/p>\n<\/div><\/div><\/div><\/div><div class=\"wpb_column vc_column_container\"><div class=\"vc_column-inner\"><div class=\"w-text us_custom_8d73a0d8 has_text_color\"><span class=\"w-text-h\"><span class=\"w-text-value\">Organization<\/span><\/span><\/div><div class=\"w-separator size_small\"><\/div><div class=\"w-text us_custom_905cbbe0 has_text_color\"><span class=\"w-text-h\"><span class=\"w-text-value\">Date and time<\/span><\/span><\/div><div class=\"w-separator size_custom\" style=\"height:0.6rem\"><\/div><div class=\"wpb_text_column us_custom_2a2c7a2a\"><div class=\"wpb_wrapper\"><p><strong>February 13th, 2026, 9:30 am to 19:30 pm<\/strong><\/p>\n<\/div><\/div><div class=\"w-separator size_small\"><\/div><div class=\"w-text us_custom_905cbbe0 has_text_color\"><span class=\"w-text-h\"><span class=\"w-text-value\">Location<\/span><\/span><\/div><div class=\"wpb_text_column us_custom_b8973c5f\"><div class=\"wpb_wrapper\"><p>Magdeburg-Stendal University<br \/>\nCampus <strong>Stendal<\/strong>, Building 3, <strong>Audimax<\/strong><br \/>\nOsterburger Str. 25, Stendal<br \/>\n<strong>Online<\/strong> Participation via Zoom.<br \/>\n<a href=\"https:\/\/www.eventbrite.com\/e\/cmtb-2026-conference-on-management-technology-business-innovation-tickets-1981090707636\">REGISTRATION<\/a> NEEDED!<\/p>\n<\/div><\/div><div class=\"w-separator size_custom\" style=\"height:0.6rem\"><\/div><div class=\"w-separator size_small\"><\/div><div class=\"w-text us_custom_905cbbe0 has_text_color\"><span class=\"w-text-h\"><span class=\"w-text-value\">Program committee<\/span><\/span><\/div><div class=\"w-separator size_custom\" style=\"height:0.6rem\"><\/div><div class=\"wpb_text_column us_custom_b8973c5f\"><div class=\"wpb_wrapper\"><p><strong>Frances Ruch<br \/>\nArmgard von Bonin<br \/>\nDaniel Nauck<br \/>\nProf. Dr.-Ing. Michael A. Herzog<br \/>\nProf. Dr. Torsten Heitjans<br \/>\n<\/strong>Magdeburg-Stendal University<br \/>\n<strong>Dr. Martin Stabauer<\/strong><br \/>\nJohannes Kepler University Linz, Austria<br \/>\n<strong>Prof. Zuzana Kubincov\u00e1, Ph.D.<\/strong><br \/>\nComenius University Bratislava, Slovakia<br \/>\n<strong>Prof. Mar\u00eda Jos\u00e9 Hern\u00e1ndez Serrano, Ph.D.<\/strong><br \/>\nUniversity of Salamanca, Spain<br \/>\n<strong>Prof. Vladimir Trajkovikj, Ph.D.<br \/>\n<\/strong>Ss Cyril and Methodius University Skopje, N.Macedonia<\/p>\n<\/div><\/div><div class=\"w-separator size_small\"><\/div><div class=\"w-text us_custom_905cbbe0 has_text_color\"><span class=\"w-text-h\"><span class=\"w-text-value\">Conference Team<\/span><\/span><\/div><div class=\"w-separator size_custom\" style=\"height:0.6rem\"><\/div><div class=\"wpb_text_column us_custom_b8973c5f\"><div class=\"wpb_wrapper\"><p class=\"p1\"><strong>Rahel P\u00fcst<\/strong> (Technik)<strong><br \/>\nWilfried Rulands <\/strong>(Orga)<strong><br \/>\n<\/strong><strong>Nils Suhr <\/strong>(Grafik)<strong><br \/>\nMax Schumayer<\/strong> (Video)<strong><br \/>\n<\/strong><strong>Klaus Magarin <\/strong>(Support)<strong><br \/>\n<\/strong><strong>Alessandra K\u00fcmmel <\/strong>(Design)<strong><br \/>\nJan-Philipp Winkler<\/strong> (Grafik)<br \/>\n<strong>Dr. Elke M\u00e4hlitz-Galler<\/strong><br \/>\n<strong>Victoria Batz<br \/>\nNina Schmulius<\/strong><strong><br \/>\n<\/strong><strong>Nadine Wegmeyer<br \/>\n<\/strong>Magdeburg-Stendal University<\/p>\n<\/div><\/div><div class=\"w-separator size_small\"><\/div><div class=\"w-text us_custom_905cbbe0 has_text_color\"><span class=\"w-text-h\"><span class=\"w-text-value\">Scientific Jury<\/span><\/span><\/div><div class=\"w-separator size_custom\" style=\"height:0.6rem\"><\/div><div class=\"wpb_text_column us_custom_b8973c5f\"><div class=\"wpb_wrapper\"><p>\ud83c\udfc6 Best Presentation \ud83c\udfc6 Best Poster<br \/>\n<strong>Prof. Zuzana Kubincov\u00e1 Ph.D.<br \/>\n<\/strong>Comenius University Bratislava<strong><br \/>\nProf. Vladimir Trajkovikj Ph.D.<br \/>\n<\/strong>UKIM Skopje<strong><br \/>\nDr. Martin Stabauer<br \/>\n<\/strong>JKU Linz\u2028<strong><br \/>\n<\/strong><strong>Prof. Mar\u00eda Jos\u00e9 Hern\u00e1ndez Serrano Ph.D.<br \/>\n<\/strong>University of Salamanca<strong><br \/>\nDr. Ursula Niederl\u00e4nder<br \/>\n<\/strong>JKU Linz<br \/>\n<strong>Victoria Batz<\/strong><br \/>\nMagdeburg-Stendal University<\/p>\n<\/div><\/div><div class=\"w-separator size_small\"><\/div><div class=\"w-text us_custom_905cbbe0 has_text_color\"><span class=\"w-text-h\"><span class=\"w-text-value\">StartUp Competition Jury<\/span><\/span><\/div><div class=\"w-separator size_custom\" style=\"height:0.6rem\"><\/div><div class=\"wpb_text_column us_custom_b8973c5f\"><div class=\"wpb_wrapper\"><p><strong>\ud83c\udfc6<\/strong> Best StartUp Team<strong><br \/>\nFlorian Brody<\/strong><br \/>\nEntrepreneur and Business Coach with 30 years of Silicon Valley Experience<br \/>\n<strong>Prof. Dr. Torsten Heitjans<\/strong><br \/>\nFounder and Program Director MEsIM<br \/>\n<strong>Daniel Nauck<br \/>\n<\/strong>Entrepreneur and Program Developer<br \/>\n<strong>Wilfried Rulands<br \/>\n<\/strong>EU HEIT TECHSIGHT Project<br \/>\n<strong>Fridolin Franke<br \/>\n<\/strong>GreenTech &amp; Circular Economy Business Builder<\/p>\n<\/div><\/div><div class=\"w-separator size_small\"><\/div><div class=\"w-text us_custom_905cbbe0 has_text_color\"><span class=\"w-text-h\"><span class=\"w-text-value\">Steering committee<\/span><\/span><\/div><div class=\"w-separator size_custom\" style=\"height:0.6rem\"><\/div><div class=\"wpb_text_column us_custom_b8973c5f\"><div class=\"wpb_wrapper\"><p><strong>Prof. Dr.-Ing. Michael A. Herzog<br \/>\nProf. Dr.-Ing. Fabian Behrendt<br \/>\n<\/strong>Magdeburg-Stendal University<\/p>\n<\/div><\/div><div class=\"w-separator size_small\"><\/div><div class=\"w-text us_custom_905cbbe0 has_text_color\"><span class=\"w-text-h\"><span class=\"w-text-value\">Contact<\/span><\/span><\/div><div class=\"w-separator size_custom\" style=\"height:0.6rem\"><\/div><div class=\"wpb_text_column us_custom_b8973c5f\"><div class=\"wpb_wrapper\"><p>email: <a href=\"mailto:spirit@h2.de\">spirit@h2.de<\/a><\/p>\n<\/div><\/div><div class=\"w-separator size_small\"><\/div><div class=\"w-image align_none\"><a href=\"https:\/\/techsightproject.eu\" aria-label=\"TECHSIGHT-logo\" class=\"w-image-h\"><img decoding=\"async\" width=\"372\" height=\"132\" src=\"https:\/\/spirit.h2.de\/spirit\/wp-content\/uploads\/2026\/01\/TECHSIGHT-logo.png\" class=\"attachment-large size-large\" alt=\"\" loading=\"lazy\" srcset=\"https:\/\/spirit.h2.de\/spirit\/wp-content\/uploads\/2026\/01\/TECHSIGHT-logo.png 372w, https:\/\/spirit.h2.de\/spirit\/wp-content\/uploads\/2026\/01\/TECHSIGHT-logo-100x35.png 100w\" sizes=\"auto, (max-width: 372px) 100vw, 372px\" \/><\/a><\/div><div class=\"w-image align_none\"><div class=\"w-image-h\"><img decoding=\"async\" width=\"1200\" height=\"184\" src=\"https:\/\/spirit.h2.de\/spirit\/wp-content\/uploads\/2026\/01\/Header-HEIT-1280x196.png\" class=\"attachment-large size-large\" alt=\"Header HEIT\" loading=\"lazy\" srcset=\"https:\/\/spirit.h2.de\/spirit\/wp-content\/uploads\/2026\/01\/Header-HEIT-1280x196.png 1280w, https:\/\/spirit.h2.de\/spirit\/wp-content\/uploads\/2026\/01\/Header-HEIT-640x98.png 640w, https:\/\/spirit.h2.de\/spirit\/wp-content\/uploads\/2026\/01\/Header-HEIT-100x15.png 100w\" sizes=\"auto, (max-width: 1200px) 100vw, 1200px\" \/><\/div><\/div><div class=\"w-image align_none\"><div class=\"w-image-h\"><img decoding=\"async\" width=\"1200\" height=\"413\" src=\"https:\/\/spirit.h2.de\/spirit\/wp-content\/uploads\/2026\/02\/Logo_HS_abgestimmt-1280x441.png\" class=\"attachment-large size-large\" alt=\"\" loading=\"lazy\" srcset=\"https:\/\/spirit.h2.de\/spirit\/wp-content\/uploads\/2026\/02\/Logo_HS_abgestimmt-1280x441.png 1280w, https:\/\/spirit.h2.de\/spirit\/wp-content\/uploads\/2026\/02\/Logo_HS_abgestimmt-640x220.png 640w, https:\/\/spirit.h2.de\/spirit\/wp-content\/uploads\/2026\/02\/Logo_HS_abgestimmt-100x34.png 100w, https:\/\/spirit.h2.de\/spirit\/wp-content\/uploads\/2026\/02\/Logo_HS_abgestimmt.png 1568w\" sizes=\"auto, (max-width: 1200px) 100vw, 1200px\" \/><\/div><\/div><div class=\"w-image align_none\"><div class=\"w-image-h\"><img decoding=\"async\" width=\"1200\" height=\"402\" src=\"https:\/\/spirit.h2.de\/spirit\/wp-content\/uploads\/2026\/01\/ST_EU_Finanziert_4c-1280x429.jpg\" class=\"attachment-large size-large\" alt=\"\" loading=\"lazy\" srcset=\"https:\/\/spirit.h2.de\/spirit\/wp-content\/uploads\/2026\/01\/ST_EU_Finanziert_4c-1280x429.jpg 1280w, https:\/\/spirit.h2.de\/spirit\/wp-content\/uploads\/2026\/01\/ST_EU_Finanziert_4c-640x214.jpg 640w, https:\/\/spirit.h2.de\/spirit\/wp-content\/uploads\/2026\/01\/ST_EU_Finanziert_4c-100x34.jpg 100w\" sizes=\"auto, (max-width: 1200px) 100vw, 1200px\" \/><\/div><\/div><\/div><\/div><\/div><\/div><\/section><section class=\"l-section wpb_row height_auto\"><div class=\"l-section-h i-cf\"><div class=\"g-cols vc_row via_grid cols_1 laptops-cols_inherit tablets-cols_inherit mobiles-cols_1 valign_top type_default stacking_default\"><div class=\"wpb_column vc_column_container\"><div class=\"vc_column-inner\"><div class=\"w-separator size_small\"><\/div><div class=\"w-text us_custom_4a87c4e5 has_text_color\"><span class=\"w-text-h\"><span class=\"w-text-value\">Gallery<\/span><\/span><\/div><div class=\"w-separator size_small\"><\/div><div class=\"w-grid-none type_message\">Es wurden keine Ergebnisse gefunden.<\/div><div class=\"w-separator size_custom\" style=\"height:0.6rem\"><\/div><div class=\"w-separator size_huge\"><\/div><\/div><\/div><\/div><\/div><\/section><section class=\"l-section wpb_row height_custom\"><div class=\"l-section-h i-cf\"><div class=\"g-cols vc_row via_grid cols_1 laptops-cols_inherit tablets-cols_inherit mobiles-cols_1 valign_top type_default stacking_default\"><div class=\"wpb_column vc_column_container\"><div class=\"vc_column-inner\"><\/div><\/div><\/div><\/div><\/section>\n","protected":false},"excerpt":{"rendered":"From Data to Wellbeing and Innovation#CMTB26 Conference on Management, Technology &amp; Business InnovationThank you for joining CMTB 2026 at Magdeburg-Stendal University!On February 13th, 2026, we hosted the CMTB Conference 2026 \u2013 Conference on Management, Technology &amp; Business Innovation at Campus Stendal (Building 3). Under the theme \u201cFrom Data to Wellbeing and Innovation\u201d, we explored how...","protected":false},"author":22,"featured_media":0,"parent":4143,"menu_order":0,"comment_status":"closed","ping_status":"closed","template":"","meta":{"_acf_changed":false,"footnotes":""},"categories":[109],"tags":[],"class_list":["post-17673","page","type-page","status-publish","hentry","category-events"],"translation":{"provider":"WPGlobus","version":"3.0.1","language":"de","enabled_languages":["de","en"],"languages":{"de":{"title":true,"content":true,"excerpt":false},"en":{"title":false,"content":false,"excerpt":false}}},"acf":[],"_links":{"self":[{"href":"https:\/\/spirit.h2.de\/spirit\/wp-json\/wp\/v2\/pages\/17673","targetHints":{"allow":["GET"]}}],"collection":[{"href":"https:\/\/spirit.h2.de\/spirit\/wp-json\/wp\/v2\/pages"}],"about":[{"href":"https:\/\/spirit.h2.de\/spirit\/wp-json\/wp\/v2\/types\/page"}],"author":[{"embeddable":true,"href":"https:\/\/spirit.h2.de\/spirit\/wp-json\/wp\/v2\/users\/22"}],"replies":[{"embeddable":true,"href":"https:\/\/spirit.h2.de\/spirit\/wp-json\/wp\/v2\/comments?post=17673"}],"version-history":[{"count":63,"href":"https:\/\/spirit.h2.de\/spirit\/wp-json\/wp\/v2\/pages\/17673\/revisions"}],"predecessor-version":[{"id":17870,"href":"https:\/\/spirit.h2.de\/spirit\/wp-json\/wp\/v2\/pages\/17673\/revisions\/17870"}],"up":[{"embeddable":true,"href":"https:\/\/spirit.h2.de\/spirit\/wp-json\/wp\/v2\/pages\/4143"}],"wp:attachment":[{"href":"https:\/\/spirit.h2.de\/spirit\/wp-json\/wp\/v2\/media?parent=17673"}],"wp:term":[{"taxonomy":"category","embeddable":true,"href":"https:\/\/spirit.h2.de\/spirit\/wp-json\/wp\/v2\/categories?post=17673"},{"taxonomy":"post_tag","embeddable":true,"href":"https:\/\/spirit.h2.de\/spirit\/wp-json\/wp\/v2\/tags?post=17673"}],"curies":[{"name":"wp","href":"https:\/\/api.w.org\/{rel}","templated":true}]}}