{"id":15907,"date":"2025-02-11T13:06:46","date_gmt":"2025-02-11T12:06:46","guid":{"rendered":"https:\/\/spirit.h2.de\/spirit\/?page_id=15907"},"modified":"2025-02-25T14:01:33","modified_gmt":"2025-02-25T13:01:33","slug":"niklas-gemkow","status":"publish","type":"page","link":"https:\/\/spirit.h2.de\/spirit\/officials\/niklas-gemkow\/","title":{"rendered":"Niklas Gemkow"},"content":{"rendered":"<section class=\"l-section wpb_row height_auto\"><div class=\"l-section-h i-cf\"><div class=\"g-cols vc_row via_grid cols_2-1 laptops-cols_inherit tablets-cols_inherit mobiles-cols_1 valign_top type_default stacking_default\"><div class=\"wpb_column vc_column_container\"><div class=\"vc_column-inner\"><div class=\"w-separator size_medium\"><\/div><div class=\"w-text us_custom_047e52cd has_text_color\"><span class=\"w-text-h\"><span class=\"w-text-value\">Niklas Gemkow<\/span><\/span><\/div><div class=\"w-separator size_medium\"><\/div><div class=\"g-cols wpb_row via_grid cols_5 laptops-cols_inherit tablets-cols_inherit mobiles-cols_4 valign_top type_default stacking_default\" style=\"--columns-gap:3rem;\"><div class=\"wpb_column vc_column_container\"><div class=\"vc_column-inner\"><div class=\"w-socials us_custom_91f06cd3 color_link shape_none\" style=\"--gap:1.8em;\"><div class=\"w-socials-list\"><div class=\"w-socials-item email\"><a href=\"mailto:niklas.gemkow@googlemail.com\" class=\"w-socials-item-link\" aria-label=\"E-Mail-Adresse\"><span class=\"w-socials-item-link-hover\"><\/span><i class=\"fas fa-envelope\"><\/i><\/a><div class=\"w-socials-item-popup\"><span>E-Mail-Adresse<\/span><\/div><\/div><\/div><\/div><\/div><\/div><div class=\"wpb_column vc_column_container\"><div class=\"vc_column-inner\"><\/div><\/div><div class=\"wpb_column vc_column_container\"><div class=\"vc_column-inner\"><\/div><\/div><\/div><div class=\"w-separator size_small\"><\/div><\/div><\/div><div class=\"wpb_column vc_column_container\"><div class=\"vc_column-inner\"><\/div><\/div><\/div><\/div><\/section><section class=\"l-section wpb_row height_small\"><div class=\"l-section-overlay\" style=\"background:rgba(255,255,255,0.25)\"><\/div><div class=\"l-section-h i-cf\"><div class=\"g-cols vc_row via_grid cols_1-2 laptops-cols_inherit tablets-cols_inherit mobiles-cols_1 valign_top type_default stacking_default\"><div class=\"wpb_column vc_column_container\"><div class=\"vc_column-inner\"><div class=\"w-image has_ratio align_none\"><div class=\"w-image-h\"><div style=\"padding-bottom:100%\"><\/div><img decoding=\"async\" width=\"2560\" height=\"2560\" src=\"https:\/\/spirit.h2.de\/spirit\/wp-content\/uploads\/2025\/02\/Niklas-Gemkow-Profilbild-scaled.jpg\" class=\"attachment-full size-full\" alt=\"\" loading=\"lazy\" \/><\/div><\/div><\/div><\/div><div class=\"wpb_column vc_column_container\"><div class=\"vc_column-inner\"><div class=\"wpb_text_column\"><div class=\"wpb_wrapper\"><p><strong><span>Niklas Gemkow<\/span><\/strong> ist Masterstudent im Studiengang Engineering Design an der Hochschule Magdeburg Stendal und begeistert sich f\u00fcr nachhaltige Innovationen und technische Produkte. Als leidenschaftlicher 3D-Modellierer nutzt er verschiedene Ans\u00e4tze, um funktionale und \u00e4sthetische Designs und Produkte zu erschaffen. Mit der Arbeit in der Forschungsgruppe SPiRIT verbindet er technisches Know-how mit einer nachhaltigen Vision zum Wohl des Umweltschutzes.<\/p>\n<\/div><\/div><\/div><\/div><\/div><\/div><\/section><section class=\"l-section wpb_row height_custom\"><div class=\"l-section-h i-cf\"><div class=\"g-cols vc_row via_grid cols_1 laptops-cols_inherit tablets-cols_inherit mobiles-cols_1 valign_top type_default stacking_default\"><div class=\"wpb_column vc_column_container\"><div class=\"vc_column-inner\"><div class=\"w-separator size_medium\"><\/div><\/div><\/div><\/div><\/div><\/section>\n","protected":false},"excerpt":{"rendered":"{:de}Niklas GemkowE-Mail-AdresseNiklas Gemkow ist Masterstudent im Studiengang Engineering Design an der Hochschule Magdeburg Stendal und begeistert sich f\u00fcr nachhaltige Innovationen und technische Produkte. Als leidenschaftlicher 3D-Modellierer nutzt er verschiedene Ans\u00e4tze, um funktionale und \u00e4sthetische Designs und Produkte zu erschaffen. Mit der Arbeit in der Forschungsgruppe SPiRIT verbindet er technisches Know-how mit einer nachhaltigen Vision zum...","protected":false},"author":5,"featured_media":16010,"parent":46,"menu_order":0,"comment_status":"closed","ping_status":"closed","template":"","meta":{"_acf_changed":false,"footnotes":""},"categories":[89],"tags":[236,233,234],"class_list":["post-15907","page","type-page","status-publish","has-post-thumbnail","hentry","category-studentische-mitarbeiter","tag-3d-druck","tag-3d-modellierung","tag-engineering-design"],"translation":{"provider":"WPGlobus","version":"3.0.1","language":"de","enabled_languages":["de","en"],"languages":{"de":{"title":true,"content":true,"excerpt":false},"en":{"title":false,"content":true,"excerpt":false}}},"acf":[],"_links":{"self":[{"href":"https:\/\/spirit.h2.de\/spirit\/wp-json\/wp\/v2\/pages\/15907","targetHints":{"allow":["GET"]}}],"collection":[{"href":"https:\/\/spirit.h2.de\/spirit\/wp-json\/wp\/v2\/pages"}],"about":[{"href":"https:\/\/spirit.h2.de\/spirit\/wp-json\/wp\/v2\/types\/page"}],"author":[{"embeddable":true,"href":"https:\/\/spirit.h2.de\/spirit\/wp-json\/wp\/v2\/users\/5"}],"replies":[{"embeddable":true,"href":"https:\/\/spirit.h2.de\/spirit\/wp-json\/wp\/v2\/comments?post=15907"}],"version-history":[{"count":21,"href":"https:\/\/spirit.h2.de\/spirit\/wp-json\/wp\/v2\/pages\/15907\/revisions"}],"predecessor-version":[{"id":16078,"href":"https:\/\/spirit.h2.de\/spirit\/wp-json\/wp\/v2\/pages\/15907\/revisions\/16078"}],"up":[{"embeddable":true,"href":"https:\/\/spirit.h2.de\/spirit\/wp-json\/wp\/v2\/pages\/46"}],"wp:featuredmedia":[{"embeddable":true,"href":"https:\/\/spirit.h2.de\/spirit\/wp-json\/wp\/v2\/media\/16010"}],"wp:attachment":[{"href":"https:\/\/spirit.h2.de\/spirit\/wp-json\/wp\/v2\/media?parent=15907"}],"wp:term":[{"taxonomy":"category","embeddable":true,"href":"https:\/\/spirit.h2.de\/spirit\/wp-json\/wp\/v2\/categories?post=15907"},{"taxonomy":"post_tag","embeddable":true,"href":"https:\/\/spirit.h2.de\/spirit\/wp-json\/wp\/v2\/tags?post=15907"}],"curies":[{"name":"wp","href":"https:\/\/api.w.org\/{rel}","templated":true}]}}