{"id":14648,"date":"2025-02-11T15:25:20","date_gmt":"2025-02-11T14:25:20","guid":{"rendered":"https:\/\/spirit.h2.de\/spirit\/?page_id=14648"},"modified":"2025-02-21T07:03:11","modified_gmt":"2025-02-21T06:03:11","slug":"stefan-puest","status":"publish","type":"page","link":"https:\/\/spirit.h2.de\/spirit\/officials\/stefan-puest\/","title":{"rendered":"Stefan P\u00fcst"},"content":{"rendered":"<section class=\"l-section wpb_row height_small\"><div class=\"l-section-h i-cf\"><div class=\"g-cols vc_row via_grid cols_2-1 laptops-cols_inherit tablets-cols_inherit mobiles-cols_1 valign_top type_default stacking_default\"><div class=\"wpb_column vc_column_container\"><div class=\"vc_column-inner\"><div class=\"w-text us_custom_047e52cd has_text_color\"><span class=\"w-text-h\"><span class=\"w-text-value\">Stefan P\u00fcst<\/span><\/span><\/div><div class=\"w-separator size_medium\"><\/div><div class=\"g-cols wpb_row via_grid cols_5 laptops-cols_inherit tablets-cols_inherit mobiles-cols_4 valign_top type_default stacking_default\" style=\"--columns-gap:3rem;\"><div class=\"wpb_column vc_column_container\"><div class=\"vc_column-inner\"><div class=\"w-socials us_custom_91f06cd3 color_link shape_none\" style=\"--gap:1.8em;\"><div class=\"w-socials-list\"><div class=\"w-socials-item email\"><a target=\"_blank\" rel=\"nofollow\" href=\"stefan.p\u00fcst@h2.de\" class=\"w-socials-item-link\" aria-label=\"E-Mail-Adresse\"><span class=\"w-socials-item-link-hover\"><\/span><i class=\"fas fa-envelope\"><\/i><\/a><div class=\"w-socials-item-popup\"><span>E-Mail-Adresse<\/span><\/div><\/div><\/div><\/div><\/div><\/div><div class=\"wpb_column vc_column_container\"><div class=\"vc_column-inner\"><div class=\"w-socials us_custom_91f06cd3 color_link shape_none\" style=\"--gap:1.8em;\"><div class=\"w-socials-list\"><div class=\"w-socials-item custom\"><a target=\"_blank\" rel=\"nofollow\" href=\"https:\/\/www.researchgate.net\/profile\/Stefan-Puest\" class=\"w-socials-item-link\" aria-label=\"Titel\"><span class=\"w-socials-item-link-hover\" style=\"background:var(--color-content-faded);\"><\/span><i class=\"fab fa-researchgate\"><\/i><\/a><div class=\"w-socials-item-popup\"><span>Titel<\/span><\/div><\/div><\/div><\/div><\/div><\/div><div class=\"wpb_column vc_column_container\"><div class=\"vc_column-inner\"><\/div><\/div><div class=\"wpb_column vc_column_container\"><div class=\"vc_column-inner\"><\/div><\/div><div class=\"wpb_column vc_column_container\"><div class=\"vc_column-inner\"><\/div><\/div><\/div><div class=\"w-separator size_small\"><\/div><\/div><\/div><div class=\"wpb_column vc_column_container\"><div class=\"vc_column-inner\"><\/div><\/div><\/div><\/div><\/section><section class=\"l-section wpb_row height_custom\"><div class=\"l-section-h i-cf\"><div class=\"g-cols vc_row via_grid cols_1 laptops-cols_inherit tablets-cols_inherit mobiles-cols_1 valign_top type_default stacking_default\"><div class=\"wpb_column vc_column_container\"><div class=\"vc_column-inner\"><div class=\"wpb_text_column\"><div class=\"wpb_wrapper\"><p class=\"p1\"><strong>Stefan P\u00fcst<\/strong> ist wissenschaftlicher Mitarbeiter im MusiGeNuM-Projekt, das die Herausforderungen der Digitalisierung in Musikschulen erforscht. Gemeinsam mit einem interdisziplin\u00e4ren Team untersucht er, wie traditionelle Musikausbildungsmethoden durch digitale Unterst\u00fctzung optimiert werden k\u00f6nnen. Im Fokus steht die Entwicklung von Lernszenarien, die das musikalische Lernen \u2013 insbesondere das Notenlesen \u2013 effektiver gestalten. Durch den Einsatz von Eye-Tracking werden Erfolgsstrategien beim Notenlesen und Blattspielen analysiert, um diese Erkenntnisse gezielt in die Musikschul- und \u00dcbepraxis zu integrieren. Das MusiGeNuM-Projekt f\u00f6rdert Chancengleichheit und Bildungsgerechtigkeit in der musikalischen Ausbildung und erforscht die Rolle digitaler Kompetenzen von Sch\u00fcler:innen und Lehrkr\u00e4ften, um die Selbstwirksamkeit im Instrumental- und Vokalunterricht zu st\u00e4rken.<\/p>\n<p class=\"p1\">Stefan P\u00fcst hat einen B.Sc. in Informatik und einen M.Sc. in Digitale Medien von der Technischen Hochschule Brandenburg. Zuvor arbeitete er als App-Entwickler und war als IT-Administrator an der Filmuniversit\u00e4t Babelsberg KONRAD WOLF t\u00e4tig. Anschlie\u00dfend wechselte er als wissenschaftlicher Mitarbeiter in den Studiengang Creative Technologies der Filmuniversit\u00e4t Babelsberg KONRAD WOLF, wo er Lehrveranstaltungen zu Physical Computing und Machine Learning verantwortete. Danach war er als Softwareentwickler f\u00fcr ein Unternehmen im Bereich medizinischer Augen-Diagnoseger\u00e4te t\u00e4tig, bevor er im Mai 2024 seine T\u00e4tigkeit im MusiGeNuM-Projekt aufnahm.<\/p>\n<\/div><\/div><\/div><\/div><\/div><\/div><\/section>\n","protected":false},"excerpt":{"rendered":"{:de}Stefan P\u00fcstE-Mail-AdresseTitelStefan P\u00fcst ist wissenschaftlicher Mitarbeiter im MusiGeNuM-Projekt, das die Herausforderungen der Digitalisierung in Musikschulen erforscht. Gemeinsam mit einem interdisziplin\u00e4ren Team untersucht er, wie traditionelle Musikausbildungsmethoden durch digitale Unterst\u00fctzung optimiert werden k\u00f6nnen. Im Fokus steht die Entwicklung von Lernszenarien, die das musikalische Lernen \u2013 insbesondere das Notenlesen \u2013 effektiver gestalten. Durch den Einsatz von Eye-Tracking...","protected":false},"author":19,"featured_media":12212,"parent":46,"menu_order":0,"comment_status":"closed","ping_status":"closed","template":"","meta":{"_acf_changed":false,"footnotes":""},"categories":[],"tags":[],"class_list":["post-14648","page","type-page","status-publish","has-post-thumbnail","hentry"],"translation":{"provider":"WPGlobus","version":"3.0.1","language":"de","enabled_languages":["de","en"],"languages":{"de":{"title":true,"content":true,"excerpt":false},"en":{"title":false,"content":true,"excerpt":false}}},"acf":[],"_links":{"self":[{"href":"https:\/\/spirit.h2.de\/spirit\/wp-json\/wp\/v2\/pages\/14648","targetHints":{"allow":["GET"]}}],"collection":[{"href":"https:\/\/spirit.h2.de\/spirit\/wp-json\/wp\/v2\/pages"}],"about":[{"href":"https:\/\/spirit.h2.de\/spirit\/wp-json\/wp\/v2\/types\/page"}],"author":[{"embeddable":true,"href":"https:\/\/spirit.h2.de\/spirit\/wp-json\/wp\/v2\/users\/19"}],"replies":[{"embeddable":true,"href":"https:\/\/spirit.h2.de\/spirit\/wp-json\/wp\/v2\/comments?post=14648"}],"version-history":[{"count":7,"href":"https:\/\/spirit.h2.de\/spirit\/wp-json\/wp\/v2\/pages\/14648\/revisions"}],"predecessor-version":[{"id":16002,"href":"https:\/\/spirit.h2.de\/spirit\/wp-json\/wp\/v2\/pages\/14648\/revisions\/16002"}],"up":[{"embeddable":true,"href":"https:\/\/spirit.h2.de\/spirit\/wp-json\/wp\/v2\/pages\/46"}],"wp:featuredmedia":[{"embeddable":true,"href":"https:\/\/spirit.h2.de\/spirit\/wp-json\/wp\/v2\/media\/12212"}],"wp:attachment":[{"href":"https:\/\/spirit.h2.de\/spirit\/wp-json\/wp\/v2\/media?parent=14648"}],"wp:term":[{"taxonomy":"category","embeddable":true,"href":"https:\/\/spirit.h2.de\/spirit\/wp-json\/wp\/v2\/categories?post=14648"},{"taxonomy":"post_tag","embeddable":true,"href":"https:\/\/spirit.h2.de\/spirit\/wp-json\/wp\/v2\/tags?post=14648"}],"curies":[{"name":"wp","href":"https:\/\/api.w.org\/{rel}","templated":true}]}}