{"id":14628,"date":"2024-09-19T10:11:03","date_gmt":"2024-09-19T08:11:03","guid":{"rendered":"https:\/\/spirit.h2.de\/spirit\/?page_id=14628"},"modified":"2024-09-20T09:42:25","modified_gmt":"2024-09-20T07:42:25","slug":"parisa-hendi","status":"publish","type":"page","link":"https:\/\/spirit.h2.de\/spirit\/officials\/parisa-hendi\/","title":{"rendered":"Parisa Hendi"},"content":{"rendered":"<section class=\"l-section wpb_row height_small\"><div class=\"l-section-h i-cf\"><div class=\"g-cols vc_row via_grid cols_2-1 laptops-cols_inherit tablets-cols_inherit mobiles-cols_1 valign_top type_default stacking_default\"><div class=\"wpb_column vc_column_container\"><div class=\"vc_column-inner\"><div class=\"w-text us_custom_047e52cd has_text_color\"><span class=\"w-text-h\"><span class=\"w-text-value\">M.A. Parisa Hendi<\/span><\/span><\/div><div class=\"w-separator size_medium\"><\/div><div class=\"g-cols wpb_row via_grid cols_5 laptops-cols_inherit tablets-cols_inherit mobiles-cols_4 valign_top type_default stacking_default\" style=\"--columns-gap:3rem;\"><div class=\"wpb_column vc_column_container\"><div class=\"vc_column-inner\"><div class=\"w-socials us_custom_91f06cd3 color_link shape_none\" style=\"--gap:1.8em;\"><div class=\"w-socials-list\"><div class=\"w-socials-item email\"><a href=\"mailto:parisa.hendi@h2.de\" class=\"w-socials-item-link\" aria-label=\"E-Mail-Adresse\"><span class=\"w-socials-item-link-hover\"><\/span><i class=\"fas fa-envelope\"><\/i><\/a><div class=\"w-socials-item-popup\"><span>E-Mail-Adresse<\/span><\/div><\/div><\/div><\/div><\/div><\/div><div class=\"wpb_column vc_column_container\"><div class=\"vc_column-inner\"><div class=\"w-socials us_custom_91f06cd3 color_link shape_none\" style=\"--gap:1.8em;\"><div class=\"w-socials-list\"><div class=\"w-socials-item linkedin\"><a target=\"_blank\" rel=\"nofollow\" href=\"https:\/\/www.linkedin.com\/in\/parisa-hendi-63408384\/\" class=\"w-socials-item-link\" aria-label=\"LinkedIn\"><span class=\"w-socials-item-link-hover\"><\/span><i class=\"fab fa-linkedin\"><\/i><\/a><div class=\"w-socials-item-popup\"><span>LinkedIn<\/span><\/div><\/div><\/div><\/div><\/div><\/div><div class=\"wpb_column vc_column_container\"><div class=\"vc_column-inner\"><div class=\"w-socials us_custom_91f06cd3 color_link shape_none\" style=\"--gap:1.8em;\"><div class=\"w-socials-list\"><div class=\"w-socials-item instagram\"><a target=\"_blank\" rel=\"nofollow\" href=\"https:\/\/www.instagram.com\/perc.design?igsh=MTZuNWlyZzBibWJnMQ==\" class=\"w-socials-item-link\" aria-label=\"Instagram\"><span class=\"w-socials-item-link-hover\"><\/span><i class=\"fab fa-instagram\"><\/i><\/a><div class=\"w-socials-item-popup\"><span>Instagram<\/span><\/div><\/div><\/div><\/div><\/div><\/div><div class=\"wpb_column vc_column_container\"><div class=\"vc_column-inner\"><\/div><\/div><\/div><\/div><\/div><div class=\"wpb_column vc_column_container\"><div class=\"vc_column-inner\"><\/div><\/div><\/div><\/div><\/section><section class=\"l-section wpb_row height_small\"><div class=\"l-section-overlay\" style=\"background:rgba(255,255,255,0.25)\"><\/div><div class=\"l-section-h i-cf\"><div class=\"g-cols vc_row via_grid cols_1-2 laptops-cols_inherit tablets-cols_inherit mobiles-cols_1 valign_top type_default stacking_default\"><div class=\"wpb_column vc_column_container us_custom_f9bf6f4d\"><div class=\"vc_column-inner\"><div class=\"w-image has_ratio align_none\"><div class=\"w-image-h\"><div style=\"padding-bottom:100%\"><\/div><img decoding=\"async\" width=\"1020\" height=\"680\" src=\"https:\/\/spirit.h2.de\/spirit\/wp-content\/uploads\/2024\/09\/me.jpg\" class=\"attachment-full size-full\" alt=\"\" loading=\"lazy\" \/><\/div><\/div><\/div><\/div><div class=\"wpb_column vc_column_container\"><div class=\"vc_column-inner\"><div class=\"wpb_text_column\"><div class=\"wpb_wrapper\"><p><strong>Parisa<\/strong> absolvierte ihren Master in \u201eSystemdesign&#8220; an der HTW Berlin und ihren Bachelor in \u201eProduktdesign&#8220; an der HAWK Hildesheim sowie in \u201eIndustriedesign&#8220; an der Universit\u00e4t der K\u00fcnste in Teheran. Bereits w\u00e4hrend ihres Studiums leitete sie erfolgreich UX\/UI-Projekte mit einem klaren Fokus auf Digitalisierung und Human-Centered Design. Dank ihrer breiten Erfahrung in verschiedenen Branchen und der Zusammenarbeit mit internationalen Teams hat sie ihre Probleml\u00f6sungsf\u00e4higkeiten und ihr analytisches Denken unter Beweis gestellt.<\/p>\n<p>Parisa ist au\u00dferdem Schachmeisterin, was ihre strategischen F\u00e4higkeiten weiter st\u00e4rkt. Sie hat zwei bedeutende Workshops im Industriedesign organisiert: einen im Stil von Colani und einen im Rahmen der Tehran Design Week.<\/p>\n<p>Aktuell arbeitet sie als wissenschaftliche Mitarbeiterin im Projekt W:INT Altmark, wo sie f\u00fcr die Konzeption und Umsetzung eines MakerLabs verantwortlich ist, um MINT-Bildung mit der regionalen Wirtschaft zu vernetzen.<\/p>\n<\/div><\/div><\/div><\/div><\/div><\/div><\/section>\n","protected":false},"excerpt":{"rendered":"{:de}M.A. Parisa HendiE-Mail-AdresseLinkedInInstagramParisa absolvierte ihren Master in \u201eSystemdesign&#8220; an der HTW Berlin und ihren Bachelor in \u201eProduktdesign&#8220; an der HAWK Hildesheim sowie in \u201eIndustriedesign&#8220; an der Universit\u00e4t der K\u00fcnste in Teheran. Bereits w\u00e4hrend ihres Studiums leitete sie erfolgreich UX\/UI-Projekte mit einem klaren Fokus auf Digitalisierung und Human-Centered Design. Dank ihrer breiten Erfahrung in verschiedenen Branchen...","protected":false},"author":19,"featured_media":14662,"parent":46,"menu_order":0,"comment_status":"closed","ping_status":"closed","template":"","meta":{"_acf_changed":false,"footnotes":""},"categories":[],"tags":[192],"class_list":["post-14628","page","type-page","status-publish","has-post-thumbnail","hentry","tag-ux-ui-designerin"],"translation":{"provider":"WPGlobus","version":"3.0.1","language":"de","enabled_languages":["de","en"],"languages":{"de":{"title":true,"content":true,"excerpt":false},"en":{"title":false,"content":true,"excerpt":false}}},"acf":[],"_links":{"self":[{"href":"https:\/\/spirit.h2.de\/spirit\/wp-json\/wp\/v2\/pages\/14628","targetHints":{"allow":["GET"]}}],"collection":[{"href":"https:\/\/spirit.h2.de\/spirit\/wp-json\/wp\/v2\/pages"}],"about":[{"href":"https:\/\/spirit.h2.de\/spirit\/wp-json\/wp\/v2\/types\/page"}],"author":[{"embeddable":true,"href":"https:\/\/spirit.h2.de\/spirit\/wp-json\/wp\/v2\/users\/19"}],"replies":[{"embeddable":true,"href":"https:\/\/spirit.h2.de\/spirit\/wp-json\/wp\/v2\/comments?post=14628"}],"version-history":[{"count":16,"href":"https:\/\/spirit.h2.de\/spirit\/wp-json\/wp\/v2\/pages\/14628\/revisions"}],"predecessor-version":[{"id":15097,"href":"https:\/\/spirit.h2.de\/spirit\/wp-json\/wp\/v2\/pages\/14628\/revisions\/15097"}],"up":[{"embeddable":true,"href":"https:\/\/spirit.h2.de\/spirit\/wp-json\/wp\/v2\/pages\/46"}],"wp:featuredmedia":[{"embeddable":true,"href":"https:\/\/spirit.h2.de\/spirit\/wp-json\/wp\/v2\/media\/14662"}],"wp:attachment":[{"href":"https:\/\/spirit.h2.de\/spirit\/wp-json\/wp\/v2\/media?parent=14628"}],"wp:term":[{"taxonomy":"category","embeddable":true,"href":"https:\/\/spirit.h2.de\/spirit\/wp-json\/wp\/v2\/categories?post=14628"},{"taxonomy":"post_tag","embeddable":true,"href":"https:\/\/spirit.h2.de\/spirit\/wp-json\/wp\/v2\/tags?post=14628"}],"curies":[{"name":"wp","href":"https:\/\/api.w.org\/{rel}","templated":true}]}}