{"id":13019,"date":"2023-10-24T14:56:30","date_gmt":"2023-10-24T12:56:30","guid":{"rendered":"https:\/\/spirit.h2.de\/spirit\/?page_id=13019"},"modified":"2023-12-23T13:08:35","modified_gmt":"2023-12-23T12:08:35","slug":"nachleben-2","status":"publish","type":"page","link":"https:\/\/spirit.h2.de\/spirit\/projekte\/nachleben-2\/","title":{"rendered":"NachLEBEN \u2013 Nachhaltigkeitsbildung in Lebensmittelberufen mit Situiertem Lernen"},"content":{"rendered":"<section class=\"l-section wpb_row height_auto\"><div class=\"l-section-h i-cf\"><div class=\"g-cols vc_row via_grid cols_1 laptops-cols_inherit tablets-cols_inherit mobiles-cols_1 valign_top type_default stacking_default\"><div class=\"wpb_column vc_column_container\"><div class=\"vc_column-inner\"><div class=\"w-separator size_small\"><\/div><div class=\"w-separator size_small\"><\/div><div class=\"w-text us_custom_ccb6e813 has_text_color\"><span class=\"w-text-h\"><span class=\"w-text-value\">NachLEBEN<\/span><\/span><\/div><div class=\"w-separator size_custom\" style=\"height:0.9rem\"><\/div><div class=\"w-text us_custom_a3fc07dd has_text_color\"><span class=\"w-text-h\"><span class=\"w-text-value\">Nachhaltigkeit in Lebensmittelberufen<\/span><\/span><\/div><div class=\"w-separator size_small\"><\/div><div class=\"wpb_column vc_column_container\"><div class=\"vc_column-inner\"><div class=\"w-image has_ratio align_none\"><div class=\"w-image-h\"><div style=\"padding-bottom:33.3333%\"><\/div><img decoding=\"async\" width=\"1303\" height=\"602\" src=\"https:\/\/spirit.h2.de\/spirit\/wp-content\/uploads\/2023\/10\/Screenshot-2023-10-24-144633.png\" class=\"attachment-full size-full\" alt=\"\" loading=\"lazy\" \/><\/div><\/div><\/div><\/div><\/div><\/div><\/div><\/div><\/section><section class=\"l-section wpb_row height_medium\"><div class=\"l-section-h i-cf\"><div class=\"g-cols vc_row via_grid cols_2-1 laptops-cols_inherit tablets-cols_inherit mobiles-cols_1 valign_top type_default stacking_default\" style=\"--columns-gap:5rem;\"><div class=\"wpb_column vc_column_container\"><div class=\"vc_column-inner\"><div class=\"w-text us_custom_b01cd5ea has_text_color\"><span class=\"w-text-h\"><span class=\"w-text-value\">Ziele<\/span><\/span><\/div><div class=\"w-separator size_small\"><\/div><div class=\"wpb_text_column\"><div class=\"wpb_wrapper\"><p>Obwohl Ern\u00e4hrung ein zentrales Thema der nachhaltigen Entwicklung ist, f\u00e4llt das Fehlen von didaktischen Lehr- und Ausbildungsarrangements zur Vermittlung von Nachhaltigkeitskompetenzen an Auszubildende und Ausbildungspersonal auf. In diesem Zusammenhang ist zu pr\u00fcfen, inwieweit die Zielsetzung der Berufsausbildung &#8222;Berufliches Entscheiden und Verantworten&#8220; mit den Ans\u00e4tzen zur Entwicklung von Bewertungs-, Organisations- und Systemkompetenzen vereinbar ist, um neben der Vermittlung von thematischen Aspekten der Nachhaltigkeit den Kompetenzerwerb mit modernen didaktischen Ans\u00e4tzen in der Berufsausbildung zu unterst\u00fctzen und zu f\u00f6rdern. Ziel des Projektes <strong>NachLEBEN<\/strong> ist die Entwicklung, betriebliche Erprobung, Evaluation und Verbreitung nachhaltigkeitsorientierter, verorteter Lehr- und Ausbildungsarrangements f\u00fcr Fachkr\u00e4fte in der Ern\u00e4hrungswirtschaft. Dabei werden die einzelnen Dimensionen der Nachhaltigkeit (\u00f6kologisch, sozial, \u00f6konomisch) innerhalb der entstehenden Lehr- und Lernarrangements nicht isoliert voneinander betrachtet, sondern in ihrer Gesamtheit umgesetzt. Die Erprobungsberufe des Projekts sind: S\u00fc\u00dfwarentechnologe, Fachkraft f\u00fcr Lebensmitteltechnik, Brenner und Weintechnologe.<\/p>\n<\/div><\/div><div class=\"w-separator size_large\"><\/div><div class=\"w-text us_custom_b01cd5ea has_text_color\"><span class=\"w-text-h\"><span class=\"w-text-value\">Vorgehen<\/span><\/span><\/div><div class=\"w-separator size_small\"><\/div><div class=\"wpb_text_column\"><div class=\"wpb_wrapper\"><p>Leitgedanke der Lehr- und Lernarrangements ist es, den Nachhaltigkeitsgedanken in konkreten beruflichen Handlungsfeldern zu manifestieren. Zur Zielerreichung werden Situationen geschaffen und in digitale Lernformate \u00fcbertragen, die realit\u00e4tsnah, problemorientiert, authentisch und komplex gestaltet sind. Die Lehr- und Lernarrangements sollen die Auszubildenden dazu anleiten, eigene Konstruktionen zu entwerfen (konstruktivistischer Ansatz) und erm\u00f6glichen eine dynamische Wechselwirkung zwischen Tun und Denken, aktivem Handeln und Reflexion. Didaktische Grundprinzipien bilden die Basis f\u00fcr eine erfolgreiche Umsetzung: Kompetenzorientierung, Bedingungs- und Handlungsorientierung und der konstruktivistische Ansatz (situiertes Lernen).<br \/>\nW\u00e4hrend der Projektlaufzeit werden die Verbundpartner gemeinsam mit den Erprobungs- und Netzwerkpartnern nachhaltigkeitsorientierte Lehr- und Lernarrangements entwickeln und operativ erproben. Zum einen werden verschiedene nachhaltigkeitsorientierte Szenarien f\u00fcr Auszubildende umgesetzt, zum anderen k\u00f6nnen Weiterbildungsm\u00f6glichkeiten zum Thema Nachhaltigkeit angeboten werden.<\/p>\n<\/div><\/div><div class=\"w-separator size_small\"><\/div><\/div><\/div><div class=\"wpb_column vc_column_container\"><div class=\"vc_column-inner\"><div class=\"w-text us_custom_b01cd5ea has_text_color\"><span class=\"w-text-h\"><span class=\"w-text-value\">Eckdaten<\/span><\/span><\/div><div class=\"w-separator size_small\"><\/div><div class=\"w-text us_custom_32940c00 has_text_color\"><span class=\"w-text-h\"><span class=\"w-text-value\">Laufzeit<\/span><\/span><\/div><div class=\"w-separator size_custom\" style=\"height:0.6rem\"><\/div><div class=\"wpb_text_column\"><div class=\"wpb_wrapper\"><p>05.2018 \u2013 10.2021<\/p>\n<\/div><\/div><div class=\"w-separator size_small\"><\/div><div class=\"w-text us_custom_32940c00 has_text_color\"><span class=\"w-text-h\"><span class=\"w-text-value\">Verbundpartner*innen<\/span><\/span><\/div><div class=\"w-separator size_custom\" style=\"height:0.6rem\"><\/div><div class=\"wpb_text_column\"><div class=\"wpb_wrapper\"><ul>\n<li>Professur f\u00fcr technische Bildung und Didaktik, Otto-von-Guericke Universit\u00e4t Magdeburg<\/li>\n<li>Professur f\u00fcr Fachmethodik der Gesundheits- und Pflegewissenschaften, Otto-von-Guericke Universit\u00e4t Magdeburg<\/li>\n<li>Professur f\u00fcr Wirtschaftsinformatik, Hochschule Magdeburg-Stendal<\/li>\n<li>Agrarmarketinggesellschaft Sachsen-Anhalt<\/li>\n<\/ul>\n<\/div><\/div><div class=\"w-separator size_small\"><\/div><div class=\"w-text us_custom_32940c00 has_text_color\"><span class=\"w-text-h\"><span class=\"w-text-value\">F\u00f6rdermittelgebende<\/span><\/span><\/div><div class=\"w-separator size_custom\" style=\"height:0.6rem\"><\/div><div class=\"wpb_text_column\"><div class=\"wpb_wrapper\"><ul>\n<li>Bundesministerium f\u00fcr Bildung und Forschung (BMBF)<\/li>\n<li>Bundesinstitut f\u00fcr Berufsbildung (BIBB)<\/li>\n<\/ul>\n<\/div><\/div><div class=\"w-separator size_small\"><\/div><div class=\"w-text us_custom_32940c00 has_text_color\"><span class=\"w-text-h\"><span class=\"w-text-value\">Wissenschaftler*innen:<\/span><\/span><\/div><div class=\"w-separator size_custom\" style=\"height:0.6rem\"><\/div><div class=\"wpb_text_column\"><div class=\"wpb_wrapper\"><p><strong>Philipp Sch\u00fc\u00dfler<\/strong><\/p>\n<\/div><\/div><div class=\"w-separator size_custom\" style=\"height:0.6rem\"><\/div><div class=\"wpb_text_column\"><div class=\"wpb_wrapper\"><p><b>Lukas Folkens<\/b><\/p>\n<\/div><\/div><div class=\"w-separator size_custom\" style=\"height:0.6rem\"><\/div><div class=\"wpb_text_column\"><div class=\"wpb_wrapper\"><p><b>Klaus Magarin<\/b><\/p>\n<\/div><\/div><div class=\"w-separator size_custom\" style=\"height:0.6rem\"><\/div><div class=\"wpb_text_column\"><div class=\"wpb_wrapper\"><p><b>Leonore Franz<\/b><\/p>\n<\/div><\/div><div class=\"w-separator size_custom\" style=\"height:0.6rem\"><\/div><div class=\"wpb_text_column\"><div class=\"wpb_wrapper\"><p><strong>Prof. Dr. Michael A. Herzog<\/strong><br \/>\nWirtschaftsinformatik<br \/>\nHochschule Magdeburg-Stendal<br \/>\nmichael.herzog@h2.de<\/p>\n<\/div><\/div><\/div><\/div><\/div><\/div><\/section><section class=\"l-section wpb_row height_auto\"><div class=\"l-section-h i-cf\"><div class=\"g-cols vc_row via_grid cols_1 laptops-cols_inherit tablets-cols_inherit mobiles-cols_1 valign_top type_default stacking_default\"><div class=\"wpb_column vc_column_container\"><div class=\"vc_column-inner\"><div class=\"w-separator size_small\"><\/div><div class=\"w-separator size_small\"><\/div><div class=\"w-separator size_huge\"><\/div><\/div><\/div><\/div><\/div><\/section>\n","protected":false},"excerpt":{"rendered":"NachLEBENNachhaltigkeit in LebensmittelberufenZieleObwohl Ern\u00e4hrung ein zentrales Thema der nachhaltigen Entwicklung ist, f\u00e4llt das Fehlen von didaktischen Lehr- und Ausbildungsarrangements zur Vermittlung von Nachhaltigkeitskompetenzen an Auszubildende und Ausbildungspersonal auf. In diesem Zusammenhang ist zu pr\u00fcfen, inwieweit die Zielsetzung der Berufsausbildung &#8222;Berufliches Entscheiden und Verantworten&#8220; mit den Ans\u00e4tzen zur Entwicklung von Bewertungs-, Organisations- und Systemkompetenzen vereinbar ist,...","protected":false},"author":19,"featured_media":13023,"parent":4137,"menu_order":0,"comment_status":"closed","ping_status":"closed","template":"","meta":{"_acf_changed":false,"footnotes":""},"categories":[],"tags":[],"class_list":["post-13019","page","type-page","status-publish","has-post-thumbnail","hentry"],"translation":{"provider":"WPGlobus","version":"3.0.1","language":"de","enabled_languages":["de","en"],"languages":{"de":{"title":true,"content":true,"excerpt":false},"en":{"title":true,"content":false,"excerpt":false}}},"acf":[],"_links":{"self":[{"href":"https:\/\/spirit.h2.de\/spirit\/wp-json\/wp\/v2\/pages\/13019","targetHints":{"allow":["GET"]}}],"collection":[{"href":"https:\/\/spirit.h2.de\/spirit\/wp-json\/wp\/v2\/pages"}],"about":[{"href":"https:\/\/spirit.h2.de\/spirit\/wp-json\/wp\/v2\/types\/page"}],"author":[{"embeddable":true,"href":"https:\/\/spirit.h2.de\/spirit\/wp-json\/wp\/v2\/users\/19"}],"replies":[{"embeddable":true,"href":"https:\/\/spirit.h2.de\/spirit\/wp-json\/wp\/v2\/comments?post=13019"}],"version-history":[{"count":9,"href":"https:\/\/spirit.h2.de\/spirit\/wp-json\/wp\/v2\/pages\/13019\/revisions"}],"predecessor-version":[{"id":15302,"href":"https:\/\/spirit.h2.de\/spirit\/wp-json\/wp\/v2\/pages\/13019\/revisions\/15302"}],"up":[{"embeddable":true,"href":"https:\/\/spirit.h2.de\/spirit\/wp-json\/wp\/v2\/pages\/4137"}],"wp:featuredmedia":[{"embeddable":true,"href":"https:\/\/spirit.h2.de\/spirit\/wp-json\/wp\/v2\/media\/13023"}],"wp:attachment":[{"href":"https:\/\/spirit.h2.de\/spirit\/wp-json\/wp\/v2\/media?parent=13019"}],"wp:term":[{"taxonomy":"category","embeddable":true,"href":"https:\/\/spirit.h2.de\/spirit\/wp-json\/wp\/v2\/categories?post=13019"},{"taxonomy":"post_tag","embeddable":true,"href":"https:\/\/spirit.h2.de\/spirit\/wp-json\/wp\/v2\/tags?post=13019"}],"curies":[{"name":"wp","href":"https:\/\/api.w.org\/{rel}","templated":true}]}}