{"id":12151,"date":"2023-06-26T17:45:37","date_gmt":"2023-06-26T15:45:37","guid":{"rendered":"https:\/\/spirit.h2.de\/spirit\/?page_id=12151"},"modified":"2023-12-23T13:05:03","modified_gmt":"2023-12-23T12:05:03","slug":"rosi-3d","status":"publish","type":"page","link":"https:\/\/spirit.h2.de\/spirit\/projekte\/rosi-3d\/","title":{"rendered":"ROSI 3D \u2013 RFID-Ortung beweglicher Objekte in Innenr\u00e4umen"},"content":{"rendered":"<section class=\"l-section wpb_row height_auto\"><div class=\"l-section-h i-cf\"><div class=\"g-cols vc_row via_grid cols_1 laptops-cols_inherit tablets-cols_inherit mobiles-cols_1 valign_top type_default stacking_default\"><div class=\"wpb_column vc_column_container\"><div class=\"vc_column-inner\"><div class=\"w-separator size_small\"><\/div><div class=\"w-separator size_small\"><\/div><div class=\"w-text us_custom_ccb6e813 has_text_color\"><span class=\"w-text-h\"><span class=\"w-text-value\">ROSI 3D<\/span><\/span><\/div><div class=\"w-separator size_custom\" style=\"height:0.9rem\"><\/div><div class=\"w-text us_custom_a3fc07dd has_text_color\"><span class=\"w-text-h\"><span class=\"w-text-value\">RFID-Ortung bei Ber\u00fccksichtigung ortsver\u00e4nderlicher Objekte im Funkfeld mit einer 3D-Simulation<\/span><\/span><\/div><div class=\"w-separator size_small\"><\/div><div class=\"wpb_column vc_column_container\"><div class=\"vc_column-inner\"><div class=\"w-image has_ratio align_none\"><div class=\"w-image-h\"><div style=\"padding-bottom:33.3333%\"><\/div><img decoding=\"async\" width=\"618\" height=\"393\" src=\"https:\/\/spirit.h2.de\/spirit\/wp-content\/uploads\/2023\/06\/Bild1.jpg\" class=\"attachment-full size-full\" alt=\"\" loading=\"lazy\" \/><\/div><\/div><\/div><\/div><\/div><\/div><\/div><\/div><\/section><section class=\"l-section wpb_row height_medium\"><div class=\"l-section-h i-cf\"><div class=\"g-cols vc_row via_grid cols_2-1 laptops-cols_inherit tablets-cols_inherit mobiles-cols_1 valign_top type_default stacking_default\" style=\"--columns-gap:5rem;\"><div class=\"wpb_column vc_column_container\"><div class=\"vc_column-inner\"><div class=\"w-text us_custom_b01cd5ea has_text_color\"><span class=\"w-text-h\"><span class=\"w-text-value\">Projektidee<\/span><\/span><\/div><div class=\"w-separator size_small\"><\/div><div class=\"wpb_text_column\"><div class=\"wpb_wrapper\"><p>Die m\u00f6glichst genaue Ortung von Objekten in Innenr\u00e4umen war\u00a02012 eine Forschungs- und Entwicklungsherausforderung, die im Vergleich mit anderen Funktechnologien besonders preiswert mit RFID (Radio Frequency Identifikation) gel\u00f6st werden konnte. Durch die zunehmende Verbreitung von RFID-Systemen zeichnete sich ein Bedarf von Ortungsl\u00f6sungen in fast allen industriellen Bereichen ab.<\/p>\n<p>Das Projekt\u00a0<strong>ROSI-3D<\/strong>\u00a0hat durch Verbindung neuer Ans\u00e4tze aus HF-Technik und Informatik, sowie erg\u00e4nzende betriebswirtschaftliche Betrachtungen die Lokalisierung von Objekten in dynamischen Umgebungen aus technischer, wie \u00f6konomischer Perspektive erheblich verbessert.<\/p>\n<p>Vorherige Ans\u00e4tze einer Lokalisierung waren im Allgemeinen auf RFID-Systeme mit aktiven Transpondern fokussiert, wo jeder Transponder eine eigene Energieversorgung ben\u00f6tigte. Damit konnten in statischen Umgebungen und ohne die allgemeine Ber\u00fccksichtigung ortsver\u00e4nderlicher Objekte im Funkfeld Genauigkeiten von unter 1 m erzielt werden. Diese Ans\u00e4tze lie\u00dfen eine wesentliche Randbedingung industrieller wie \u00f6ffentlicher Innenr\u00e4ume unber\u00fccksichtigt: Viele Objekte (Menschen, Fahrzeuge, Werkzeuge, Materialien) sind normalerweise in Bewegung und beeinflussen damit st\u00e4ndig entscheidend das Funkfeld. Dadurch sind in der Praxis bis dahin keine zufrieden stellenden L\u00f6sungen der Funkortung entstanden, die sich auch \u00f6konomisch betreiben lie\u00dfen.<\/p>\n<p>Das Forschungsprojekt\u00a0<strong>ROSI-3D<\/strong>\u00a0nutzte zwei wesentliche Ans\u00e4tze zur Verbesserung von funkbasierten Ortungsl\u00f6sungen: (1) Ausgehend von der Erfassung realer Bedingungen sollte eine\u00a0<strong>3D<\/strong>-Modellbasis geschaffen werden, die f\u00fcr unterschiedliche Anwendungsf\u00e4lle verallgemeinerbar ist. Dabei waren die verschiedenen Bereiche der Funkausbreitung und das Vorhandensein von ortsver\u00e4nderlichen Objekten im Funkfeld zu ber\u00fccksichtigen. Der verfolgte Ansatz entsprach der Prognose f\u00fcr Ausbreitungsmodelle im Mobilfunk. (2) Durch den Einsatz einer zeitdynamischen\u00a0<strong>3D<\/strong>\u00a0Simulation sollten interferierende Objekte bei der Ortung k\u00fcnftig ber\u00fccksichtigt, der technische Aufbau einer Infrastruktur optimiert und durch Augmented Reality unterst\u00fctzt werden. Dieser Ansatz auf der Grundlage von Mehrantennensystemen mit multiplen Objekten im Raum hat auch deswegen eine wesentlich preiswertere Umsetzung erlaubt, weil keine Stromversorgung f\u00fcr eine Vielzahl von Transpondern bzw. Funkendger\u00e4ten erforderlich war. Die Anzahl und der optimale Standort der notwendigen Leseger\u00e4te wurde dann mit virtuellen Lasttests ver\u00e4nderlicher Objekte in der Simulation genau ermittelt. Die\u00a0<strong>3D<\/strong>-Simulation ging damit weit \u00fcber die bei anderen Funktechnologien genutzten Sitesurveys hinaus, die auf statische Umgebungen abgestimmt waren.<\/p>\n<p>Die Evaluation der Modelle und des Simulationssystems erfolgte in verschiedenen Feldversuchen gemeinsam mit den Praxispartnern in unterschiedlichen Umgebungen und Frequenzb\u00e4ndern im Rahmen dieses Projektes. F\u00fcr den praktischen Einsatz der Ortung wurden Szenarien in Montagehallen, im Bergbau oder im Veranstaltungs-\/Messebereich genutzt.<\/p>\n<\/div><\/div><div class=\"w-separator size_small\"><\/div><\/div><\/div><div class=\"wpb_column vc_column_container\"><div class=\"vc_column-inner\"><div class=\"w-text us_custom_b01cd5ea has_text_color\"><span class=\"w-text-h\"><span class=\"w-text-value\">Eckdaten<\/span><\/span><\/div><div class=\"w-separator size_small\"><\/div><div class=\"w-text us_custom_32940c00 has_text_color\"><span class=\"w-text-h\"><span class=\"w-text-value\">Laufzeit<\/span><\/span><\/div><div class=\"w-separator size_custom\" style=\"height:0.6rem\"><\/div><div class=\"wpb_text_column\"><div class=\"wpb_wrapper\"><p>01.11. 2012 &#8211; 31. 07.2015<\/p>\n<\/div><\/div><div class=\"w-separator size_small\"><\/div><div class=\"w-text us_custom_32940c00 has_text_color\"><span class=\"w-text-h\"><span class=\"w-text-value\">Verbundpartner*innen<\/span><\/span><\/div><div class=\"w-separator size_custom\" style=\"height:0.6rem\"><\/div><div class=\"wpb_text_column\"><div class=\"wpb_wrapper\"><ul>\n<li>Centiveo GmbH Magdeburg<\/li>\n<li>metraTec GmbH Magdeburg<\/li>\n<\/ul>\n<\/div><\/div><div class=\"w-separator size_small\"><\/div><div class=\"w-text us_custom_32940c00 has_text_color\"><span class=\"w-text-h\"><span class=\"w-text-value\">F\u00f6rdermittelgebende<\/span><\/span><\/div><div class=\"w-separator size_custom\" style=\"height:0.6rem\"><\/div><div class=\"wpb_text_column\"><div class=\"wpb_wrapper\"><ul>\n<li>Bundesministerium f\u00fcr Bildung und Forschung Programm profUnt<\/li>\n<\/ul>\n<\/div><\/div><div class=\"w-separator size_small\"><\/div><div class=\"w-text us_custom_32940c00 has_text_color\"><span class=\"w-text-h\"><span class=\"w-text-value\">Wissenschaftler*innen:<\/span><\/span><\/div><div class=\"w-separator size_custom\" style=\"height:0.6rem\"><\/div><div class=\"wpb_text_column\"><div class=\"wpb_wrapper\"><p><strong>Prof. Dr. Olaf Friedewald<\/strong><br \/>\nHochschule Magdeburg-Stendal<\/p>\n<\/div><\/div><div class=\"w-separator size_custom\" style=\"height:0.6rem\"><\/div><div class=\"wpb_text_column\"><div class=\"wpb_wrapper\"><p><strong>Prof. Dr. Michael A. Herzog<\/strong><br \/>\nWirtschaftsinformatik<br \/>\nHochschule Magdeburg-Stendal<br \/>\nmichael.herzog@h2.de<\/p>\n<\/div><\/div><\/div><\/div><\/div><\/div><\/section><section class=\"l-section wpb_row height_auto\"><div class=\"l-section-h i-cf\"><div class=\"g-cols vc_row via_grid cols_1 laptops-cols_inherit tablets-cols_inherit mobiles-cols_1 valign_top type_default stacking_default\"><div class=\"wpb_column vc_column_container\"><div class=\"vc_column-inner\"><div class=\"w-separator size_small\"><\/div><div class=\"w-separator size_small\"><\/div><div class=\"w-separator size_huge\"><\/div><\/div><\/div><\/div><\/div><\/section>\n","protected":false},"excerpt":{"rendered":"{:de}ROSI 3DRFID-Ortung bei Ber\u00fccksichtigung ortsver\u00e4nderlicher Objekte im Funkfeld mit einer 3D-SimulationProjektideeDie m\u00f6glichst genaue Ortung von Objekten in Innenr\u00e4umen war\u00a02012 eine Forschungs- und Entwicklungsherausforderung, die im Vergleich mit anderen Funktechnologien besonders preiswert mit RFID (Radio Frequency Identifikation) gel\u00f6st werden konnte. Durch die zunehmende Verbreitung von RFID-Systemen zeichnete sich ein Bedarf von Ortungsl\u00f6sungen in fast allen industriellen...","protected":false},"author":19,"featured_media":12155,"parent":4137,"menu_order":0,"comment_status":"closed","ping_status":"closed","template":"","meta":{"_acf_changed":false,"footnotes":""},"categories":[],"tags":[],"class_list":["post-12151","page","type-page","status-publish","has-post-thumbnail","hentry"],"translation":{"provider":"WPGlobus","version":"3.0.1","language":"de","enabled_languages":["de","en"],"languages":{"de":{"title":true,"content":true,"excerpt":false},"en":{"title":true,"content":true,"excerpt":false}}},"acf":[],"_links":{"self":[{"href":"https:\/\/spirit.h2.de\/spirit\/wp-json\/wp\/v2\/pages\/12151","targetHints":{"allow":["GET"]}}],"collection":[{"href":"https:\/\/spirit.h2.de\/spirit\/wp-json\/wp\/v2\/pages"}],"about":[{"href":"https:\/\/spirit.h2.de\/spirit\/wp-json\/wp\/v2\/types\/page"}],"author":[{"embeddable":true,"href":"https:\/\/spirit.h2.de\/spirit\/wp-json\/wp\/v2\/users\/19"}],"replies":[{"embeddable":true,"href":"https:\/\/spirit.h2.de\/spirit\/wp-json\/wp\/v2\/comments?post=12151"}],"version-history":[{"count":6,"href":"https:\/\/spirit.h2.de\/spirit\/wp-json\/wp\/v2\/pages\/12151\/revisions"}],"predecessor-version":[{"id":13563,"href":"https:\/\/spirit.h2.de\/spirit\/wp-json\/wp\/v2\/pages\/12151\/revisions\/13563"}],"up":[{"embeddable":true,"href":"https:\/\/spirit.h2.de\/spirit\/wp-json\/wp\/v2\/pages\/4137"}],"wp:featuredmedia":[{"embeddable":true,"href":"https:\/\/spirit.h2.de\/spirit\/wp-json\/wp\/v2\/media\/12155"}],"wp:attachment":[{"href":"https:\/\/spirit.h2.de\/spirit\/wp-json\/wp\/v2\/media?parent=12151"}],"wp:term":[{"taxonomy":"category","embeddable":true,"href":"https:\/\/spirit.h2.de\/spirit\/wp-json\/wp\/v2\/categories?post=12151"},{"taxonomy":"post_tag","embeddable":true,"href":"https:\/\/spirit.h2.de\/spirit\/wp-json\/wp\/v2\/tags?post=12151"}],"curies":[{"name":"wp","href":"https:\/\/api.w.org\/{rel}","templated":true}]}}