{"id":12107,"date":"2023-06-26T17:03:49","date_gmt":"2023-06-26T15:03:49","guid":{"rendered":"https:\/\/spirit.h2.de\/spirit\/?page_id=12107"},"modified":"2023-07-26T16:00:40","modified_gmt":"2023-07-26T14:00:40","slug":"anna-hoffmann","status":"publish","type":"page","link":"https:\/\/spirit.h2.de\/spirit\/officials\/anna-hoffmann\/","title":{"rendered":"Anna Hoffmann"},"content":{"rendered":"<section class=\"l-section wpb_row height_auto\"><div class=\"l-section-h i-cf\"><div class=\"g-cols vc_row via_grid cols_2-1 laptops-cols_inherit tablets-cols_inherit mobiles-cols_1 valign_top type_default stacking_default\"><div class=\"wpb_column vc_column_container\"><div class=\"vc_column-inner\"><div class=\"w-separator size_medium\"><\/div><div class=\"w-text us_custom_047e52cd has_text_color\"><span class=\"w-text-h\"><span class=\"w-text-value\">Anna Hoffmann<\/span><\/span><\/div><div class=\"w-separator size_medium\"><\/div><div class=\"g-cols wpb_row via_grid cols_5 laptops-cols_inherit tablets-cols_inherit mobiles-cols_4 valign_top type_default stacking_default\" style=\"--columns-gap:3rem;\"><div class=\"wpb_column vc_column_container\"><div class=\"vc_column-inner\"><div class=\"w-socials us_custom_91f06cd3 color_link shape_none\"><div class=\"w-socials-list\"><\/div><\/div><\/div><\/div><div class=\"wpb_column vc_column_container\"><div class=\"vc_column-inner\"><div class=\"w-socials us_custom_91f06cd3 color_link shape_none\" style=\"--gap:1.8em;\"><div class=\"w-socials-list\"><div class=\"w-socials-item email\"><a href=\"mailto:annette.hoffmann@h2.de\" class=\"w-socials-item-link\" aria-label=\"E-Mail-Adresse\"><span class=\"w-socials-item-link-hover\"><\/span><i class=\"fas fa-envelope\"><\/i><\/a><div class=\"w-socials-item-popup\"><span>E-Mail-Adresse<\/span><\/div><\/div><\/div><\/div><\/div><\/div><div class=\"wpb_column vc_column_container\"><div class=\"vc_column-inner\"><\/div><\/div><div class=\"wpb_column vc_column_container\"><div class=\"vc_column-inner\"><\/div><\/div><div class=\"wpb_column vc_column_container\"><div class=\"vc_column-inner\"><\/div><\/div><\/div><div class=\"w-separator size_small\"><\/div><\/div><\/div><div class=\"wpb_column vc_column_container\"><div class=\"vc_column-inner\"><\/div><\/div><\/div><\/div><\/section><section class=\"l-section wpb_row height_small\"><div class=\"l-section-overlay\" style=\"background:rgba(255,255,255,0.25)\"><\/div><div class=\"l-section-h i-cf\"><div class=\"g-cols vc_row via_grid cols_1-2 laptops-cols_inherit tablets-cols_inherit mobiles-cols_1 valign_top type_default stacking_default\"><div class=\"wpb_column vc_column_container\"><div class=\"vc_column-inner\"><div class=\"w-image has_ratio align_none\"><div class=\"w-image-h\"><div style=\"padding-bottom:100%\"><\/div><img decoding=\"async\" width=\"1536\" height=\"1024\" src=\"https:\/\/spirit.h2.de\/spirit\/wp-content\/uploads\/2023\/07\/Anna-2.jpg\" class=\"attachment-full size-full\" alt=\"\" loading=\"lazy\" \/><\/div><\/div><\/div><\/div><div class=\"wpb_column vc_column_container\"><div class=\"vc_column-inner\"><div class=\"wpb_text_column\"><div class=\"wpb_wrapper\"><p><strong>Annette Hoffmann, genannt Anna <\/strong>ist wissenschaftliche Mitarbeiterin im Projekt LandStarK. Davor hat sie in unterschiedlichen universit\u00e4ren Kontexten regionale Transformationsprozesse mit Fokus auf die Digitalisierung 4.0 und die Umsetzungspotentiale der SDGs untersucht. Neben ihrer wissenschaftlichen Arbeit ist sie in Programmen der staatlichen Wirtschaftsf\u00f6rderung f\u00fcr die digitale und agile Transformation von KMUs t\u00e4tig, vorwiegend f\u00fcr das Bundesministerium f\u00fcr Arbeit und Soziales. In Kassel hat sie in den 90er Jahren ihr Diplom in Freier Kunst mit dem Schwerpunkt &#8222;Multimedia&#8220; am Lehrstuhl von Harry Kramer erworben. Ihr Arbeitsbereich lag danach viele Jahre in den Niederlanden mit einer eigenen Agentur an der Schnittstelle von Softwarearchitektur, E-Learning, Coding und UX-Design. Sie hat zusammen mit der Universit\u00e4t Hamburg und der Universit\u00e4t Dortmund Ende der 90er und in den Nullerjahren pr\u00e4mierte Softwarereihen f\u00fcr die Mathematikdidaktik realisiert.<\/p>\n<\/div><\/div><\/div><\/div><\/div><\/div><\/section>\n","protected":false},"excerpt":{"rendered":"{:de}Anna HoffmannE-Mail-AdresseAnnette Hoffmann, genannt Anna ist wissenschaftliche Mitarbeiterin im Projekt LandStarK. Davor hat sie in unterschiedlichen universit\u00e4ren Kontexten regionale Transformationsprozesse mit Fokus auf die Digitalisierung 4.0 und die Umsetzungspotentiale der SDGs untersucht. Neben ihrer wissenschaftlichen Arbeit ist sie in Programmen der staatlichen Wirtschaftsf\u00f6rderung f\u00fcr die digitale und agile Transformation von KMUs t\u00e4tig, vorwiegend f\u00fcr das...","protected":false},"author":19,"featured_media":12639,"parent":46,"menu_order":0,"comment_status":"closed","ping_status":"closed","template":"","meta":{"_acf_changed":false,"footnotes":""},"categories":[],"tags":[],"class_list":["post-12107","page","type-page","status-publish","has-post-thumbnail","hentry"],"translation":{"provider":"WPGlobus","version":"3.0.1","language":"de","enabled_languages":["de","en"],"languages":{"de":{"title":true,"content":true,"excerpt":false},"en":{"title":false,"content":true,"excerpt":false}}},"acf":[],"_links":{"self":[{"href":"https:\/\/spirit.h2.de\/spirit\/wp-json\/wp\/v2\/pages\/12107","targetHints":{"allow":["GET"]}}],"collection":[{"href":"https:\/\/spirit.h2.de\/spirit\/wp-json\/wp\/v2\/pages"}],"about":[{"href":"https:\/\/spirit.h2.de\/spirit\/wp-json\/wp\/v2\/types\/page"}],"author":[{"embeddable":true,"href":"https:\/\/spirit.h2.de\/spirit\/wp-json\/wp\/v2\/users\/19"}],"replies":[{"embeddable":true,"href":"https:\/\/spirit.h2.de\/spirit\/wp-json\/wp\/v2\/comments?post=12107"}],"version-history":[{"count":8,"href":"https:\/\/spirit.h2.de\/spirit\/wp-json\/wp\/v2\/pages\/12107\/revisions"}],"predecessor-version":[{"id":16014,"href":"https:\/\/spirit.h2.de\/spirit\/wp-json\/wp\/v2\/pages\/12107\/revisions\/16014"}],"up":[{"embeddable":true,"href":"https:\/\/spirit.h2.de\/spirit\/wp-json\/wp\/v2\/pages\/46"}],"wp:featuredmedia":[{"embeddable":true,"href":"https:\/\/spirit.h2.de\/spirit\/wp-json\/wp\/v2\/media\/12639"}],"wp:attachment":[{"href":"https:\/\/spirit.h2.de\/spirit\/wp-json\/wp\/v2\/media?parent=12107"}],"wp:term":[{"taxonomy":"category","embeddable":true,"href":"https:\/\/spirit.h2.de\/spirit\/wp-json\/wp\/v2\/categories?post=12107"},{"taxonomy":"post_tag","embeddable":true,"href":"https:\/\/spirit.h2.de\/spirit\/wp-json\/wp\/v2\/tags?post=12107"}],"curies":[{"name":"wp","href":"https:\/\/api.w.org\/{rel}","templated":true}]}}