{"id":11833,"date":"2023-06-16T11:25:31","date_gmt":"2023-06-16T09:25:31","guid":{"rendered":"https:\/\/spirit.h2.de\/spirit\/?page_id=11833"},"modified":"2024-10-14T15:01:40","modified_gmt":"2024-10-14T13:01:40","slug":"armgard-von-bonin","status":"publish","type":"page","link":"https:\/\/spirit.h2.de\/spirit\/officials\/armgard-von-bonin\/","title":{"rendered":"Armgard von Bonin"},"content":{"rendered":"<section class=\"l-section wpb_row height_small\"><div class=\"l-section-h i-cf\"><div class=\"g-cols vc_row via_grid cols_2-1 laptops-cols_inherit tablets-cols_inherit mobiles-cols_1 valign_top type_default stacking_default\"><div class=\"wpb_column vc_column_container\"><div class=\"vc_column-inner\"><div class=\"w-text us_custom_047e52cd has_text_color\"><span class=\"w-text-h\"><span class=\"w-text-value\">Armgard von Bonin<\/span><\/span><\/div><div class=\"w-separator size_medium\"><\/div><div class=\"g-cols wpb_row via_grid cols_5 laptops-cols_inherit tablets-cols_inherit mobiles-cols_4 valign_top type_default stacking_default\" style=\"--columns-gap:3rem;\"><div class=\"wpb_column vc_column_container\"><div class=\"vc_column-inner\"><div class=\"w-socials us_custom_91f06cd3 color_link shape_none\" style=\"--gap:1.8em;\"><div class=\"w-socials-list\"><div class=\"w-socials-item email\"><a href=\"mailto:armgard.bonin@h2.de\" class=\"w-socials-item-link\" aria-label=\"E-Mail-Adresse\"><span class=\"w-socials-item-link-hover\"><\/span><i class=\"fas fa-envelope\"><\/i><\/a><div class=\"w-socials-item-popup\"><span>E-Mail-Adresse<\/span><\/div><\/div><\/div><\/div><\/div><\/div><div class=\"wpb_column vc_column_container\"><div class=\"vc_column-inner\"><\/div><\/div><div class=\"wpb_column vc_column_container\"><div class=\"vc_column-inner\"><\/div><\/div><div class=\"wpb_column vc_column_container\"><div class=\"vc_column-inner\"><\/div><\/div><div class=\"wpb_column vc_column_container\"><div class=\"vc_column-inner\"><\/div><\/div><\/div><div class=\"w-separator size_small\"><\/div><\/div><\/div><div class=\"wpb_column vc_column_container\"><div class=\"vc_column-inner\"><\/div><\/div><\/div><\/div><\/section><section class=\"l-section wpb_row height_small\"><div class=\"l-section-overlay\" style=\"background:rgba(255,255,255,0.25)\"><\/div><div class=\"l-section-h i-cf\"><div class=\"g-cols vc_row via_grid cols_1-2 laptops-cols_inherit tablets-cols_inherit mobiles-cols_1 valign_top type_default stacking_default\"><div class=\"wpb_column vc_column_container\"><div class=\"vc_column-inner\"><div class=\"w-image has_ratio align_none\"><div class=\"w-image-h\"><div style=\"padding-bottom:100%\"><\/div><img decoding=\"async\" width=\"1388\" height=\"1413\" src=\"https:\/\/spirit.h2.de\/spirit\/wp-content\/uploads\/2023\/07\/Armgard-scaled-e1688628039508.jpg\" class=\"attachment-full size-full\" alt=\"\" loading=\"lazy\" \/><\/div><\/div><\/div><\/div><div class=\"wpb_column vc_column_container\"><div class=\"vc_column-inner\"><div class=\"wpb_text_column\"><div class=\"wpb_wrapper\"><p><strong>Armgard von Bonin<\/strong> ist Projektmitarbeiterin f\u00fcr das internationale Studiengangsentwicklungsprojekt \u201eEntrepreneurship &amp; Innovationsmanagement (MESIM). Seit 2010 ist sie f\u00fcr die Verwaltung, Entwicklung und Koordination des MA Cross Media zust\u00e4ndig. Bevor sie an die Hochschule wechselte, war sie beim Wirtschaftsrat Sachsen-Anhalt t\u00e4tig. Sie studierte Kulturwissenschaften (Philosophie und Bildungswissenschaften) an der OvGU und ist Unternehmerin.<\/p>\n<p><!--EndFragment --><\/p>\n<\/div><\/div><\/div><\/div><\/div><\/div><\/section>\n","protected":false},"excerpt":{"rendered":"Armgard von BoninE-Mail-AdresseArmgard von Bonin ist Projektmitarbeiterin f\u00fcr das internationale Studiengangsentwicklungsprojekt \u201eEntrepreneurship &amp; Innovationsmanagement (MESIM). Seit 2010 ist sie f\u00fcr die Verwaltung, Entwicklung und Koordination des MA Cross Media zust\u00e4ndig. Bevor sie an die Hochschule wechselte, war sie beim Wirtschaftsrat Sachsen-Anhalt t\u00e4tig. Sie studierte Kulturwissenschaften (Philosophie und Bildungswissenschaften) an der OvGU und ist Unternehmerin.","protected":false},"author":9,"featured_media":12314,"parent":46,"menu_order":0,"comment_status":"closed","ping_status":"closed","template":"","meta":{"_acf_changed":false,"footnotes":""},"categories":[],"tags":[204,220],"class_list":["post-11833","page","type-page","status-publish","has-post-thumbnail","hentry","tag-projektmanagement","tag-studiengangsmanagement"],"translation":{"provider":"WPGlobus","version":"3.0.1","language":"de","enabled_languages":["de","en"],"languages":{"de":{"title":true,"content":true,"excerpt":false},"en":{"title":false,"content":false,"excerpt":false}}},"acf":[],"_links":{"self":[{"href":"https:\/\/spirit.h2.de\/spirit\/wp-json\/wp\/v2\/pages\/11833","targetHints":{"allow":["GET"]}}],"collection":[{"href":"https:\/\/spirit.h2.de\/spirit\/wp-json\/wp\/v2\/pages"}],"about":[{"href":"https:\/\/spirit.h2.de\/spirit\/wp-json\/wp\/v2\/types\/page"}],"author":[{"embeddable":true,"href":"https:\/\/spirit.h2.de\/spirit\/wp-json\/wp\/v2\/users\/9"}],"replies":[{"embeddable":true,"href":"https:\/\/spirit.h2.de\/spirit\/wp-json\/wp\/v2\/comments?post=11833"}],"version-history":[{"count":5,"href":"https:\/\/spirit.h2.de\/spirit\/wp-json\/wp\/v2\/pages\/11833\/revisions"}],"predecessor-version":[{"id":16016,"href":"https:\/\/spirit.h2.de\/spirit\/wp-json\/wp\/v2\/pages\/11833\/revisions\/16016"}],"up":[{"embeddable":true,"href":"https:\/\/spirit.h2.de\/spirit\/wp-json\/wp\/v2\/pages\/46"}],"wp:featuredmedia":[{"embeddable":true,"href":"https:\/\/spirit.h2.de\/spirit\/wp-json\/wp\/v2\/media\/12314"}],"wp:attachment":[{"href":"https:\/\/spirit.h2.de\/spirit\/wp-json\/wp\/v2\/media?parent=11833"}],"wp:term":[{"taxonomy":"category","embeddable":true,"href":"https:\/\/spirit.h2.de\/spirit\/wp-json\/wp\/v2\/categories?post=11833"},{"taxonomy":"post_tag","embeddable":true,"href":"https:\/\/spirit.h2.de\/spirit\/wp-json\/wp\/v2\/tags?post=11833"}],"curies":[{"name":"wp","href":"https:\/\/api.w.org\/{rel}","templated":true}]}}