{"id":11820,"date":"2023-06-14T11:10:33","date_gmt":"2023-06-14T09:10:33","guid":{"rendered":"https:\/\/spirit.h2.de\/spirit\/?page_id=11820"},"modified":"2025-09-16T14:15:17","modified_gmt":"2025-09-16T12:15:17","slug":"daniel-nauck","status":"publish","type":"page","link":"https:\/\/spirit.h2.de\/spirit\/officials\/daniel-nauck\/","title":{"rendered":"Daniel Nauck M.A."},"content":{"rendered":"<section class=\"l-section wpb_row height_small\"><div class=\"l-section-h i-cf\"><div class=\"g-cols vc_row via_grid cols_2-1 laptops-cols_inherit tablets-cols_inherit mobiles-cols_1 valign_top type_default stacking_default\"><div class=\"wpb_column vc_column_container\"><div class=\"vc_column-inner\"><div class=\"w-text us_custom_047e52cd has_text_color\"><span class=\"w-text-h\"><span class=\"w-text-value\">Daniel Nauck<\/span><\/span><\/div><div class=\"w-separator size_medium\"><\/div><div class=\"g-cols wpb_row via_grid cols_5 laptops-cols_inherit tablets-cols_inherit mobiles-cols_4 valign_top type_default stacking_default\" style=\"--columns-gap:3rem;\"><div class=\"wpb_column vc_column_container\"><div class=\"vc_column-inner\"><div class=\"w-socials us_custom_91f06cd3 color_link shape_none\" style=\"--gap:1.8em;\"><div class=\"w-socials-list\"><div class=\"w-socials-item email\"><a href=\"mailto:daniel.nauck@h2.de\" class=\"w-socials-item-link\" aria-label=\"E-Mail-Adresse\"><span class=\"w-socials-item-link-hover\"><\/span><i class=\"fas fa-envelope\"><\/i><\/a><div class=\"w-socials-item-popup\"><span>E-Mail-Adresse<\/span><\/div><\/div><\/div><\/div><\/div><\/div><div class=\"wpb_column vc_column_container\"><div class=\"vc_column-inner\"><\/div><\/div><div class=\"wpb_column vc_column_container\"><div class=\"vc_column-inner\"><\/div><\/div><div class=\"wpb_column vc_column_container\"><div class=\"vc_column-inner\"><\/div><\/div><div class=\"wpb_column vc_column_container\"><div class=\"vc_column-inner\"><\/div><\/div><\/div><div class=\"w-separator size_small\"><\/div><\/div><\/div><div class=\"wpb_column vc_column_container\"><div class=\"vc_column-inner\"><\/div><\/div><\/div><\/div><\/section><section class=\"l-section wpb_row height_small\"><div class=\"l-section-overlay\" style=\"background:rgba(255,255,255,0.25)\"><\/div><div class=\"l-section-h i-cf\"><div class=\"g-cols vc_row via_grid cols_1-2 laptops-cols_inherit tablets-cols_inherit mobiles-cols_1 valign_top type_default stacking_default\"><div class=\"wpb_column vc_column_container\"><div class=\"vc_column-inner\"><div class=\"w-image has_ratio align_none\"><div class=\"w-image-h\"><div style=\"padding-bottom:100%\"><\/div><img decoding=\"async\" width=\"2560\" height=\"1707\" src=\"https:\/\/spirit.h2.de\/spirit\/wp-content\/uploads\/2023\/06\/20230608_Daniel-scaled.jpg\" class=\"attachment-full size-full\" alt=\"\" loading=\"lazy\" \/><\/div><\/div><\/div><\/div><div class=\"wpb_column vc_column_container\"><div class=\"vc_column-inner\"><div class=\"wpb_text_column\"><div class=\"wpb_wrapper\"><div><strong>Daniel Nauck<\/strong> (M.A. Leadership in Digitaler Kommunikation, UDK Berlin) ist wissenschaftlicher Mitarbeiter und Studiengangsentwickler f\u00fcr das internationale Studiengangsentwicklungsprojekt \u201eEntrepreneurship &amp; Innovationsmanagement (MESIM).<\/div>\n<div>Internationale Berufs- und Lehrerfahrungen sammelte der ehemalige Gr\u00fcnder im eigenen Unternehmen, als Berater im Unternehmenskontext (SWISS Kronotex AG) sowie \u00a0als selbst\u00e4ndiger Dozent u.a. an der International University Berlin (IU) und an der Filmuniversit\u00e4t KONRAD WOLF.<\/div>\n<div>Vor seinem Engagement an der HS Magdeburg-Stendal war Daniel Nauck u.a. im Gr\u00fcnderservice der Filmuniversit\u00e4t Babelsberg KONRAD WOLF mitverantwortlich f\u00fcr das Projekt MOVE2startup. Hier entwickelte er u.a. hochschul\u00fcbergreifende Lehrinhalte (Move Ideenfest), f\u00f6rderte die Vernetzung mit Unternehmenspartnern (Creative Entrepreneurship Challenge) und unterst\u00fctzte das Scouting von Talenten f\u00fcr die Entwicklung im F\u00f6rderprogramm EXIST. Er ist Mitglied im Coachingpool und Lehrbeauftragter im Studiengang &#8222;Film- und TV-Produktion&#8220;.<\/div>\n<div>F\u00fcr seine Arbeiten wurde er u.a. mit dem Grimme-Online-Award sowie als Journalist des Jahres ausgezeichnet (medium Magazin). F\u00fcr sein Engagement in Sachsen-Anhalt erhielt er 2020 den Sonderpreis f\u00fcr Wirtschaft im Rahmen des Projektes Shopping 4.0. der Landeshauptstadt Magdeburg.<\/div>\n<div>Neben seiner beruflichen Engagement arbeitet Daniel Nauck an einem Promotionsprojekt zu Lehrervorstellungen in der unternehmerischen Lehre.<\/div>\n<p><!--EndFragment --><\/p>\n<\/div><\/div><\/div><\/div><\/div><\/div><\/section>\n<p><span>        <div class=\"spf-container\">\n            <div class=\"spf-publication-list\">\n                                                        <article class=\"spf-publication-item\">\n                        <header class=\"spf-item-header\">\n                            <h3 class=\"spf-item-title\">\n                                <a href=\"https:\/\/scholar.google.com\/citations?view_op=view_citation&#038;hl=en&#038;oe=ASCII&#038;user=RL8kmsEAAAAJ&#038;sortby=pubdate&#038;citation_for_view=RL8kmsEAAAAJ:ZHo1McVdvXMC\" target=\"_blank\" rel=\"noopener noreferrer\">\n                                    Triggers Of Strategic Transition Through Sensemaking In Nascent Entrepreneurship                                <\/a>\n                            <\/h3>\n                            <div class=\"spf-item-meta\">\n                                <span class=\"spf-authors\">T Josimovska, D Nauck, V Trajkovik<\/span>\n                                <span class=\"spf-journal\">Proceedings of the 5th International Conference&quot; Economic and Business\u00a0\u2026, 2025<\/span>\n                            <\/div>\n                        <\/header>\n                                                <footer class=\"spf-item-footer\">\n                            <span class=\"spf-year\">2025<\/span>\n                        <\/footer>\n                    <\/article>\n                                                        <article class=\"spf-publication-item\">\n                        <header class=\"spf-item-header\">\n                            <h3 class=\"spf-item-title\">\n                                <a href=\"https:\/\/scholar.google.com\/citations?view_op=view_citation&#038;hl=en&#038;oe=ASCII&#038;user=RL8kmsEAAAAJ&#038;sortby=pubdate&#038;citation_for_view=RL8kmsEAAAAJ:SeFeTyx0c_EC\" target=\"_blank\" rel=\"noopener noreferrer\">\n                                    Antecedents and outcomes of learning from and with entrepreneurial role models: A systematic literature review                                <\/a>\n                            <\/h3>\n                            <div class=\"spf-item-meta\">\n                                <span class=\"spf-authors\">D Nauck, B Kitanovikj, M Herzog<\/span>\n                                <span class=\"spf-journal\">Journal of the International Council for Small Business 6 (3), 524-538, 2025<\/span>\n                            <\/div>\n                        <\/header>\n                                                <footer class=\"spf-item-footer\">\n                            <span class=\"spf-year\">2025<\/span>\n                        <\/footer>\n                    <\/article>\n                                                        <article class=\"spf-publication-item\">\n                        <header class=\"spf-item-header\">\n                            <h3 class=\"spf-item-title\">\n                                <a href=\"https:\/\/scholar.google.com\/citations?view_op=view_citation&#038;hl=en&#038;oe=ASCII&#038;user=RL8kmsEAAAAJ&#038;sortby=pubdate&#038;citation_for_view=RL8kmsEAAAAJ:HoB7MX3m0LUC\" target=\"_blank\" rel=\"noopener noreferrer\">\n                                    Experimenting or Iterating? Exploring Entrepreneurial Retailers\u2019 Digital Business Activities Through Visual Data Generation-Insights From a Research-Based Teaching and Learning\u00a0\u2026                                <\/a>\n                            <\/h3>\n                            <div class=\"spf-item-meta\">\n                                <span class=\"spf-authors\">D Nauck, M Nowak, M Herzog<\/span>\n                                <span class=\"spf-journal\">Proceedings of the 5th International Conference&quot; Economic and Business\u00a0\u2026, 2024<\/span>\n                            <\/div>\n                        <\/header>\n                                                <footer class=\"spf-item-footer\">\n                            <span class=\"spf-year\">2024<\/span>\n                        <\/footer>\n                    <\/article>\n                            <\/div>\n\n                    <\/div>\n        <\/span><\/p>\n","protected":false},"excerpt":{"rendered":"Daniel NauckE-Mail-AdresseDaniel Nauck (M.A. Leadership in Digitaler Kommunikation, UDK Berlin) ist wissenschaftlicher Mitarbeiter und Studiengangsentwickler f\u00fcr das internationale Studiengangsentwicklungsprojekt \u201eEntrepreneurship &amp; Innovationsmanagement (MESIM). Internationale Berufs- und Lehrerfahrungen sammelte der ehemalige Gr\u00fcnder im eigenen Unternehmen, als Berater im Unternehmenskontext (SWISS Kronotex AG) sowie \u00a0als selbst\u00e4ndiger Dozent u.a. an der International University Berlin (IU) und an der...","protected":false},"author":9,"featured_media":12003,"parent":46,"menu_order":0,"comment_status":"closed","ping_status":"closed","template":"","meta":{"_acf_changed":false,"footnotes":""},"categories":[],"tags":[198,200],"class_list":["post-11820","page","type-page","status-publish","has-post-thumbnail","hentry","tag-entrepreneurship","tag-studiengangsentwicklung"],"translation":{"provider":"WPGlobus","version":"3.0.1","language":"de","enabled_languages":["de","en"],"languages":{"de":{"title":true,"content":true,"excerpt":false},"en":{"title":false,"content":false,"excerpt":false}}},"acf":[],"_links":{"self":[{"href":"https:\/\/spirit.h2.de\/spirit\/wp-json\/wp\/v2\/pages\/11820","targetHints":{"allow":["GET"]}}],"collection":[{"href":"https:\/\/spirit.h2.de\/spirit\/wp-json\/wp\/v2\/pages"}],"about":[{"href":"https:\/\/spirit.h2.de\/spirit\/wp-json\/wp\/v2\/types\/page"}],"author":[{"embeddable":true,"href":"https:\/\/spirit.h2.de\/spirit\/wp-json\/wp\/v2\/users\/9"}],"replies":[{"embeddable":true,"href":"https:\/\/spirit.h2.de\/spirit\/wp-json\/wp\/v2\/comments?post=11820"}],"version-history":[{"count":8,"href":"https:\/\/spirit.h2.de\/spirit\/wp-json\/wp\/v2\/pages\/11820\/revisions"}],"predecessor-version":[{"id":16390,"href":"https:\/\/spirit.h2.de\/spirit\/wp-json\/wp\/v2\/pages\/11820\/revisions\/16390"}],"up":[{"embeddable":true,"href":"https:\/\/spirit.h2.de\/spirit\/wp-json\/wp\/v2\/pages\/46"}],"wp:featuredmedia":[{"embeddable":true,"href":"https:\/\/spirit.h2.de\/spirit\/wp-json\/wp\/v2\/media\/12003"}],"wp:attachment":[{"href":"https:\/\/spirit.h2.de\/spirit\/wp-json\/wp\/v2\/media?parent=11820"}],"wp:term":[{"taxonomy":"category","embeddable":true,"href":"https:\/\/spirit.h2.de\/spirit\/wp-json\/wp\/v2\/categories?post=11820"},{"taxonomy":"post_tag","embeddable":true,"href":"https:\/\/spirit.h2.de\/spirit\/wp-json\/wp\/v2\/tags?post=11820"}],"curies":[{"name":"wp","href":"https:\/\/api.w.org\/{rel}","templated":true}]}}