{"id":11800,"date":"2023-06-14T10:22:57","date_gmt":"2023-06-14T08:22:57","guid":{"rendered":"https:\/\/spirit.h2.de\/spirit\/?page_id=11800"},"modified":"2025-04-01T11:34:57","modified_gmt":"2025-04-01T09:34:57","slug":"matthias-kraut","status":"publish","type":"page","link":"https:\/\/spirit.h2.de\/spirit\/officials\/matthias-kraut\/","title":{"rendered":"Matthias Kraut M.A."},"content":{"rendered":"<section class=\"l-section wpb_row height_small\"><div class=\"l-section-h i-cf\"><div class=\"g-cols vc_row via_grid cols_2-1 laptops-cols_inherit tablets-cols_inherit mobiles-cols_1 valign_top type_default stacking_default\"><div class=\"wpb_column vc_column_container\"><div class=\"vc_column-inner\"><div class=\"w-text us_custom_047e52cd has_text_color\"><span class=\"w-text-h\"><span class=\"w-text-value\">Matthias Kraut<\/span><\/span><\/div><div class=\"w-separator size_medium\"><\/div><div class=\"g-cols wpb_row via_grid cols_5 laptops-cols_inherit tablets-cols_inherit mobiles-cols_4 valign_top type_default stacking_default\" style=\"--columns-gap:3rem;\"><div class=\"wpb_column vc_column_container\"><div class=\"vc_column-inner\"><div class=\"w-socials us_custom_91f06cd3 color_link shape_none\" style=\"--gap:1.8em;\"><div class=\"w-socials-list\"><div class=\"w-socials-item email\"><a href=\"mailto:matthias.kraut@h2.de\" class=\"w-socials-item-link\" aria-label=\"E-Mail-Adresse\"><span class=\"w-socials-item-link-hover\"><\/span><i class=\"fas fa-envelope\"><\/i><\/a><div class=\"w-socials-item-popup\"><span>E-Mail-Adresse<\/span><\/div><\/div><\/div><\/div><\/div><\/div><div class=\"wpb_column vc_column_container\"><div class=\"vc_column-inner\"><\/div><\/div><div class=\"wpb_column vc_column_container\"><div class=\"vc_column-inner\"><\/div><\/div><div class=\"wpb_column vc_column_container\"><div class=\"vc_column-inner\"><\/div><\/div><div class=\"wpb_column vc_column_container\"><div class=\"vc_column-inner\"><\/div><\/div><\/div><div class=\"w-separator size_small\"><\/div><\/div><\/div><div class=\"wpb_column vc_column_container\"><div class=\"vc_column-inner\"><\/div><\/div><\/div><\/div><\/section><section class=\"l-section wpb_row height_small\"><div class=\"l-section-overlay\" style=\"background:rgba(255,255,255,0.25)\"><\/div><div class=\"l-section-h i-cf\"><div class=\"g-cols vc_row via_grid cols_1-2 laptops-cols_inherit tablets-cols_inherit mobiles-cols_1 valign_top type_default stacking_default\"><div class=\"wpb_column vc_column_container\"><div class=\"vc_column-inner\"><div class=\"w-image has_ratio align_none\"><div class=\"w-image-h\"><div style=\"padding-bottom:100%\"><\/div><img decoding=\"async\" width=\"509\" height=\"468\" src=\"https:\/\/spirit.h2.de\/spirit\/wp-content\/uploads\/2023\/06\/Matthias-e1686731866412.jpg\" class=\"attachment-full size-full\" alt=\"\" loading=\"lazy\" \/><\/div><\/div><\/div><\/div><div class=\"wpb_column vc_column_container\"><div class=\"vc_column-inner\"><div class=\"wpb_text_column\"><div class=\"wpb_wrapper\"><p><b>Matthias Kraut <\/b>ist Erwachsenenp\u00e4dagoge und Soziologe. Er ist aktuell wissenschaftlicher Mitarbeiter im Projekt HiRES am Fachbereich Wirtschaft.<br \/>\nZuvor war er als wissenschaftlicher Mitarbeiter am Zentrum f\u00fcr Universit\u00e4res Lehren und Lernen (HUL) an der Universit\u00e4t Hamburg und am Zentrum f\u00fcr Hochschuldidaktik und angewandte Hochschulforschung (ZHH) an der Hochschule Magdeburg-Stendal t\u00e4tig.<br \/>\nSeit 2016 arbeitet er freiberuflich als Dozent und Trainer. Thematischer Schwerpunkt seines Promotionsvorhabens an der OVGU Magdeburg ist die Professionalisierung der Hochschuldidaktik.<\/p>\n<p><!--EndFragment --><\/p>\n<\/div><\/div><\/div><\/div><\/div><\/div><\/section>\n","protected":false},"excerpt":{"rendered":"{:de}Matthias KrautE-Mail-AdresseMatthias Kraut ist Erwachsenenp\u00e4dagoge und Soziologe. Er ist aktuell wissenschaftlicher Mitarbeiter im Projekt HiRES am Fachbereich Wirtschaft. Zuvor war er als wissenschaftlicher Mitarbeiter am Zentrum f\u00fcr Universit\u00e4res Lehren und Lernen (HUL) an der Universit\u00e4t Hamburg und am Zentrum f\u00fcr Hochschuldidaktik und angewandte Hochschulforschung (ZHH) an der Hochschule Magdeburg-Stendal t\u00e4tig. Seit 2016 arbeitet er freiberuflich...","protected":false},"author":9,"featured_media":11804,"parent":46,"menu_order":0,"comment_status":"closed","ping_status":"closed","template":"","meta":{"_acf_changed":false,"footnotes":""},"categories":[],"tags":[231,229],"class_list":["post-11800","page","type-page","status-publish","has-post-thumbnail","hentry","tag-hochschuldidaktik","tag-soziologie"],"translation":{"provider":"WPGlobus","version":"3.0.1","language":"de","enabled_languages":["de","en"],"languages":{"de":{"title":true,"content":true,"excerpt":false},"en":{"title":true,"content":true,"excerpt":false}}},"acf":[],"_links":{"self":[{"href":"https:\/\/spirit.h2.de\/spirit\/wp-json\/wp\/v2\/pages\/11800","targetHints":{"allow":["GET"]}}],"collection":[{"href":"https:\/\/spirit.h2.de\/spirit\/wp-json\/wp\/v2\/pages"}],"about":[{"href":"https:\/\/spirit.h2.de\/spirit\/wp-json\/wp\/v2\/types\/page"}],"author":[{"embeddable":true,"href":"https:\/\/spirit.h2.de\/spirit\/wp-json\/wp\/v2\/users\/9"}],"replies":[{"embeddable":true,"href":"https:\/\/spirit.h2.de\/spirit\/wp-json\/wp\/v2\/comments?post=11800"}],"version-history":[{"count":23,"href":"https:\/\/spirit.h2.de\/spirit\/wp-json\/wp\/v2\/pages\/11800\/revisions"}],"predecessor-version":[{"id":16158,"href":"https:\/\/spirit.h2.de\/spirit\/wp-json\/wp\/v2\/pages\/11800\/revisions\/16158"}],"up":[{"embeddable":true,"href":"https:\/\/spirit.h2.de\/spirit\/wp-json\/wp\/v2\/pages\/46"}],"wp:featuredmedia":[{"embeddable":true,"href":"https:\/\/spirit.h2.de\/spirit\/wp-json\/wp\/v2\/media\/11804"}],"wp:attachment":[{"href":"https:\/\/spirit.h2.de\/spirit\/wp-json\/wp\/v2\/media?parent=11800"}],"wp:term":[{"taxonomy":"category","embeddable":true,"href":"https:\/\/spirit.h2.de\/spirit\/wp-json\/wp\/v2\/categories?post=11800"},{"taxonomy":"post_tag","embeddable":true,"href":"https:\/\/spirit.h2.de\/spirit\/wp-json\/wp\/v2\/tags?post=11800"}],"curies":[{"name":"wp","href":"https:\/\/api.w.org\/{rel}","templated":true}]}}