{"id":11698,"date":"2023-06-08T13:35:58","date_gmt":"2023-06-08T11:35:58","guid":{"rendered":"https:\/\/spirit.h2.de\/spirit\/?page_id=11698"},"modified":"2023-12-23T12:47:34","modified_gmt":"2023-12-23T11:47:34","slug":"mesim-2","status":"publish","type":"page","link":"https:\/\/spirit.h2.de\/spirit\/projekte\/mesim-2\/","title":{"rendered":"MEsIM \u2013 Innovation Management and Entrepreneurship"},"content":{"rendered":"<section class=\"l-section wpb_row height_auto\"><div class=\"l-section-h i-cf\"><div class=\"g-cols vc_row via_grid cols_1 laptops-cols_inherit tablets-cols_inherit mobiles-cols_1 valign_top type_default stacking_default\"><div class=\"wpb_column vc_column_container\"><div class=\"vc_column-inner\"><div class=\"w-separator size_small\"><\/div><div class=\"w-separator size_small\"><\/div><div class=\"w-text us_custom_ccb6e813 has_text_color\"><span class=\"w-text-h\"><span class=\"w-text-value\">MEsIM<\/span><\/span><\/div><div class=\"w-separator size_custom\" style=\"height:0.9rem\"><\/div><div class=\"w-text us_custom_a3fc07dd has_text_color\"><span class=\"w-text-h\"><span class=\"w-text-value\">Entrepreneurship and Innovation Management<\/span><\/span><\/div><div class=\"w-separator size_small\"><\/div><div class=\"wpb_column vc_column_container\"><div class=\"vc_column-inner\"><div class=\"w-image has_ratio align_none\"><div class=\"w-image-h\"><div style=\"padding-bottom:33.3333%\"><\/div><img decoding=\"async\" width=\"1187\" height=\"596\" src=\"https:\/\/spirit.h2.de\/spirit\/wp-content\/uploads\/2023\/06\/MESIM-e1686224101417.png\" class=\"attachment-full size-full\" alt=\"\" loading=\"lazy\" \/><\/div><\/div><\/div><\/div><\/div><\/div><\/div><\/div><\/section><section class=\"l-section wpb_row height_medium\"><div class=\"l-section-h i-cf\"><div class=\"g-cols vc_row via_grid cols_2-1 laptops-cols_inherit tablets-cols_inherit mobiles-cols_1 valign_top type_default stacking_default\" style=\"--columns-gap:5rem;\"><div class=\"wpb_column vc_column_container\"><div class=\"vc_column-inner\"><div class=\"w-text us_custom_b01cd5ea has_text_color\"><span class=\"w-text-h\"><span class=\"w-text-value\">Ziele und Projektinhalte<\/span><\/span><\/div><div class=\"w-separator size_small\"><\/div><div class=\"wpb_text_column\"><div class=\"wpb_wrapper\"><p>Ziel des Pilotprojektes MEsIM (Entrepreneurship and Innovation Management) ist die Etablierung eines interdisziplin\u00e4ren, multinationale Masterstudiengang in Kooperation der Hochschule Magdeburg-Stendal (h2) und der German-Jordanien University (GJU).<br \/>\nDas Studienprogramm f\u00f6rdert unternehmerische Talente aus den die Ingenieur- und Wirtschaftswissenschaften und dem Design \u00fcber die beiden Partnerjochschulen hinaus.<br \/>\nInhaltliche Schwerpunkte \u00a0sind neben dem Fokus auf Gesch\u00e4ftsmodellentwicklung sind die Themen Innovationmanagement und Nachhaltigkeit.<br \/>\nDamit f\u00fcllt das Programm eine akademische Programml\u00fccke an beiden akademischen Institutionen f\u00fcllen und die Mobilit\u00e4t qualifizierter Arbeitskr\u00e4fte zwischen beiden L\u00e4ndern erh\u00f6hen.<br \/>\nDas Projekt wird als eine Lernwerkstatt verstanden, die \u00fcber die Studierenden als Hauptzielgruppe weit hinaus reicht.<\/p>\n<\/div><\/div><div class=\"w-separator size_large\"><\/div><div class=\"w-text us_custom_b01cd5ea has_text_color\"><span class=\"w-text-h\"><span class=\"w-text-value\">Aufgaben und Ma\u00dfnahmen<\/span><\/span><\/div><div class=\"w-separator size_small\"><\/div><div class=\"wpb_text_column\"><div class=\"wpb_wrapper\"><p>Machbarkeit und Marktanalyse<\/p>\n<ul>\n<li>Analyse der Stakeholder des Studienprogramms<\/li>\n<li>Erstellung einer Marktanalyse im Rahmen einer Machbarkeitsstudie: Durchf\u00fchrung und einer Befragung von Studierenden und Wirtschaft\/Stakeholdern<\/li>\n<\/ul>\n<p>Entwicklung des Studienprogramms und des Curriculums<\/p>\n<ul>\n<li>Erarbeitung von Persona- und Kompetenzprofilen<\/li>\n<li>Entwicklung von Modulen und didaktischen Konzepten f\u00fcr das Studienprogramm<\/li>\n<li>Ausarbeitung einer abgestimmten Studien- und Pr\u00fcfungsordnung<\/li>\n<li>Beschreibung und Entwicklung der Modulinhalte im Online-Modulhandbuch<\/li>\n<li>Aufbau der Ressourcenplanung, u.a. Quantifizierte Stundenpl\u00e4ne<\/li>\n<\/ul>\n<p>Partizipative Struktur- und Organisationsentwicklung<\/p>\n<ul>\n<li>Entwicklung des Kooperationsmodells und der Verwaltungsstruktur mit den beteiligten Organisationen und Stellen<\/li>\n<li>Entwicklung von Arbeitsstrukturen wie Prozessdefinitionen und Templates<\/li>\n<\/ul>\n<p>Marketingpl\u00e4ne und Kampagnen<\/p>\n<ul>\n<li>Entwicklung von Unique Selling Proposition<\/li>\n<li>Entwicklung eines Kommunikationsplans zur Studierendengewinnung<\/li>\n<li>Webauftritt\/Landing Page<\/li>\n<li>Durchf\u00fchrung von Erfolgsmessungen der Medienkampagnen<\/li>\n<li>Planung und Auswertung der Beteiligung an Berufsmessen<\/li>\n<\/ul>\n<p>Onboarding<\/p>\n<ul>\n<li>Durchf\u00fchrung von Eingliederungsma\u00dfnahmen f\u00fcr Studierende und Lehrende<\/li>\n<li>Konzept und Planungsdokumente f\u00fcr die Welcome Week<\/li>\n<li>Event-Dokumentation<\/li>\n<\/ul>\n<p>Semestersupport in der Pilotphase<\/p>\n<ul>\n<li>Unterst\u00fctzung der Studierenden, der Lehrenden und der Verwaltung beim Start des operativen Betriebes des Studiengangs<\/li>\n<li>Anleitungen, Tutorials f\u00fcr ausgew\u00e4hlte Tools und Technik<\/li>\n<li>Dokumente und Material zur Lehrveranstaltungsorganisation und Kursdurchf\u00fchrung f\u00fcr Moodle<\/li>\n<li>Student Coaching Templates<\/li>\n<\/ul>\n<p>Validation<\/p>\n<ul>\n<li>Entwicklung von Befragungsdokumenten<\/li>\n<li>Durchf\u00fchrung und Auswertung von Daten aus der Befragung<\/li>\n<li>Pr\u00e4sentation der Analyseergebnisse als Diskussionsgrundlage f\u00fcr die zweite Phase der Ideation<\/li>\n<li><\/li>\n<\/ul>\n<p>Akkreditierung<\/p>\n<ul>\n<li>Selbstdokumentation f\u00fcr die Systemakkreditierung an der h2 (Ziele, Konzept, Implementierung<\/li>\n<li>Anerkennung und Anrechnung<\/li>\n<li>Evaluationsordnung und Frageb\u00f6gen<\/li>\n<li>Zuarbeit f\u00fcr die jordanische Akkreditierung<\/li>\n<\/ul>\n<p>Projekt-\/Programmevaluation<\/p>\n<ul>\n<li>Dokumentation der Evaluationsinstrumente<\/li>\n<li>Erstellung, Layout und Satz des Zwischen- und Abschlussberichts sowie der Evaluationsberichte<\/li>\n<\/ul>\n<p>Projektmanagement<\/p>\n<ul>\n<li>Planung von Reisen und Veranstaltungen<\/li>\n<li>Planung von Verwaltung und Finanzen<\/li>\n<li>Erstellung von studentischen Vertr\u00e4gen<\/li>\n<li>Erstellung von Learning Management System-Tools<\/li>\n<\/ul>\n<p>Aufbau von Netzwerken<\/p>\n<ul>\n<li>Akquise weiterer Partner aus Wirtschaft und Organisationen<\/li>\n<li>Aufbauen und Pflege eines unternehmerischen \u00d6kosystems<\/li>\n<li>Akquise weiterer internationaler Partnerhochschulen<\/li>\n<\/ul>\n<\/div><\/div><div class=\"w-separator size_large\"><\/div><div class=\"w-text us_custom_b01cd5ea has_text_color\"><span class=\"w-text-h\"><span class=\"w-text-value\">Galerie<\/span><\/span><\/div><div class=\"w-separator size_small\"><\/div><div class=\"w-grid us_carousel type_carousel layout_gallery_default preload_style_spinner items_3\" id=\"us_grid_1\" style=\"--items:3;--gap:1.5rem;\"><style>.layout_gallery_default .w-grid-item-h{}<\/style><div class=\"w-grid-list owl-carousel valign_stretch dotstyle_circle navstyle_circle arrows-ver-pos_middle arrows-hor-pos_on_sides_outside arrows-disabled_hide owl-responsive-2000 with_arrows\" style=\"--transition-duration:350ms;--arrows-size:1.5rem;--arrows-hor-offset:calc(0px + 1.5rem);--arrows-gap:10px;\">\t<article class=\"w-grid-item post-11708 attachment type-attachment status-inherit hentry\" data-id=\"11708\">\r\n\t\t<div class=\"w-grid-item-h\">\r\n\t\t\t\t\t\t<div class=\"w-post-elm post_image usg_post_image_1 stretched\"><img loading=\"lazy\" decoding=\"async\" width=\"1187\" height=\"596\" src=\"https:\/\/spirit.h2.de\/spirit\/wp-content\/uploads\/2023\/06\/MESIM-e1686224101417.png\" class=\"attachment-large size-large\" alt=\"\" srcset=\"https:\/\/spirit.h2.de\/spirit\/wp-content\/uploads\/2023\/06\/MESIM-e1686224101417.png 1187w, https:\/\/spirit.h2.de\/spirit\/wp-content\/uploads\/2023\/06\/MESIM-e1686224101417-640x321.png 640w, https:\/\/spirit.h2.de\/spirit\/wp-content\/uploads\/2023\/06\/MESIM-e1686224101417-100x50.png 100w\" sizes=\"auto, (max-width: 1187px) 100vw, 1187px\" \/><\/div>\t\t<\/div>\r\n\t\t\t<\/article>\r\n<\/div><div class=\"w-grid-carousel-json hidden\" onclick='return {&quot;carousel_settings&quot;:{&quot;aria_labels&quot;:{&quot;prev&quot;:&quot;Zur\\u00fcck&quot;,&quot;next&quot;:&quot;Weiter&quot;},&quot;autoplayContinual&quot;:false,&quot;autoplayHoverPause&quot;:false,&quot;autoplayTimeout&quot;:3000,&quot;autoWidth&quot;:false,&quot;smartSpeed&quot;:350,&quot;margin&quot;:0,&quot;mouseDrag&quot;:true,&quot;rtl&quot;:false,&quot;slideBy&quot;:&quot;1&quot;,&quot;touchDrag&quot;:true,&quot;slideTransition&quot;:&quot;&quot;,&quot;responsive&quot;:{&quot;0&quot;:{&quot;autoHeight&quot;:false,&quot;autoplay&quot;:true,&quot;autoWidth&quot;:false,&quot;center&quot;:false,&quot;dots&quot;:false,&quot;items&quot;:1,&quot;loop&quot;:false,&quot;nav&quot;:false,&quot;stagePadding&quot;:0,&quot;slideBy&quot;:&quot;1&quot;},&quot;601&quot;:{&quot;autoHeight&quot;:false,&quot;autoplay&quot;:true,&quot;autoWidth&quot;:false,&quot;center&quot;:false,&quot;dots&quot;:false,&quot;items&quot;:2,&quot;loop&quot;:false,&quot;nav&quot;:true,&quot;stagePadding&quot;:0,&quot;slideBy&quot;:&quot;1&quot;},&quot;1025&quot;:{&quot;autoHeight&quot;:false,&quot;autoplay&quot;:true,&quot;autoWidth&quot;:false,&quot;center&quot;:false,&quot;dots&quot;:false,&quot;items&quot;:3,&quot;loop&quot;:false,&quot;nav&quot;:true,&quot;stagePadding&quot;:0,&quot;slideBy&quot;:&quot;1&quot;},&quot;1281&quot;:{&quot;items&quot;:3,&quot;autoplay&quot;:false,&quot;center&quot;:false,&quot;dots&quot;:false,&quot;nav&quot;:true,&quot;autoHeight&quot;:false,&quot;autoWidth&quot;:false,&quot;loop&quot;:false,&quot;stagePadding&quot;:0}}}}'><\/div><\/div><div class=\"w-separator size_large\"><\/div><div class=\"w-separator size_small\"><\/div><div class=\"w-separator size_small\"><\/div><\/div><\/div><div class=\"wpb_column vc_column_container\"><div class=\"vc_column-inner\"><div class=\"w-text us_custom_b01cd5ea has_text_color\"><span class=\"w-text-h\"><span class=\"w-text-value\">Eckdaten<\/span><\/span><\/div><div class=\"w-separator size_small\"><\/div><div class=\"w-text us_custom_32940c00 has_text_color\"><span class=\"w-text-h\"><span class=\"w-text-value\">Laufzeit<\/span><\/span><\/div><div class=\"w-separator size_custom\" style=\"height:0.6rem\"><\/div><div class=\"wpb_text_column\"><div class=\"wpb_wrapper\"><p>01.01.2023 \u2013 31.12.2024<\/p>\n<\/div><\/div><div class=\"w-separator size_small\"><\/div><div class=\"w-text us_custom_32940c00 has_text_color\"><span class=\"w-text-h\"><span class=\"w-text-value\">Verbundpartner*innen<\/span><\/span><\/div><div class=\"w-separator size_custom\" style=\"height:0.6rem\"><\/div><div class=\"wpb_text_column\"><div class=\"wpb_wrapper\"><ul>\n<li>German Jordanian University Amman | SATS Faculty | Deanship of Innovation and Entrepreneurship<\/li>\n<\/ul>\n<\/div><\/div><div class=\"w-separator size_small\"><\/div><div class=\"w-text us_custom_32940c00 has_text_color\"><span class=\"w-text-h\"><span class=\"w-text-value\">F\u00f6rdermittelgebende<\/span><\/span><\/div><div class=\"w-separator size_custom\" style=\"height:0.6rem\"><\/div><div class=\"wpb_text_column\"><div class=\"wpb_wrapper\"><ul>\n<li>Deutscher akademischer Austauschdienst HAW international<\/li>\n<li>Bundesministerium f\u00fcr Bildung und Forschung<\/li>\n<\/ul>\n<\/div><\/div><div class=\"w-separator size_small\"><\/div><div class=\"w-text us_custom_32940c00 has_text_color\"><span class=\"w-text-h\"><span class=\"w-text-value\">Wissenschaftler*innen:<\/span><\/span><\/div><div class=\"w-separator size_custom\" style=\"height:0.6rem\"><\/div><div class=\"wpb_text_column\"><div class=\"wpb_wrapper\"><p><strong>M.A. Daniel Nauck<br \/>\n<\/strong>Teamleiter<br \/>\nEntrepreneurship<br \/>\nHochschule Magdeburg-Stendal<br \/>\ndaniel.nauck@h2.de<\/p>\n<\/div><\/div><div class=\"w-separator size_custom\" style=\"height:0.6rem\"><\/div><div class=\"wpb_text_column\"><div class=\"wpb_wrapper\"><p><strong>B.A. Armgard von Bonin<br \/>\n<\/strong>Projektmanagement<br \/>\nHochschule Magdeburg-Stendal<br \/>\narmgard.bonin@h2.de<\/p>\n<\/div><\/div><div class=\"w-separator size_custom\" style=\"height:0.6rem\"><\/div><div class=\"wpb_text_column\"><div class=\"wpb_wrapper\"><p><strong>M.A. Matthias Kraut<br \/>\n<\/strong>Entrepreneurship and Innovationmanagement<br \/>\nmatthias.kraut@gmx.de<\/p>\n<\/div><\/div><div class=\"w-separator size_custom\" style=\"height:0.6rem\"><\/div><div class=\"wpb_text_column\"><div class=\"wpb_wrapper\"><p><strong>Prof. Dr. Torsten Heitjans<br \/>\n<\/strong>Stellvertretender Projektleiter<br \/>\ntorsten.heitjans@h2.de<\/p>\n<\/div><\/div><div class=\"w-separator size_custom\" style=\"height:0.6rem\"><\/div><div class=\"wpb_text_column\"><div class=\"wpb_wrapper\"><p><strong>Prof. Dr. Michael A. Herzog<\/strong><br \/>\nProjektleiter<br \/>\nWirtschaftsinformatik<br \/>\nHochschule Magdeburg-Stendal<br \/>\nmichael.herzog@h2.de<\/p>\n<\/div><\/div><\/div><\/div><\/div><\/div><\/section><section class=\"l-section wpb_row height_auto\"><div class=\"l-section-h i-cf\"><div class=\"g-cols vc_row via_grid cols_1 laptops-cols_inherit tablets-cols_inherit mobiles-cols_1 valign_top type_default stacking_default\"><div class=\"wpb_column vc_column_container\"><div class=\"vc_column-inner\"><div class=\"w-separator size_small\"><\/div><div class=\"w-separator size_small\"><\/div><div class=\"w-separator size_huge\"><\/div><\/div><\/div><\/div><\/div><\/section><section class=\"l-section wpb_row height_custom\"><div class=\"l-section-h i-cf\"><div class=\"g-cols vc_row via_grid cols_1 laptops-cols_inherit tablets-cols_inherit mobiles-cols_1 valign_top type_default stacking_default\"><div class=\"wpb_column vc_column_container\"><div class=\"vc_column-inner\"><\/div><\/div><\/div><\/div><\/section>\n","protected":false},"excerpt":{"rendered":"","protected":false},"author":9,"featured_media":11708,"parent":4137,"menu_order":0,"comment_status":"closed","ping_status":"closed","template":"","meta":{"_acf_changed":false,"footnotes":""},"categories":[],"tags":[],"class_list":["post-11698","page","type-page","status-publish","has-post-thumbnail","hentry"],"translation":{"provider":"WPGlobus","version":"3.0.1","language":"de","enabled_languages":["de","en"],"languages":{"de":{"title":true,"content":true,"excerpt":false},"en":{"title":true,"content":true,"excerpt":false}}},"acf":[],"_links":{"self":[{"href":"https:\/\/spirit.h2.de\/spirit\/wp-json\/wp\/v2\/pages\/11698","targetHints":{"allow":["GET"]}}],"collection":[{"href":"https:\/\/spirit.h2.de\/spirit\/wp-json\/wp\/v2\/pages"}],"about":[{"href":"https:\/\/spirit.h2.de\/spirit\/wp-json\/wp\/v2\/types\/page"}],"author":[{"embeddable":true,"href":"https:\/\/spirit.h2.de\/spirit\/wp-json\/wp\/v2\/users\/9"}],"replies":[{"embeddable":true,"href":"https:\/\/spirit.h2.de\/spirit\/wp-json\/wp\/v2\/comments?post=11698"}],"version-history":[{"count":15,"href":"https:\/\/spirit.h2.de\/spirit\/wp-json\/wp\/v2\/pages\/11698\/revisions"}],"predecessor-version":[{"id":16619,"href":"https:\/\/spirit.h2.de\/spirit\/wp-json\/wp\/v2\/pages\/11698\/revisions\/16619"}],"up":[{"embeddable":true,"href":"https:\/\/spirit.h2.de\/spirit\/wp-json\/wp\/v2\/pages\/4137"}],"wp:featuredmedia":[{"embeddable":true,"href":"https:\/\/spirit.h2.de\/spirit\/wp-json\/wp\/v2\/media\/11708"}],"wp:attachment":[{"href":"https:\/\/spirit.h2.de\/spirit\/wp-json\/wp\/v2\/media?parent=11698"}],"wp:term":[{"taxonomy":"category","embeddable":true,"href":"https:\/\/spirit.h2.de\/spirit\/wp-json\/wp\/v2\/categories?post=11698"},{"taxonomy":"post_tag","embeddable":true,"href":"https:\/\/spirit.h2.de\/spirit\/wp-json\/wp\/v2\/tags?post=11698"}],"curies":[{"name":"wp","href":"https:\/\/api.w.org\/{rel}","templated":true}]}}