{"id":9055,"date":"2022-07-07T11:01:12","date_gmt":"2022-07-07T09:01:12","guid":{"rendered":"https:\/\/spirit.h2.de\/wordpress\/?page_id=9055"},"modified":"2024-10-08T13:06:54","modified_gmt":"2024-10-08T11:06:54","slug":"h2d2-praxis-innovation-lab","status":"publish","type":"page","link":"https:\/\/spirit.h2.de\/spirit\/en\/projekte\/h2d2-praxis-innovation-lab\/","title":{"rendered":"H2D2 &#8211; Praxis Innovation Lab"},"content":{"rendered":"<section class=\"l-section wpb_row height_auto\"><div class=\"l-section-h i-cf\"><div class=\"g-cols vc_row via_grid cols_1 laptops-cols_inherit tablets-cols_inherit mobiles-cols_1 valign_top type_default stacking_default\"><div class=\"wpb_column vc_column_container\"><div class=\"vc_column-inner\"><div class=\"w-separator size_small\"><\/div><div class=\"w-separator size_small\"><\/div><div class=\"w-text us_custom_ccb6e813 has_text_color\"><span class=\"w-text-h\"><span class=\"w-text-value\">H2D2 Praxis Innovation Lab<\/span><\/span><\/div><div class=\"w-separator size_custom\" style=\"height:0.9rem\"><\/div><div class=\"w-text us_custom_a3fc07dd has_text_color\"><span class=\"w-text-h\"><span class=\"w-text-value\">Didaktisch und digital kompetent Lehren und Lernen<\/span><\/span><\/div><div class=\"w-separator size_small\"><\/div><div class=\"wpb_column vc_column_container\"><div class=\"vc_column-inner\"><div class=\"w-image has_ratio align_none\"><div class=\"w-image-h\"><div style=\"padding-bottom:38.0952%\"><\/div><img decoding=\"async\" width=\"12837\" height=\"5459\" src=\"https:\/\/spirit.h2.de\/spirit\/wp-content\/uploads\/2023\/01\/PIP_Process_Spirit_Website_BREIT-1.png\" class=\"attachment-full size-full\" alt=\"\" loading=\"lazy\" \/><\/div><\/div><\/div><\/div><\/div><\/div><\/div><\/div><\/section><section class=\"l-section wpb_row height_medium\"><div class=\"l-section-h i-cf\"><div class=\"g-cols vc_row via_grid cols_2-1 laptops-cols_inherit tablets-cols_inherit mobiles-cols_1 valign_top type_default stacking_default\" style=\"--columns-gap:5rem;\"><div class=\"wpb_column vc_column_container\"><div class=\"vc_column-inner\"><div class=\"w-text us_custom_b01cd5ea has_text_color\"><span class=\"w-text-h\"><span class=\"w-text-value\">Ausgangslage<\/span><\/span><\/div><div class=\"w-separator size_small\"><\/div><div class=\"wpb_text_column\"><div class=\"wpb_wrapper\"><p>Die Prozesse, die mit den Praxisphasen der Studierenden zusammenh\u00e4ngen, sollen transparenter gestaltet werden. Bislang sind die Informationen und Ansprechpartner:innen nicht an einem zentralen Ort zu finden. Lehr-Lern-Formate, innerhalb derer Studierende im Sinne des Peer-to-Peer-Austauschs an den Erfahrungen h\u00f6herer Fachsemester teilhaben k\u00f6nnen, existieren erst in Ans\u00e4tzen. Wertvolles Erfahrungswissen bleibt so ungenutzt. Zudem nimmt die Reflexion von Selbst-, Sozial- und Schl\u00fcsselqualifikationen, hinsichtlich m\u00f6glicher Berufsbilder, bisher einen zu geringen Stellenwert ein.<\/p>\n<\/div><\/div><div class=\"w-separator size_large\"><\/div><div class=\"w-text us_custom_b01cd5ea has_text_color\"><span class=\"w-text-h\"><span class=\"w-text-value\">Projektidee und Ziele<\/span><\/span><\/div><div class=\"w-separator size_small\"><\/div><div class=\"wpb_text_column\"><div class=\"wpb_wrapper\"><p>Das PraxisInnovation-Lab arbeitet an der Verzahnung von Studium und Praxis. Auf der Praxis-Innovation-Plattform wird das Teilen von Erfahrungswissen aus Praktika, Werkstudentent\u00e4tigkeit und anderen Praxisphasen, sowie der niedrigschwellige Zugang zu Organisatorischem und zu Ansprechpartner:innen erm\u00f6glicht.<\/p>\n<p><em>Informativ, transparent und reflexiv: die Praxis-Innovation-Plattform\u00a0<\/em><\/p>\n<p>Die fachbereichs\u00fcbergreifende digitale Reflexions-, Informations- und Vernetzungsplattform erm\u00f6glicht es Studierenden an Erfahrungen anderer teilzuhaben, eigene zu reflektieren und (anonymisiert) zu teilen. Sie erleichtert, u.a. durch den Verweis auf bestehende offline Unterst\u00fctzungsstrukturen, sich transparent \u00fcber organisatorische Schritte und m\u00f6gliche Arbeitsfelder zu informieren. Zudem bietet sie den Studierenden einen transparenten \u00dcberblick \u00fcber offene Praktikumspl\u00e4tze und erleichtert so den Einstieg in die Berufswelt.<\/p>\n<p>Reflexionseinheiten und (Peer-)Beratungen werden es den Studierenden dar\u00fcber hinaus erm\u00f6glichen, eigene F\u00e4higkeiten und Einstellungen zur (digitalen) Arbeitswelt einzusch\u00e4tzen und passende Berufsperspektiven zu entwickeln.<\/p>\n<p><strong>Link zur Projektseite:<br \/>\n<\/strong><a href=\"https:\/\/www.h2.de\/index.php?id=4450\" target=\"\u201d_blank\u201d\" rel=\"noopener\">https:\/\/www.h2.de\/index.php?id=4450<\/a><\/p>\n<\/div><\/div><div class=\"w-separator size_large\"><\/div><\/div><\/div><div class=\"wpb_column vc_column_container\"><div class=\"vc_column-inner\"><div class=\"w-text us_custom_b01cd5ea has_text_color\"><span class=\"w-text-h\"><span class=\"w-text-value\">Eckdaten<\/span><\/span><\/div><div class=\"w-separator size_small\"><\/div><div class=\"w-text us_custom_32940c00 has_text_color\"><span class=\"w-text-h\"><span class=\"w-text-value\">Laufzeit<\/span><\/span><\/div><div class=\"w-separator size_custom\" style=\"height:0.6rem\"><\/div><div class=\"wpb_text_column\"><div class=\"wpb_wrapper\"><ul>01.08.2021 &#8211; 31.07.2024<\/ul>\n<\/div><\/div><div class=\"w-separator size_small\"><\/div><div class=\"w-text us_custom_32940c00 has_text_color\"><span class=\"w-text-h\"><span class=\"w-text-value\">Projekttragende<\/span><\/span><\/div><div class=\"w-separator size_custom\" style=\"height:0.6rem\"><\/div><div class=\"wpb_text_column\"><div class=\"wpb_wrapper\"><ul>\n<li>Stiftung Innovation in der Hochschullehre<\/li>\n<\/ul>\n<\/div><\/div><div class=\"w-separator size_small\"><\/div><div class=\"w-text us_custom_32940c00 has_text_color\"><span class=\"w-text-h\"><span class=\"w-text-value\">F\u00f6rdermittelgebende<\/span><\/span><\/div><div class=\"w-separator size_custom\" style=\"height:0.6rem\"><\/div><div class=\"wpb_text_column\"><div class=\"wpb_wrapper\"><ul>\n<li>Bundesministerium f\u00fcr Bildung und Forschung (BMBF)<\/li>\n<\/ul>\n<\/div><\/div><div class=\"w-separator size_small\"><\/div><div class=\"w-text us_custom_32940c00 has_text_color\"><span class=\"w-text-h\"><span class=\"w-text-value\">Wissenschaftler*innen:<\/span><\/span><\/div><div class=\"w-separator size_custom\" style=\"height:0.6rem\"><\/div><div class=\"wpb_text_column us_custom_b8973c5f\"><div class=\"wpb_wrapper\"><p><strong>Prof. Dr.- Ing. Michael Herzog<br \/>\n<\/strong>michael.herzog@h2.de<strong><br \/>\n<\/strong><\/p>\n<\/div><\/div><div class=\"w-separator size_custom\" style=\"height:0.6rem\"><\/div><div class=\"wpb_text_column us_custom_b8973c5f\"><div class=\"wpb_wrapper\"><p><strong>Dr. Elke M\u00e4hlitz-Galler<br \/>\n<\/strong>elke.maehlitz-galler@h2.de<\/p>\n<\/div><\/div><div class=\"w-separator size_custom\" style=\"height:0.6rem\"><\/div><div class=\"wpb_text_column us_custom_b8973c5f\"><div class=\"wpb_wrapper\"><p><b>Anne F. Merkle M.A.<br \/>\n<\/b>anne.merkle@h2.de<\/p>\n<\/div><\/div><div class=\"w-separator size_custom\" style=\"height:0.6rem\"><\/div><div class=\"wpb_text_column us_custom_b8973c5f\"><div class=\"wpb_wrapper\"><p><b>Dipl. Kfm. Wilfried Rulands<br \/>\n<\/b>wilfried.rulands@h2.de<\/p>\n<\/div><\/div><\/div><\/div><\/div><\/div><\/section><section class=\"l-section wpb_row height_auto\"><div class=\"l-section-h i-cf\"><div class=\"g-cols vc_row via_grid cols_1 laptops-cols_inherit tablets-cols_inherit mobiles-cols_1 valign_top type_default stacking_default\"><div class=\"wpb_column vc_column_container\"><div class=\"vc_column-inner\"><div class=\"w-separator size_small\"><\/div><div class=\"w-text us_custom_b01cd5ea has_text_color\"><span class=\"w-text-h\"><span class=\"w-text-value\">Galerie<\/span><\/span><\/div><div class=\"w-separator size_small\"><\/div><div class=\"w-grid-none type_message\">No results found.<\/div><div class=\"w-separator size_custom\" style=\"height:0.6rem\"><\/div><div class=\"w-separator size_huge\"><\/div><\/div><\/div><\/div><\/div><\/section><section class=\"l-section wpb_row height_custom\"><div class=\"l-section-h i-cf\"><div class=\"g-cols vc_row via_grid cols_1 laptops-cols_inherit tablets-cols_inherit mobiles-cols_1 valign_top type_default stacking_default\"><div class=\"wpb_column vc_column_container\"><div class=\"vc_column-inner\"><\/div><\/div><\/div><\/div><\/section>\n","protected":false},"excerpt":{"rendered":"H2D2 Praxis Innovation LabDidaktisch und digital kompetent Lehren und LernenAusgangslageDie Prozesse, die mit den Praxisphasen der Studierenden zusammenh\u00e4ngen, sollen transparenter gestaltet werden. Bislang sind die Informationen und Ansprechpartner:innen nicht an einem zentralen Ort zu finden. Lehr-Lern-Formate, innerhalb derer Studierende im Sinne des Peer-to-Peer-Austauschs an den Erfahrungen h\u00f6herer Fachsemester teilhaben k\u00f6nnen, existieren erst in Ans\u00e4tzen. Wertvolles...","protected":false},"author":9,"featured_media":10572,"parent":4137,"menu_order":0,"comment_status":"closed","ping_status":"closed","template":"","meta":{"_acf_changed":false,"footnotes":""},"categories":[],"tags":[],"class_list":["post-9055","page","type-page","status-publish","has-post-thumbnail","hentry"],"translation":{"provider":"WPGlobus","version":"3.0.1","language":"en","enabled_languages":["de","en"],"languages":{"de":{"title":true,"content":true,"excerpt":false},"en":{"title":false,"content":false,"excerpt":false}}},"acf":[],"_links":{"self":[{"href":"https:\/\/spirit.h2.de\/spirit\/en\/wp-json\/wp\/v2\/pages\/9055","targetHints":{"allow":["GET"]}}],"collection":[{"href":"https:\/\/spirit.h2.de\/spirit\/en\/wp-json\/wp\/v2\/pages"}],"about":[{"href":"https:\/\/spirit.h2.de\/spirit\/en\/wp-json\/wp\/v2\/types\/page"}],"author":[{"embeddable":true,"href":"https:\/\/spirit.h2.de\/spirit\/en\/wp-json\/wp\/v2\/users\/9"}],"replies":[{"embeddable":true,"href":"https:\/\/spirit.h2.de\/spirit\/en\/wp-json\/wp\/v2\/comments?post=9055"}],"version-history":[{"count":28,"href":"https:\/\/spirit.h2.de\/spirit\/en\/wp-json\/wp\/v2\/pages\/9055\/revisions"}],"predecessor-version":[{"id":15093,"href":"https:\/\/spirit.h2.de\/spirit\/en\/wp-json\/wp\/v2\/pages\/9055\/revisions\/15093"}],"up":[{"embeddable":true,"href":"https:\/\/spirit.h2.de\/spirit\/en\/wp-json\/wp\/v2\/pages\/4137"}],"wp:featuredmedia":[{"embeddable":true,"href":"https:\/\/spirit.h2.de\/spirit\/en\/wp-json\/wp\/v2\/media\/10572"}],"wp:attachment":[{"href":"https:\/\/spirit.h2.de\/spirit\/en\/wp-json\/wp\/v2\/media?parent=9055"}],"wp:term":[{"taxonomy":"category","embeddable":true,"href":"https:\/\/spirit.h2.de\/spirit\/en\/wp-json\/wp\/v2\/categories?post=9055"},{"taxonomy":"post_tag","embeddable":true,"href":"https:\/\/spirit.h2.de\/spirit\/en\/wp-json\/wp\/v2\/tags?post=9055"}],"curies":[{"name":"wp","href":"https:\/\/api.w.org\/{rel}","templated":true}]}}