{"id":4427,"date":"2022-04-14T14:34:00","date_gmt":"2022-04-14T12:34:00","guid":{"rendered":"https:\/\/spirit.h2.de\/wordpress\/?page_id=4427"},"modified":"2025-07-18T14:17:00","modified_gmt":"2025-07-18T12:17:00","slug":"dimusa","status":"publish","type":"page","link":"https:\/\/spirit.h2.de\/spirit\/en\/projekte\/dimusa\/","title":{"rendered":"DiMuSA \u2013 Digital Support for Music Schools in the Pandemic"},"content":{"rendered":"<section class=\"l-section wpb_row height_auto\"><div class=\"l-section-h i-cf\"><div class=\"g-cols vc_row via_grid cols_1 laptops-cols_inherit tablets-cols_inherit mobiles-cols_1 valign_top type_default stacking_default\"><div class=\"wpb_column vc_column_container\"><div class=\"vc_column-inner\"><div class=\"w-separator size_small\"><\/div><div class=\"w-separator size_small\"><\/div><div class=\"w-text us_custom_ccb6e813 has_text_color\"><span class=\"w-text-h\"><span class=\"w-text-value\">DiMuSA<\/span><\/span><\/div><div class=\"w-separator size_custom\" style=\"height:\"><\/div><div class=\"w-text us_custom_a3fc07dd has_text_color\"><span class=\"w-text-h\"><span class=\"w-text-value\">Digitalisierung des Unterrichts an Musikschulen in Sachsen-Anhalt<\/span><\/span><\/div><div class=\"w-separator size_medium\"><\/div><div class=\"wpb_column vc_column_container\"><div class=\"vc_column-inner\"><div class=\"w-image align_none\"><div class=\"w-image-h\"><img decoding=\"async\" width=\"1361\" height=\"325\" src=\"https:\/\/spirit.h2.de\/spirit\/wp-content\/uploads\/2023\/01\/DiMuSA-header.png\" class=\"attachment-full size-full\" alt=\"\" loading=\"lazy\" srcset=\"https:\/\/spirit.h2.de\/spirit\/wp-content\/uploads\/2023\/01\/DiMuSA-header.png 1361w, https:\/\/spirit.h2.de\/spirit\/wp-content\/uploads\/2023\/01\/DiMuSA-header-640x153.png 640w, https:\/\/spirit.h2.de\/spirit\/wp-content\/uploads\/2023\/01\/DiMuSA-header-1280x306.png 1280w, https:\/\/spirit.h2.de\/spirit\/wp-content\/uploads\/2023\/01\/DiMuSA-header-100x24.png 100w\" sizes=\"auto, (max-width: 1361px) 100vw, 1361px\" \/><\/div><\/div><\/div><\/div><\/div><\/div><\/div><\/div><\/section><section class=\"l-section wpb_row height_medium\"><div class=\"l-section-h i-cf\"><div class=\"g-cols vc_row via_grid cols_2-1 laptops-cols_inherit tablets-cols_inherit mobiles-cols_1 valign_top type_default stacking_default\" style=\"--columns-gap:5rem;\"><div class=\"wpb_column vc_column_container\"><div class=\"vc_column-inner\"><div class=\"w-text us_custom_b01cd5ea has_text_color\"><span class=\"w-text-h\"><span class=\"w-text-value\">Ziele und Projektinhalte<\/span><\/span><\/div><div class=\"w-separator size_small\"><\/div><div class=\"wpb_text_column\"><div class=\"wpb_wrapper\"><p>Um die \u00f6ffentlichen Musikschulen f\u00fcr die digitale Gegenwart fit zu machen, f\u00f6rderte das Ministerium f\u00fcr Wirtschaft, Wissenschaft und Digitalisierung des Landes Sachsen-Anhalt das Projekt DiMuSA. Initiator und Antragsteller war der Landesverband der Musikschulen Sachsen-Anhalt (LVdM), der sich mit Eigenmitteln am Projekt beteiligte. Die F\u00f6rderung erfolgt im Rahmen der Digitalen Agenda des Bundeslandes.<\/p>\n<p>In Zusammenarbeit vom Landesverband der Musikschulen Sachsen-Anhalt (LVdM) und der Hochschule Magdeburg-Stendal wurde die technische Ausstattung der P\u00e4dagog*innen mit 440 iPads verbessert. Die Akteure an \u00fcber 200 Standorten und 20 Musikschulen wurden \u00fcberregional st\u00e4rker vernetzt und die digitalen Handlungskompetenzen gemeinsam mit den Musikschullehrenden, Leitungen, Verwaltungen und dem Verband gest\u00e4rkt. Dazu wurden in virtuellen Ideen- und Kreativwerkst\u00e4tten sowie Vor-Ort-Meetings die Herausforderungen jeder einzelnen Musikschule (Leitbild, p\u00e4dagogisch-didaktische Schwerpunkte, l\u00e4ndlicher oder urbaner Raum, technische Infrastruktur) erhoben, ausgewertet und zusammengefasst.<\/p>\n<\/div><\/div><div class=\"w-separator size_medium\"><\/div><div class=\"w-text us_custom_b01cd5ea has_text_color\"><span class=\"w-text-h\"><span class=\"w-text-value\">Aufgaben und Ergebnisse<\/span><\/span><\/div><div class=\"w-separator size_small\"><\/div><div class=\"wpb_text_column\"><div class=\"wpb_wrapper\"><p>Der LVdM verantwortete als Projektleitung die<\/p>\n<ul>\n<li>Organisation der Beschaffung der Ger\u00e4te und Logistik der Einf\u00fchrung<\/li>\n<li>Erarbeitung von Hilfen f\u00fcr die Inventarisierung und die nachhaltige Nutzung der Technik<\/li>\n<li>Vernetzen aller Akteure von der Kommunal- bis zur Bundesebene<\/li>\n<li>Organisation von Veranstaltungen<\/li>\n<\/ul>\n<p>Die Forschungsgruppe SPiRIT leistete die wissenschaftliche Begleitung in Form von<\/p>\n<ul>\n<li>Sekund\u00e4ranalyse zum Digitalen Musikschulunterricht (Literatur), Sammlung von Werkzeugen und Best Practice, sowie Bereitstellung von Erfahrungen aus anderen Projekten<\/li>\n<li>Bestandsaufnahme vorhandener Technik und der Bedarfe in den 20 Musikschulen des Landes \u00fcber qualitative Vor-Ort Interviews<\/li>\n<li>Konzeption und Durchf\u00fchrung von drei virtuellen Veranstaltungen in Zusammenarbeit mit dem LVdM (Auftakt-Ideenwerkstatt am 28.05., Kreativ-Workshop am 09.07., Abschlussveranstaltung am 25.11.2021)<\/li>\n<li>Online-Dokumentation und Evaluationen f\u00fcr die Veranstaltungen und Projektaktivit\u00e4ten<\/li>\n<li>Erarbeitung von Handreichungen zur Netzinfrastruktur und zum Datenschutz<\/li>\n<li>Vorbereitung einer schulpraktischen Brosch\u00fcre auf wissenschaftlicher Basis<\/li>\n<li>Wissenschaftliche Ver\u00f6ffentlichung von Projektergebnissen<\/li>\n<\/ul>\n<\/div><\/div><div class=\"w-separator size_medium\"><\/div><div class=\"w-text us_custom_b01cd5ea has_text_color\"><span class=\"w-text-h\"><span class=\"w-text-value\">Materialien aus dem Projekt<\/span><\/span><\/div><div class=\"w-separator size_small\"><\/div><div class=\"w-actionbox us_custom_7a80988c color_light controls_right\"><div class=\"w-actionbox-text\"><h4 class=\"w-actionbox-title\">Digitalisierung an Musikschulen in Sachsen-Anhalt<\/h4><div class=\"w-actionbox-description\"><p>Eine Handreichung aus dem Landesprojekt DiMuSA 2021<br \/>\nMichael A. Herzog, Anne Delacroix, Steffi Meiling, 02\/2022 PDF &#8211; 4 MB<\/p>\n<\/div><\/div><div class=\"w-actionbox-controls\"><a class=\"w-btn us-btn-style_1\" target=\"_blank\" rel=\"nofollow\" href=\"https:\/\/spirit.h2.de\/spirit\/wp-content\/uploads\/2023\/01\/DiMuSABroschuere-llq.pdf\"><span class=\"w-btn-label\">Download<\/span><\/a><\/div><\/div><div class=\"w-separator size_small\"><\/div><div class=\"w-actionbox us_custom_e2aee182 color_light controls_right\"><div class=\"w-actionbox-text\"><h4 class=\"w-actionbox-title\">Teaching and Learning \u2028Musical Instruments Digitally<\/h4><div class=\"w-actionbox-description\"><p>Learnings from Saxony-Anhalt during the pandemic lockdowns. Presentation Slides, Ontario Tech University, 18. Sept. 2022<br \/>\nMichael A. Herzog PDF &#8211; 20 MB<\/p>\n<\/div><\/div><div class=\"w-actionbox-controls\"><a class=\"w-btn us-btn-style_1\" title=\"Presentation Download\" href=\"https:\/\/spirit.h2.de\/spirit\/wp-content\/uploads\/2023\/01\/2022-09-18-DiMuSA-engl.pdf\"><span class=\"w-btn-label\">Download<\/span><\/a><\/div><\/div><div class=\"w-separator size_small\"><\/div><div class=\"w-actionbox us_custom_e2aee182 color_light controls_right\"><div class=\"w-actionbox-text\"><h4 class=\"w-actionbox-title\">Digitalisierung des Musikschulunterrichts in Sachsen-Anhalt<\/h4><div class=\"w-actionbox-description\"><div class=\"page\" title=\"Page 1\">\n<div class=\"section\">\n<div class=\"layoutArea\">\n<div class=\"column\">Impuls fu\u0308r die Sitzung des Erweiterten Bundesvorstandes (EBV) des Verbands deutscher Musikschulen (VdM) am 18.11.2021<br \/>\nMichael A. Herzog, Anne Delacroix, Steffi Meiling, Klaus Magarin<\/div>\n<\/div>\n<\/div>\n<\/div>\n<p>PDF &#8211; 20 MB<\/p>\n<\/div><\/div><div class=\"w-actionbox-controls\"><a class=\"w-btn us-btn-style_1\" target=\"_blank\" rel=\"nofollow\" title=\"Presentation Download\" href=\"https:\/\/spirit.h2.de\/spirit\/wp-content\/uploads\/2023\/01\/2021-11-18-DiMuSA-VdM.pdf\"><span class=\"w-btn-label\">Download<\/span><\/a><\/div><\/div><div class=\"w-separator size_small\"><\/div><div class=\"w-actionbox us_custom_e2aee182 color_light controls_right\"><div class=\"w-actionbox-text\"><h4 class=\"w-actionbox-title\">Digitalisierung des Musikschulunterrichts in Sachsen-Anhalt w\u00e4hrend der Corona-Pandemie. Eine Fallstudie<\/h4><div class=\"w-actionbox-description\"><div class=\"page\" title=\"Page 1\">\n<div class=\"section\">\n<div class=\"layoutArea\">\n<div class=\"column\">Gruppen-Interviewstudie mit 31 Personen aus Musikschulleitungen, Lehrkr\u00e4ften, IT-Mitarbeitenden und Verwaltungsangestellten.<br \/>\nAnne Delacroix, Masterarbeit, Hochschule Magdeburg-Stendal, 07.03.2025,<br \/>\nBetreuung: Prof. Dr. Michael A. Herzog, Dr. Elke M\u00e4hlitz-Galler<\/div>\n<\/div>\n<\/div>\n<\/div>\n<p>PDF &#8211; 2,8 MB<\/p>\n<\/div><\/div><div class=\"w-actionbox-controls\"><a class=\"w-btn us-btn-style_1\" target=\"_blank\" rel=\"nofollow\" title=\"Presentation Download\" href=\"https:\/\/spirit.h2.de\/spirit\/wp-content\/uploads\/2025\/07\/Delacroix-2025-Thesis_Digitalisierung_Musikschulunterricht_LSA_Fallstudie.pdf\"><span class=\"w-btn-label\">Download<\/span><\/a><\/div><\/div><\/div><\/div><div class=\"wpb_column vc_column_container\"><div class=\"vc_column-inner\"><div class=\"w-text us_custom_b01cd5ea has_text_color\"><span class=\"w-text-h\"><span class=\"w-text-value\">Eckdaten<\/span><\/span><\/div><div class=\"w-separator size_small\"><\/div><div class=\"w-text us_custom_32940c00 has_text_color\"><span class=\"w-text-h\"><span class=\"w-text-value\">Laufzeit<\/span><\/span><\/div><div class=\"w-separator size_custom\" style=\"height:0.6rem\"><\/div><div class=\"wpb_text_column\"><div class=\"wpb_wrapper\"><p>11.12.2020-31.12.2021<\/p>\n<\/div><\/div><div class=\"w-separator size_small\"><\/div><div class=\"w-text us_custom_32940c00 has_text_color\"><span class=\"w-text-h\"><span class=\"w-text-value\">Partner<\/span><\/span><\/div><div class=\"w-separator size_custom\" style=\"height:0.6rem\"><\/div><div class=\"wpb_text_column\"><div class=\"wpb_wrapper\"><ul>\n<li>Landesverband der Musikschulen Sachsen-Anhalt e.V.<\/li>\n<li>Musikschulen in Sachsen-Anhalt<\/li>\n<li>Hochschule Magdeburg-Stendal<\/li>\n<\/ul>\n<\/div><\/div><div class=\"w-separator size_small\"><\/div><div class=\"w-text us_custom_32940c00 has_text_color\"><span class=\"w-text-h\"><span class=\"w-text-value\">F\u00f6rderung<\/span><\/span><\/div><div class=\"w-separator size_custom\" style=\"height:0.6rem\"><\/div><div class=\"wpb_text_column\"><div class=\"wpb_wrapper\"><ul>\n<li>Ministerium f\u00fcr Wirtschaft, Wissenschaft und Digitalisierung des Landes Sachsen-Anhalt<\/li>\n<\/ul>\n<\/div><\/div><div class=\"w-separator size_small\"><\/div><div class=\"w-text us_custom_32940c00 has_text_color\"><span class=\"w-text-h\"><span class=\"w-text-value\">Wissenschaftler*innen:<\/span><\/span><\/div><div class=\"w-separator size_custom\" style=\"height:0.6rem\"><\/div><div class=\"wpb_text_column us_custom_b8973c5f\"><div class=\"wpb_wrapper\"><p><strong>Prof. Dr. Michael A. Herzog<\/strong><br \/>\nProjektleiter<br \/>\nmichael.herzog@h2.de<\/p>\n<\/div><\/div><div class=\"w-separator size_custom\" style=\"height:0.6rem\"><\/div><div class=\"wpb_text_column us_custom_b8973c5f\"><div class=\"wpb_wrapper\"><p><strong>Anne Delacroix<br \/>\n<\/strong>Qualitative Feldforschung<\/p>\n<\/div><\/div><div class=\"w-separator size_custom\" style=\"height:0.6rem\"><\/div><div class=\"wpb_text_column us_custom_b8973c5f\"><div class=\"wpb_wrapper\"><p><strong>Steffi Meiling<br \/>\n<\/strong>Begleitforschung und Dokumentation<\/p>\n<\/div><\/div><div class=\"w-separator size_custom\" style=\"height:0.6rem\"><\/div><div class=\"wpb_text_column us_custom_b8973c5f\"><div class=\"wpb_wrapper\"><p><strong>Klaus Magarin<\/strong><br \/>\nProjektmanagement<br \/>\nklaus.magarin@h2.de<\/p>\n<\/div><\/div><div class=\"w-separator size_small\"><\/div><div class=\"w-text us_custom_32940c00 has_text_color\"><span class=\"w-text-h\"><span class=\"w-text-value\">Kooperationspartner*innen<\/span><\/span><\/div><div class=\"w-separator size_custom\" style=\"height:0.6rem\"><\/div><div class=\"wpb_text_column us_custom_b8973c5f\"><div class=\"wpb_wrapper\"><p><strong>Landesverband der Musikschulen Sachsen-Anhalt e.V.<\/strong><\/p>\n<p><strong>Dr. Christian Reineke<\/strong><br \/>\nProjektleiter<\/p>\n<p><strong>Andreas Kaluza<br \/>\n<\/strong>Fachberatung<\/p>\n<p><strong>Karin Timm<br \/>\n<\/strong>Verwaltungsleitung<\/p>\n<\/div><\/div><div class=\"w-separator size_small\"><\/div><div class=\"w-text us_custom_32940c00 has_text_color\"><span class=\"w-text-h\"><span class=\"w-text-value\">Wissenschaftliche Beratung<\/span><\/span><\/div><div class=\"w-separator size_custom\" style=\"height:0.6rem\"><\/div><div class=\"wpb_text_column us_custom_b8973c5f\"><div class=\"wpb_wrapper\"><p><b>Prof. Dr. Anne Fritzen<br \/>\n<\/b>Professorin f\u00fcr Musikp\u00e4dagogik und k\u00fcnstlerisch-praktische Ausbildung<b><br \/>\n<\/b>Hochschule f\u00fcr Musik Franz Liszt Weimar<\/p>\n<\/div><\/div><\/div><\/div><\/div><\/div><\/section><section class=\"l-section wpb_row height_auto\"><div class=\"l-section-h i-cf\"><div class=\"g-cols vc_row via_grid cols_1 laptops-cols_inherit tablets-cols_inherit mobiles-cols_1 valign_top type_default stacking_default\"><div class=\"wpb_column vc_column_container\"><div class=\"vc_column-inner\"><div class=\"w-separator size_small\"><\/div><div class=\"w-text us_custom_b01cd5ea has_text_color\"><span class=\"w-text-h\"><span class=\"w-text-value\">Galerie<\/span><\/span><\/div><div class=\"w-separator size_small\"><\/div><div class=\"w-separator size_custom\" style=\"height:0.6rem\"><\/div><div class=\"w-grid-none type_message\">No results found.<\/div><div class=\"w-separator size_huge\"><\/div><\/div><\/div><\/div><\/div><\/section>\n","protected":false},"excerpt":{"rendered":"DiMuSADigitalisierung des Unterrichts an Musikschulen in Sachsen-AnhaltZiele und ProjektinhalteUm die \u00f6ffentlichen Musikschulen f\u00fcr die digitale Gegenwart fit zu machen, f\u00f6rderte das Ministerium f\u00fcr Wirtschaft, Wissenschaft und Digitalisierung des Landes Sachsen-Anhalt das Projekt DiMuSA. Initiator und Antragsteller war der Landesverband der Musikschulen Sachsen-Anhalt (LVdM), der sich mit Eigenmitteln am Projekt beteiligte. Die F\u00f6rderung erfolgt im Rahmen...","protected":false},"author":7,"featured_media":10815,"parent":4137,"menu_order":0,"comment_status":"closed","ping_status":"closed","template":"","meta":{"_acf_changed":false,"footnotes":""},"categories":[],"tags":[],"class_list":["post-4427","page","type-page","status-publish","has-post-thumbnail","hentry"],"translation":{"provider":"WPGlobus","version":"3.0.1","language":"en","enabled_languages":["de","en"],"languages":{"de":{"title":true,"content":true,"excerpt":false},"en":{"title":true,"content":false,"excerpt":false}}},"acf":[],"_links":{"self":[{"href":"https:\/\/spirit.h2.de\/spirit\/en\/wp-json\/wp\/v2\/pages\/4427","targetHints":{"allow":["GET"]}}],"collection":[{"href":"https:\/\/spirit.h2.de\/spirit\/en\/wp-json\/wp\/v2\/pages"}],"about":[{"href":"https:\/\/spirit.h2.de\/spirit\/en\/wp-json\/wp\/v2\/types\/page"}],"author":[{"embeddable":true,"href":"https:\/\/spirit.h2.de\/spirit\/en\/wp-json\/wp\/v2\/users\/7"}],"replies":[{"embeddable":true,"href":"https:\/\/spirit.h2.de\/spirit\/en\/wp-json\/wp\/v2\/comments?post=4427"}],"version-history":[{"count":31,"href":"https:\/\/spirit.h2.de\/spirit\/en\/wp-json\/wp\/v2\/pages\/4427\/revisions"}],"predecessor-version":[{"id":16532,"href":"https:\/\/spirit.h2.de\/spirit\/en\/wp-json\/wp\/v2\/pages\/4427\/revisions\/16532"}],"up":[{"embeddable":true,"href":"https:\/\/spirit.h2.de\/spirit\/en\/wp-json\/wp\/v2\/pages\/4137"}],"wp:featuredmedia":[{"embeddable":true,"href":"https:\/\/spirit.h2.de\/spirit\/en\/wp-json\/wp\/v2\/media\/10815"}],"wp:attachment":[{"href":"https:\/\/spirit.h2.de\/spirit\/en\/wp-json\/wp\/v2\/media?parent=4427"}],"wp:term":[{"taxonomy":"category","embeddable":true,"href":"https:\/\/spirit.h2.de\/spirit\/en\/wp-json\/wp\/v2\/categories?post=4427"},{"taxonomy":"post_tag","embeddable":true,"href":"https:\/\/spirit.h2.de\/spirit\/en\/wp-json\/wp\/v2\/tags?post=4427"}],"curies":[{"name":"wp","href":"https:\/\/api.w.org\/{rel}","templated":true}]}}