{"id":4287,"date":"2022-04-09T22:06:30","date_gmt":"2022-04-09T20:06:30","guid":{"rendered":"https:\/\/spirit.h2.de\/wordpress\/?page_id=4287"},"modified":"2024-10-14T14:53:35","modified_gmt":"2024-10-14T12:53:35","slug":"prof-dominik-schumacher","status":"publish","type":"page","link":"https:\/\/spirit.h2.de\/spirit\/en\/officials\/prof-dominik-schumacher\/","title":{"rendered":"Prof. Dominik Schumacher"},"content":{"rendered":"<section class=\"l-section wpb_row height_small\"><div class=\"l-section-h i-cf\"><div class=\"g-cols vc_row via_grid cols_2-1 laptops-cols_inherit tablets-cols_inherit mobiles-cols_1 valign_top type_default stacking_default\"><div class=\"wpb_column vc_column_container\"><div class=\"vc_column-inner\"><div class=\"w-text us_custom_047e52cd has_text_color\"><span class=\"w-text-h\"><span class=\"w-text-value\">Prof. Dominik Schumacher<\/span><\/span><\/div><div class=\"w-separator size_medium\"><\/div><div class=\"g-cols wpb_row via_grid cols_5 laptops-cols_inherit tablets-cols_inherit mobiles-cols_4 valign_top type_default stacking_default\" style=\"--columns-gap:3rem;\"><div class=\"wpb_column vc_column_container\"><div class=\"vc_column-inner\"><div class=\"w-socials us_custom_91f06cd3 color_link shape_none\"><div class=\"w-socials-list\"><div class=\"w-socials-item custom\"><a target=\"_blank\" rel=\"nofollow\" href=\"(0391) 886 42 94\" class=\"w-socials-item-link\" aria-label=\"Title\"><span class=\"w-socials-item-link-hover\" style=\"background:var(--color-header-middle-text);\"><\/span><i class=\"fas fa-phone\"><\/i><\/a><div class=\"w-socials-item-popup\"><span>Title<\/span><\/div><\/div><\/div><\/div><\/div><\/div><div class=\"wpb_column vc_column_container\"><div class=\"vc_column-inner\"><div class=\"w-socials us_custom_91f06cd3 color_link shape_none\" style=\"--gap:1.8em;\"><div class=\"w-socials-list\"><div class=\"w-socials-item email\"><a href=\"mailto:dominik.schumacher@h2.de\" class=\"w-socials-item-link\" aria-label=\"Email\"><span class=\"w-socials-item-link-hover\"><\/span><i class=\"fas fa-envelope\"><\/i><\/a><div class=\"w-socials-item-popup\"><span>Email<\/span><\/div><\/div><\/div><\/div><\/div><\/div><div class=\"wpb_column vc_column_container\"><div class=\"vc_column-inner\"><div class=\"w-socials color_link shape_none\" style=\"--gap:1.8em;\"><div class=\"w-socials-list\"><div class=\"w-socials-item custom\"><a target=\"_blank\" rel=\"nofollow\" href=\"https:\/\/www.thegreeneyl.com\/\" class=\"w-socials-item-link\" aria-label=\"Title\"><span class=\"w-socials-item-link-hover\" style=\"background:var(--color-content-faded);\"><\/span><i class=\"fas fa-pencil-ruler\"><\/i><\/a><div class=\"w-socials-item-popup\"><span>Title<\/span><\/div><\/div><\/div><\/div><\/div><\/div><div class=\"wpb_column vc_column_container\"><div class=\"vc_column-inner\"><\/div><\/div><div class=\"wpb_column vc_column_container\"><div class=\"vc_column-inner\"><\/div><\/div><\/div><div class=\"w-separator size_small\"><\/div><\/div><\/div><div class=\"wpb_column vc_column_container\"><div class=\"vc_column-inner\"><\/div><\/div><\/div><\/div><\/section><section class=\"l-section wpb_row height_small\"><div class=\"l-section-overlay\" style=\"background:rgba(255,255,255,0.25)\"><\/div><div class=\"l-section-h i-cf\"><div class=\"g-cols vc_row via_grid cols_1-2 laptops-cols_inherit tablets-cols_inherit mobiles-cols_1 valign_top type_default stacking_default\"><div class=\"wpb_column vc_column_container\"><div class=\"vc_column-inner\"><div class=\"w-image has_ratio align_none\"><div class=\"w-image-h\"><div style=\"padding-bottom:100%\"><\/div><img decoding=\"async\" width=\"1200\" height=\"1200\" src=\"https:\/\/spirit.h2.de\/spirit\/wp-content\/uploads\/2022\/04\/Dominik-Schumacher-scaled-e1649086180835.jpeg\" class=\"attachment-full size-full\" alt=\"\" loading=\"lazy\" \/><\/div><\/div><\/div><\/div><div class=\"wpb_column vc_column_container\"><div class=\"vc_column-inner\"><div class=\"wpb_text_column\"><div class=\"wpb_wrapper\"><p><strong>Dominik Schumacher <\/strong>lehrt und forscht seit 2014 als Professor f\u00fcr Interaction Design Technologies an der Hochschule Magdeburg Stendal und ist seit 2021 Mitglied in der Forschungsgruppe Spirit. Als Studiengangsleiter der Masterstudieng\u00e4nge Interaction Design und Crossmedia entwickelt er studierendenzentrierte Lehr-, Lern- szenarien und forscht auf den Schnittstellen von Gestaltung, Informatik und Gesellschaft, mit einem Schwerpunkt auf generativer Gestaltung, Interaction Design und Mediengestaltung.<\/p>\n<p>Herr Schumacher studierte an der Universit\u00e4t Kassel, der Universidat Autonoma de Barcelona, der China Academy of Arts in Beijing und der Universit\u00e4t der K\u00fcnste in Berlin. Am Institut f\u00fcr Transmediale Gestaltung der Universit\u00e4t der K\u00fcnste in Berlin arbeitete er \u00fcber zehn Jahre als Lehrbeauftragter und k\u00fcnstlerischer Mitarbeiter in der Fachklasse f\u00fcr Neue Medien (Prof. Joachim Sauter) und in der Fachklasse f\u00fcr prozessorientierte Gestaltung ID5 (Prof. Burkhard Schmitz). Zeitgleich gr\u00fcndete er mit vier Kommilitonen 2009 das internationale Gestaltungsb\u00fcro: Studio Thegreeneyl. Seine Arbeiten aus der k\u00fcnstlerisch gestaltenden Praxis wurden international ausgestellt, ausgezeichnet und publiziert (u.A. Ars Electronica, Japan Media Art Festival, Shanghai EArts, LAB 3.0, Iconic Award, Kunsthalle Mannheim, DA&amp;D, Tend London, EuroPrix Austria).<\/p>\n<p>Im akademischen Bereich initiiert Herr Schumacher Projekte mit einem Schwerpunkt in der generativen \/ interaktiven Gestaltung von Wissen, dem Transfer von Wissen und der partizipativen Gestaltung von Gesellschaft. Er ist Autor und Herausgeber von drei B\u00fcchern und \u00fcber 10 Artikeln zu den Themen Wissenstransfer, Gesellschaftsgestaltung, Information Design, raumbasierte digitale Medien, sowie cross- und transmediale Erz\u00e4hlweisen.<\/p>\n<\/div><\/div><\/div><\/div><\/div><\/div><\/section>\n","protected":false},"excerpt":{"rendered":"Prof. Dominik SchumacherTitleEmailTitleDominik Schumacher lehrt und forscht seit 2014 als Professor f\u00fcr Interaction Design Technologies an der Hochschule Magdeburg Stendal und ist seit 2021 Mitglied in der Forschungsgruppe Spirit. Als Studiengangsleiter der Masterstudieng\u00e4nge Interaction Design und Crossmedia entwickelt er studierendenzentrierte Lehr-, Lern- szenarien und forscht auf den Schnittstellen von Gestaltung, Informatik und Gesellschaft, mit einem...","protected":false},"author":7,"featured_media":4219,"parent":46,"menu_order":2,"comment_status":"closed","ping_status":"closed","template":"","meta":{"_acf_changed":false,"footnotes":""},"categories":[],"tags":[196,194],"class_list":["post-4287","page","type-page","status-publish","has-post-thumbnail","hentry","tag-gestaltung-mit-digitalen-medien","tag-interaction-design"],"translation":{"provider":"WPGlobus","version":"3.0.1","language":"en","enabled_languages":["de","en"],"languages":{"de":{"title":true,"content":true,"excerpt":false},"en":{"title":false,"content":false,"excerpt":false}}},"acf":[],"_links":{"self":[{"href":"https:\/\/spirit.h2.de\/spirit\/en\/wp-json\/wp\/v2\/pages\/4287","targetHints":{"allow":["GET"]}}],"collection":[{"href":"https:\/\/spirit.h2.de\/spirit\/en\/wp-json\/wp\/v2\/pages"}],"about":[{"href":"https:\/\/spirit.h2.de\/spirit\/en\/wp-json\/wp\/v2\/types\/page"}],"author":[{"embeddable":true,"href":"https:\/\/spirit.h2.de\/spirit\/en\/wp-json\/wp\/v2\/users\/7"}],"replies":[{"embeddable":true,"href":"https:\/\/spirit.h2.de\/spirit\/en\/wp-json\/wp\/v2\/comments?post=4287"}],"version-history":[{"count":21,"href":"https:\/\/spirit.h2.de\/spirit\/en\/wp-json\/wp\/v2\/pages\/4287\/revisions"}],"predecessor-version":[{"id":15118,"href":"https:\/\/spirit.h2.de\/spirit\/en\/wp-json\/wp\/v2\/pages\/4287\/revisions\/15118"}],"up":[{"embeddable":true,"href":"https:\/\/spirit.h2.de\/spirit\/en\/wp-json\/wp\/v2\/pages\/46"}],"wp:featuredmedia":[{"embeddable":true,"href":"https:\/\/spirit.h2.de\/spirit\/en\/wp-json\/wp\/v2\/media\/4219"}],"wp:attachment":[{"href":"https:\/\/spirit.h2.de\/spirit\/en\/wp-json\/wp\/v2\/media?parent=4287"}],"wp:term":[{"taxonomy":"category","embeddable":true,"href":"https:\/\/spirit.h2.de\/spirit\/en\/wp-json\/wp\/v2\/categories?post=4287"},{"taxonomy":"post_tag","embeddable":true,"href":"https:\/\/spirit.h2.de\/spirit\/en\/wp-json\/wp\/v2\/tags?post=4287"}],"curies":[{"name":"wp","href":"https:\/\/api.w.org\/{rel}","templated":true}]}}