{"id":4149,"date":"2022-04-04T13:44:25","date_gmt":"2022-04-04T11:44:25","guid":{"rendered":"https:\/\/spirit.h2.de\/wordpress\/?page_id=4149"},"modified":"2024-11-05T14:46:51","modified_gmt":"2024-11-05T13:46:51","slug":"impressum","status":"publish","type":"page","link":"https:\/\/spirit.h2.de\/spirit\/en\/impressum\/","title":{"rendered":"Imprint"},"content":{"rendered":"<section class=\"l-section wpb_row height_custom\"><div class=\"l-section-h i-cf\"><div class=\"g-cols vc_row via_grid cols_1 laptops-cols_inherit tablets-cols_inherit mobiles-cols_1 valign_top type_default stacking_default\"><div class=\"wpb_column vc_column_container\"><div class=\"vc_column-inner\"><div class=\"wpb_text_column\"><div class=\"wpb_wrapper\"><div class=\"imprint\">\n<h2><strong>Imprint<\/strong><\/h2>\n<p>according to \u00a7 5 TMG<\/p>\n<p>Magdeburg-Stendal University of Applied Sciences<br \/>\nBreitscheidstr. 2<br \/>\n39114 Magdeburg<\/p>\n<p><strong>Represented by:<\/strong><br \/>\nProf. Dr. Manuela Schwartz<\/p>\n<p><strong>Contact:<\/strong><br \/>\nPhone: 03931-2187 4805<br \/>\nE-mail: spirit@h2.de<\/p>\n<p>Responsible for content according to \u00a7 55 Abs. 2 RStV:<br \/>\nProf Dr Michael Herzog<br \/>\nBreitscheidstr. 2<br \/>\n39114 Magdeburg<\/p>\n<p><strong>Disclaimer:<\/strong><\/p>\n<p><strong>Content Liability<\/strong><\/p>\n<p>The content on our pages has been created with the greatest care. However, we cannot guarantee the accuracy, completeness, or timeliness of the content. As a service provider, we are responsible for our own content on these pages according to \u00a7 7 Abs.1 TMG in accordance with general laws. According to \u00a7\u00a7 8 to 10 TMG, however, we are not obliged as a service provider to monitor transmitted or stored external information or to investigate circumstances that indicate illegal activity. Obligations to remove or block the use of information under general laws remain unaffected. Liability in this regard is only possible from the point at which we become aware of a specific legal violation. Upon notification of such violations, we will remove the content immediately.<\/p>\n<p><strong>Liability for links<\/strong><\/p>\n<\/div>\n<p>Our offer contains links to external third-party websites, over whose content we have no control. Therefore, we cannot assume any liability for these external contents. The respective provider or operator of the pages is always responsible for the content of the linked pages. The linked pages were checked for possible legal violations at the time of linking. Illegal content was not identifiable at the time of linking. A permanent content control of the linked pages is, however, unreasonable without specific indications of a legal violation. Upon becoming aware of legal violations, we will remove such links immediately.<\/p>\n<\/div><\/div><\/div><\/div><\/div><\/div><\/section>\n","protected":false},"excerpt":{"rendered":"{:de} Impressum nach \u00a7 5 TMG Hochschule Magdeburg-Stendal Breitscheidstr. 2 39114 Magdeburg Vertreten durch: Prof. Dr. Manuela Schwartz Kontakt: Telefon: 03931-2187 4805 E-Mail: spirit@h2.de Verantwortlich f\u00fcr Inhalte nach \u00a7 55 Abs. 2 RStV: Prof. Dr. Michael Herzog Breitscheidstr. 2 39114 Magdeburg Haftungsausschluss: Haftung f\u00fcr Inhalte Die Inhalte unserer Seiten wurden mit gr\u00f6\u00dfter Sorgfalt erstellt. F\u00fcr...","protected":false},"author":7,"featured_media":0,"parent":0,"menu_order":0,"comment_status":"closed","ping_status":"closed","template":"","meta":{"_acf_changed":false,"footnotes":""},"categories":[],"tags":[],"class_list":["post-4149","page","type-page","status-publish","hentry"],"translation":{"provider":"WPGlobus","version":"3.0.1","language":"en","enabled_languages":["de","en"],"languages":{"de":{"title":true,"content":true,"excerpt":false},"en":{"title":true,"content":true,"excerpt":false}}},"acf":[],"_links":{"self":[{"href":"https:\/\/spirit.h2.de\/spirit\/en\/wp-json\/wp\/v2\/pages\/4149","targetHints":{"allow":["GET"]}}],"collection":[{"href":"https:\/\/spirit.h2.de\/spirit\/en\/wp-json\/wp\/v2\/pages"}],"about":[{"href":"https:\/\/spirit.h2.de\/spirit\/en\/wp-json\/wp\/v2\/types\/page"}],"author":[{"embeddable":true,"href":"https:\/\/spirit.h2.de\/spirit\/en\/wp-json\/wp\/v2\/users\/7"}],"replies":[{"embeddable":true,"href":"https:\/\/spirit.h2.de\/spirit\/en\/wp-json\/wp\/v2\/comments?post=4149"}],"version-history":[{"count":34,"href":"https:\/\/spirit.h2.de\/spirit\/en\/wp-json\/wp\/v2\/pages\/4149\/revisions"}],"predecessor-version":[{"id":15324,"href":"https:\/\/spirit.h2.de\/spirit\/en\/wp-json\/wp\/v2\/pages\/4149\/revisions\/15324"}],"wp:attachment":[{"href":"https:\/\/spirit.h2.de\/spirit\/en\/wp-json\/wp\/v2\/media?parent=4149"}],"wp:term":[{"taxonomy":"category","embeddable":true,"href":"https:\/\/spirit.h2.de\/spirit\/en\/wp-json\/wp\/v2\/categories?post=4149"},{"taxonomy":"post_tag","embeddable":true,"href":"https:\/\/spirit.h2.de\/spirit\/en\/wp-json\/wp\/v2\/tags?post=4149"}],"curies":[{"name":"wp","href":"https:\/\/api.w.org\/{rel}","templated":true}]}}