{"id":4143,"date":"2022-04-04T13:44:25","date_gmt":"2022-04-04T11:44:25","guid":{"rendered":"https:\/\/spirit.h2.de\/wordpress\/?page_id=4143"},"modified":"2026-01-26T16:11:05","modified_gmt":"2026-01-26T15:11:05","slug":"events","status":"publish","type":"page","link":"https:\/\/spirit.h2.de\/spirit\/en\/events\/","title":{"rendered":"Events"},"content":{"rendered":"<section class=\"l-section wpb_row height_medium\"><div class=\"l-section-h i-cf\"><div class=\"g-cols vc_row via_grid cols_1 laptops-cols_inherit tablets-cols_inherit mobiles-cols_1 valign_top type_default stacking_default\"><div class=\"wpb_column vc_column_container\"><div class=\"vc_column-inner\"><div class=\"w-text us_custom_9fdb1ea2 has_text_color\"><span class=\"w-text-h\"><span class=\"w-text-value\">Events<\/span><\/span><\/div><\/div><\/div><\/div><\/div><\/section><section class=\"l-section wpb_row height_small\"><div class=\"l-section-h i-cf\"><div class=\"g-cols vc_row via_grid cols_2 laptops-cols_inherit tablets-cols_inherit mobiles-cols_1 valign_top type_default stacking_default\"><div class=\"wpb_column vc_column_container\"><div class=\"vc_column-inner\"><div class=\"w-image align_none\"><a href=\"https:\/\/spirit.h2.de\/spirit\/events\/cmtb26\/\" aria-label=\"Leitmotiv with background and h2\" class=\"w-image-h\"><img decoding=\"async\" width=\"1200\" height=\"627\" src=\"https:\/\/spirit.h2.de\/spirit\/wp-content\/uploads\/2026\/01\/Leitmotiv-with-background-and-h2-1280x669.png\" class=\"attachment-large size-large\" alt=\"CMTB2026 Header\" loading=\"lazy\" srcset=\"https:\/\/spirit.h2.de\/spirit\/wp-content\/uploads\/2026\/01\/Leitmotiv-with-background-and-h2-1280x669.png 1280w, https:\/\/spirit.h2.de\/spirit\/wp-content\/uploads\/2026\/01\/Leitmotiv-with-background-and-h2-640x334.png 640w, https:\/\/spirit.h2.de\/spirit\/wp-content\/uploads\/2026\/01\/Leitmotiv-with-background-and-h2-1162x607.png 1162w, https:\/\/spirit.h2.de\/spirit\/wp-content\/uploads\/2026\/01\/Leitmotiv-with-background-and-h2-100x52.png 100w\" sizes=\"auto, (max-width: 1200px) 100vw, 1200px\" \/><\/a><\/div><\/div><\/div><div class=\"wpb_column vc_column_container\"><div class=\"vc_column-inner\"><div class=\"w-text us_custom_9a34ed88 has_text_color\"><span class=\"w-text-h\"><span class=\"w-text-value\">#CMTB26<\/span><\/span><\/div><div class=\"w-separator size_small\"><\/div><div class=\"wpb_text_column us_custom_e2aee182\"><div class=\"wpb_wrapper\"><h3 class=\"w-text us_custom_a3fc07dd has_text_color\"><span class=\"w-text-h\"><span class=\"w-text-value\">Conference on Management, Technology &amp; Business Innovation<\/span><\/span><\/h3>\n<div><span>From Data to Wellbeing and Innovation<\/span><\/div>\n<\/div><\/div><div class=\"w-separator size_small\"><\/div><div class=\"wpb_text_column us_custom_e2aee182\"><div class=\"wpb_wrapper\"><div class=\"w-text us_custom_a3fc07dd has_text_color\">February 13th, 2025, 9:30 am to 18:00 pm<\/div>\n<\/div><\/div><div class=\"w-separator size_medium\"><\/div><div class=\"w-btn-wrapper align_none\"><a class=\"w-btn us-btn-style_1\" title=\"CMTB23\" href=\"https:\/\/spirit.h2.de\/spirit\/veranstaltungen\/cmtb26\/\"><span class=\"w-btn-label\">To the Conference<\/span><\/a><\/div><\/div><\/div><\/div><\/div><\/section><section class=\"l-section wpb_row height_custom\"><div class=\"l-section-h i-cf\"><div class=\"g-cols vc_row via_grid cols_1 laptops-cols_inherit tablets-cols_inherit mobiles-cols_1 valign_top type_default stacking_default\"><div class=\"wpb_column vc_column_container\"><div class=\"vc_column-inner\"><div class=\"w-grid us_grid type_grid layout_8225 cols_3 preload_style_spinner ratio_4x3\" id=\"us_grid_1\" style=\"--columns:3;--gap:1.5rem;--item-ratio:0.75;\" data-filterable=\"true\"><style>@media (max-width:1024px){#us_grid_1{--columns:2!important}}@media (max-width:600px){#us_grid_1{--columns:1!important}}@media (min-width:1024px){#us_grid_1 .w-post-elm.post_title{font-size:1.2rem!important}}.layout_8225 .w-grid-item-h{background:var(--color-content-bg);color:var(--color-content-text);border-radius:0.3rem;box-shadow:0 0.03rem 0.06rem rgba(0,0,0,0.1),0 0.1rem 0.3rem rgba(0,0,0,0.1);transition-duration:0.3s}.no-touch .layout_8225 .w-grid-item-h:hover{box-shadow:0 0.1rem 0.2rem rgba(0,0,0,0.1),0 0.33rem 1rem rgba(0,0,0,0.15);z-index:4}.layout_8225 .usg_post_title_2{font-size:1.2rem!important;margin-left:1.4rem!important;margin-bottom:1.6rem!important}.layout_8225 .usg_post_image_2{margin-bottom:1.3rem!important;padding-bottom:1.3rem!important}.layout_8225 .usg_post_content_1{padding-left:12px!important;padding-bottom:12px!important;padding-right:12px!important}<\/style><div class=\"w-grid-list\">\t<article class=\"w-grid-item size_1x1 post-16210 post type-post status-publish format-standard has-post-thumbnail hentry category-events category-news\" data-id=\"16210\">\r\n\t\t<div class=\"w-grid-item-h\">\r\n\t\t\t\t\t\t<div class=\"w-vwrapper usg_vwrapper_2 align_none valign_top\"><div class=\"w-vwrapper usg_vwrapper_1 align_none valign_top\"><div class=\"w-post-elm post_image usg_post_image_2 has_ratio\"><a href=\"https:\/\/spirit.h2.de\/spirit\/en\/digital-business-day-4-7-2025\/\" aria-label=\"Digital Business Day 2025\"><img loading=\"lazy\" decoding=\"async\" width=\"1200\" height=\"626\" src=\"https:\/\/spirit.h2.de\/spirit\/wp-content\/uploads\/2025\/06\/IMG_8021a.jpg\" class=\"attachment-large size-large wp-post-image\" alt=\"\" \/><\/a><div style=\"padding-bottom:56.25%\"><\/div><\/div><h2 class=\"w-post-elm post_title usg_post_title_2 entry-title color_link_inherit\"><a href=\"https:\/\/spirit.h2.de\/spirit\/en\/digital-business-day-4-7-2025\/\">Digital Business Day 2025<\/a><\/h2><\/div><\/div>\t\t<\/div>\r\n\t\t\t<\/article>\r\n\t<article class=\"w-grid-item size_1x1 post-15934 post type-post status-publish format-standard has-post-thumbnail hentry category-events category-news category-uncategorized-de\" data-id=\"15934\">\r\n\t\t<div class=\"w-grid-item-h\">\r\n\t\t\t\t\t\t<div class=\"w-vwrapper usg_vwrapper_2 align_none valign_top\"><div class=\"w-vwrapper usg_vwrapper_1 align_none valign_top\"><div class=\"w-post-elm post_image usg_post_image_2 has_ratio\"><a href=\"https:\/\/spirit.h2.de\/spirit\/en\/wir-bedanken-uns-herzlich-bei-allen-teilnehmenden-der-diesjaehrigen-cmtb\/\" aria-label=\"A big Thank You to all contributors of CMTB 2025!\"><img loading=\"lazy\" decoding=\"async\" width=\"1200\" height=\"900\" src=\"https:\/\/spirit.h2.de\/spirit\/wp-content\/uploads\/2025\/02\/IMG_3846-1280x960.jpeg\" class=\"attachment-large size-large wp-post-image\" alt=\"\" \/><\/a><div style=\"padding-bottom:56.25%\"><\/div><\/div><h2 class=\"w-post-elm post_title usg_post_title_2 entry-title color_link_inherit\"><a href=\"https:\/\/spirit.h2.de\/spirit\/en\/wir-bedanken-uns-herzlich-bei-allen-teilnehmenden-der-diesjaehrigen-cmtb\/\">A big Thank You to all contributors of CMTB 2025!<\/a><\/h2><\/div><\/div>\t\t<\/div>\r\n\t\t\t<\/article>\r\n\t<article class=\"w-grid-item size_1x1 post-15527 post type-post status-publish format-standard has-post-thumbnail hentry category-events\" data-id=\"15527\">\r\n\t\t<div class=\"w-grid-item-h\">\r\n\t\t\t\t\t\t<div class=\"w-vwrapper usg_vwrapper_2 align_none valign_top\"><div class=\"w-vwrapper usg_vwrapper_1 align_none valign_top\"><div class=\"w-post-elm post_image usg_post_image_2 has_ratio\"><a href=\"https:\/\/spirit.h2.de\/spirit\/en\/cmtb23\/\" aria-label=\"CMTB23 Conference\"><img loading=\"lazy\" decoding=\"async\" width=\"1200\" height=\"618\" src=\"https:\/\/spirit.h2.de\/spirit\/wp-content\/uploads\/2023\/01\/output_4-1280x659.jpg\" class=\"attachment-large size-large wp-post-image\" alt=\"\" \/><\/a><div style=\"padding-bottom:56.25%\"><\/div><\/div><h2 class=\"w-post-elm post_title usg_post_title_2 entry-title color_link_inherit\"><a href=\"https:\/\/spirit.h2.de\/spirit\/en\/cmtb23\/\">CMTB23 Conference<\/a><\/h2><\/div><\/div>\t\t<\/div>\r\n\t\t\t<\/article>\r\n\t<article class=\"w-grid-item size_1x1 post-14073 post type-post status-publish format-standard has-post-thumbnail hentry category-events category-news\" data-id=\"14073\">\r\n\t\t<div class=\"w-grid-item-h\">\r\n\t\t\t\t\t\t<div class=\"w-vwrapper usg_vwrapper_2 align_none valign_top\"><div class=\"w-vwrapper usg_vwrapper_1 align_none valign_top\"><div class=\"w-post-elm post_image usg_post_image_2 has_ratio\"><a href=\"https:\/\/spirit.h2.de\/spirit\/en\/networked-learning\/\" aria-label=\"Networked Learning Workshop with Professor Elizabeth Childs\"><img loading=\"lazy\" decoding=\"async\" width=\"1200\" height=\"564\" src=\"https:\/\/spirit.h2.de\/spirit\/wp-content\/uploads\/2024\/05\/2024_Elizabeth_Childs-1280x602.jpg\" class=\"attachment-large size-large wp-post-image\" alt=\"\" \/><\/a><div style=\"padding-bottom:56.25%\"><\/div><\/div><h2 class=\"w-post-elm post_title usg_post_title_2 entry-title color_link_inherit\"><a href=\"https:\/\/spirit.h2.de\/spirit\/en\/networked-learning\/\">Networked Learning Workshop with Professor Elizabeth Childs<\/a><\/h2><\/div><\/div>\t\t<\/div>\r\n\t\t\t<\/article>\r\n\t<article class=\"w-grid-item size_1x1 post-11659 post type-post status-publish format-standard has-post-thumbnail hentry category-events category-news\" data-id=\"11659\">\r\n\t\t<div class=\"w-grid-item-h\">\r\n\t\t\t\t\t\t<div class=\"w-vwrapper usg_vwrapper_2 align_none valign_top\"><div class=\"w-vwrapper usg_vwrapper_1 align_none valign_top\"><div class=\"w-post-elm post_image usg_post_image_2 has_ratio\"><a href=\"https:\/\/spirit.h2.de\/spirit\/en\/lange-nacht-der-wissenschaft-eyetracking\/\" aria-label=\"Lange Nacht der Wissenschaft: Eyetracking\"><img loading=\"lazy\" decoding=\"async\" width=\"1200\" height=\"662\" src=\"https:\/\/spirit.h2.de\/spirit\/wp-content\/uploads\/2023\/06\/image3-scaled-e1686126987585-1280x706.jpeg\" class=\"attachment-large size-large wp-post-image\" alt=\"\" \/><\/a><div style=\"padding-bottom:56.25%\"><\/div><\/div><h2 class=\"w-post-elm post_title usg_post_title_2 entry-title color_link_inherit\"><a href=\"https:\/\/spirit.h2.de\/spirit\/en\/lange-nacht-der-wissenschaft-eyetracking\/\">Lange Nacht der Wissenschaft: Eyetracking<\/a><\/h2><\/div><\/div>\t\t<\/div>\r\n\t\t\t<\/article>\r\n\t<article class=\"w-grid-item size_1x1 post-11522 post type-post status-publish format-standard has-post-thumbnail hentry category-events category-news category-uncategorized-de\" data-id=\"11522\">\r\n\t\t<div class=\"w-grid-item-h\">\r\n\t\t\t\t\t\t<div class=\"w-vwrapper usg_vwrapper_2 align_none valign_top\"><div class=\"w-vwrapper usg_vwrapper_1 align_none valign_top\"><div class=\"w-post-elm post_image usg_post_image_2 has_ratio\"><a href=\"https:\/\/spirit.h2.de\/spirit\/en\/eyefeatures\/\" aria-label=\"Evaluating Human Eye Features for Objective Measure of Working Memory Capacity\"><img loading=\"lazy\" decoding=\"async\" width=\"1200\" height=\"684\" src=\"https:\/\/spirit.h2.de\/spirit\/wp-content\/uploads\/2023\/05\/enlarge_Photo-Yasasi-balken-1280x730.png\" class=\"attachment-large size-large wp-post-image\" alt=\"\" \/><\/a><div style=\"padding-bottom:56.25%\"><\/div><\/div><h2 class=\"w-post-elm post_title usg_post_title_2 entry-title color_link_inherit\"><a href=\"https:\/\/spirit.h2.de\/spirit\/en\/eyefeatures\/\">Evaluating Human Eye Features for Objective Measure of Working Memory Capacity<\/a><\/h2><\/div><\/div>\t\t<\/div>\r\n\t\t\t<\/article>\r\n\t<article class=\"w-grid-item size_1x1 post-11490 post type-post status-publish format-standard has-post-thumbnail hentry category-events category-news\" data-id=\"11490\">\r\n\t\t<div class=\"w-grid-item-h\">\r\n\t\t\t\t\t\t<div class=\"w-vwrapper usg_vwrapper_2 align_none valign_top\"><div class=\"w-vwrapper usg_vwrapper_1 align_none valign_top\"><div class=\"w-post-elm post_image usg_post_image_2 has_ratio\"><a href=\"https:\/\/spirit.h2.de\/spirit\/en\/sensor-networks\/\" aria-label=\"Sensing the Future: Harnessing Sensor Networks for Intelligent Systems\"><img loading=\"lazy\" decoding=\"async\" width=\"1142\" height=\"476\" src=\"https:\/\/spirit.h2.de\/spirit\/wp-content\/uploads\/2023\/05\/168474422649973a.jpg\" class=\"attachment-large size-large wp-post-image\" alt=\"\" \/><\/a><div style=\"padding-bottom:56.25%\"><\/div><\/div><h2 class=\"w-post-elm post_title usg_post_title_2 entry-title color_link_inherit\"><a href=\"https:\/\/spirit.h2.de\/spirit\/en\/sensor-networks\/\">Sensing the Future: Harnessing Sensor Networks for Intelligent Systems<\/a><\/h2><\/div><\/div>\t\t<\/div>\r\n\t\t\t<\/article>\r\n\t<article class=\"w-grid-item size_1x1 post-11152 post type-post status-publish format-standard has-post-thumbnail hentry category-events category-news\" data-id=\"11152\">\r\n\t\t<div class=\"w-grid-item-h\">\r\n\t\t\t\t\t\t<div class=\"w-vwrapper usg_vwrapper_2 align_none valign_top\"><div class=\"w-vwrapper usg_vwrapper_1 align_none valign_top\"><div class=\"w-post-elm post_image usg_post_image_2 has_ratio\"><a href=\"https:\/\/spirit.h2.de\/spirit\/en\/cmtb23-news\/\" aria-label=\"Balancing Ethics and Progress\"><img loading=\"lazy\" decoding=\"async\" width=\"1200\" height=\"900\" src=\"https:\/\/spirit.h2.de\/spirit\/wp-content\/uploads\/2023\/02\/CMTB23_4003.jpeg\" class=\"attachment-large size-large wp-post-image\" alt=\"\" \/><\/a><div style=\"padding-bottom:56.25%\"><\/div><\/div><h2 class=\"w-post-elm post_title usg_post_title_2 entry-title color_link_inherit\"><a href=\"https:\/\/spirit.h2.de\/spirit\/en\/cmtb23-news\/\">Balancing Ethics and Progress<\/a><\/h2><\/div><\/div>\t\t<\/div>\r\n\t\t\t<\/article>\r\n\t<article class=\"w-grid-item size_1x1 post-8909 post type-post status-publish format-standard has-post-thumbnail hentry category-events\" data-id=\"8909\">\r\n\t\t<div class=\"w-grid-item-h\">\r\n\t\t\t\t\t\t<div class=\"w-vwrapper usg_vwrapper_2 align_none valign_top\"><div class=\"w-vwrapper usg_vwrapper_1 align_none valign_top\"><div class=\"w-post-elm post_image usg_post_image_2 has_ratio\"><a href=\"https:\/\/spirit.h2.de\/spirit\/en\/think-cross-change-media-2\/\" aria-label=\"Think CROSS &#8211; Change MEDIA\"><img loading=\"lazy\" decoding=\"async\" width=\"1200\" height=\"800\" src=\"https:\/\/spirit.h2.de\/spirit\/wp-content\/uploads\/2022\/05\/DSC00689-1280x853.jpg\" class=\"attachment-large size-large wp-post-image\" alt=\"\" \/><\/a><div style=\"padding-bottom:56.25%\"><\/div><\/div><h2 class=\"w-post-elm post_title usg_post_title_2 entry-title color_link_inherit\"><a href=\"https:\/\/spirit.h2.de\/spirit\/en\/think-cross-change-media-2\/\">Think CROSS &#8211; Change MEDIA<\/a><\/h2><\/div><\/div>\t\t<\/div>\r\n\t\t\t<\/article>\r\n\t<article class=\"w-grid-item size_1x1 post-8905 post type-post status-publish format-standard has-post-thumbnail hentry category-events\" data-id=\"8905\">\r\n\t\t<div class=\"w-grid-item-h\">\r\n\t\t\t\t\t\t<div class=\"w-vwrapper usg_vwrapper_2 align_none valign_top\"><div class=\"w-vwrapper usg_vwrapper_1 align_none valign_top\"><div class=\"w-post-elm post_image usg_post_image_2 has_ratio\"><a href=\"https:\/\/spirit.h2.de\/spirit\/en\/icwl-web-based-learning-2\/\" aria-label=\"ICWL &#8211; Web Based Learning\"><img loading=\"lazy\" decoding=\"async\" width=\"1200\" height=\"800\" src=\"https:\/\/spirit.h2.de\/spirit\/wp-content\/uploads\/2022\/07\/ithet.jpeg\" class=\"attachment-large size-large wp-post-image\" alt=\"\" \/><\/a><div style=\"padding-bottom:56.25%\"><\/div><\/div><h2 class=\"w-post-elm post_title usg_post_title_2 entry-title color_link_inherit\"><a href=\"https:\/\/spirit.h2.de\/spirit\/en\/icwl-web-based-learning-2\/\">ICWL &#8211; Web Based Learning<\/a><\/h2><\/div><\/div>\t\t<\/div>\r\n\t\t\t<\/article>\r\n<\/div>\t<div class=\"w-grid-preloader\">\r\n\t\t<div class=\"g-preloader type_1\">\r\n\t\t\t<div><\/div>\r\n\t\t<\/div>\r\n\t<\/div>\r\n\t\t<div class=\"w-grid-json hidden\" onclick='return {&quot;action&quot;:&quot;us_ajax_grid&quot;,&quot;infinite_scroll&quot;:0,&quot;max_num_pages&quot;:2,&quot;pagination&quot;:&quot;none&quot;,&quot;template_vars&quot;:{&quot;columns&quot;:&quot;3&quot;,&quot;exclude_items&quot;:&quot;none&quot;,&quot;img_size&quot;:&quot;default&quot;,&quot;ignore_items_size&quot;:0,&quot;items_layout&quot;:&quot;8225&quot;,&quot;items_offset&quot;:&quot;1&quot;,&quot;load_animation&quot;:&quot;none&quot;,&quot;overriding_link&quot;:&quot;{\\&quot;url\\&quot;:\\&quot;\\&quot;}&quot;,&quot;post_id&quot;:0,&quot;query_args&quot;:{&quot;post_type&quot;:[&quot;post&quot;],&quot;tax_query&quot;:[{&quot;taxonomy&quot;:&quot;category&quot;,&quot;field&quot;:&quot;slug&quot;,&quot;terms&quot;:[&quot;events&quot;]}],&quot;post_status&quot;:[&quot;publish&quot;,&quot;acf-disabled&quot;],&quot;posts_per_page&quot;:&quot;10&quot;},&quot;orderby_query_args&quot;:{&quot;orderby&quot;:{&quot;date&quot;:&quot;DESC&quot;}},&quot;type&quot;:&quot;grid&quot;,&quot;us_grid_post_type&quot;:&quot;post&quot;,&quot;us_grid_ajax_index&quot;:1,&quot;us_grid_filter_query_string&quot;:null,&quot;us_grid_index&quot;:1,&quot;page_args&quot;:[]}}'><\/div>\r\n\t<\/div><\/div><\/div><\/div><\/div><\/section>\n","protected":false},"excerpt":{"rendered":"{:de} Die ICWL ist eine j\u00e4hrlich stattfindende Konferenz f\u00fcr die Fortschritte von Online-Lernangeboten. Gr\u00fcnder der Konferenz ist die Hong Kong Web Society, welche die erste Konferenz in 2002 veranstaltete. Der Hauptfokus der Konferenz liegt auf den Forschungsergebnissen des technikunterst\u00fctzten Lernens und daraus resultierenden k\u00fcnftigen Bildungstechnologien. Vom 23. bis 25. September 2019 fand die diesj\u00e4hrige ICWL...","protected":false},"author":7,"featured_media":0,"parent":0,"menu_order":0,"comment_status":"closed","ping_status":"closed","template":"","meta":{"_acf_changed":false,"footnotes":""},"categories":[],"tags":[],"class_list":["post-4143","page","type-page","status-publish","hentry"],"translation":{"provider":"WPGlobus","version":"3.0.1","language":"en","enabled_languages":["de","en"],"languages":{"de":{"title":true,"content":true,"excerpt":false},"en":{"title":true,"content":true,"excerpt":false}}},"acf":[],"_links":{"self":[{"href":"https:\/\/spirit.h2.de\/spirit\/en\/wp-json\/wp\/v2\/pages\/4143","targetHints":{"allow":["GET"]}}],"collection":[{"href":"https:\/\/spirit.h2.de\/spirit\/en\/wp-json\/wp\/v2\/pages"}],"about":[{"href":"https:\/\/spirit.h2.de\/spirit\/en\/wp-json\/wp\/v2\/types\/page"}],"author":[{"embeddable":true,"href":"https:\/\/spirit.h2.de\/spirit\/en\/wp-json\/wp\/v2\/users\/7"}],"replies":[{"embeddable":true,"href":"https:\/\/spirit.h2.de\/spirit\/en\/wp-json\/wp\/v2\/comments?post=4143"}],"version-history":[{"count":47,"href":"https:\/\/spirit.h2.de\/spirit\/en\/wp-json\/wp\/v2\/pages\/4143\/revisions"}],"predecessor-version":[{"id":17797,"href":"https:\/\/spirit.h2.de\/spirit\/en\/wp-json\/wp\/v2\/pages\/4143\/revisions\/17797"}],"wp:attachment":[{"href":"https:\/\/spirit.h2.de\/spirit\/en\/wp-json\/wp\/v2\/media?parent=4143"}],"wp:term":[{"taxonomy":"category","embeddable":true,"href":"https:\/\/spirit.h2.de\/spirit\/en\/wp-json\/wp\/v2\/categories?post=4143"},{"taxonomy":"post_tag","embeddable":true,"href":"https:\/\/spirit.h2.de\/spirit\/en\/wp-json\/wp\/v2\/tags?post=4143"}],"curies":[{"name":"wp","href":"https:\/\/api.w.org\/{rel}","templated":true}]}}