{"id":4137,"date":"2022-04-04T13:44:25","date_gmt":"2022-04-04T11:44:25","guid":{"rendered":"https:\/\/spirit.h2.de\/wordpress\/?page_id=4137"},"modified":"2026-03-03T15:02:23","modified_gmt":"2026-03-03T14:02:23","slug":"projekte","status":"publish","type":"page","link":"https:\/\/spirit.h2.de\/spirit\/en\/projekte\/","title":{"rendered":"Projekte"},"content":{"rendered":"<section class=\"l-section wpb_row height_auto\"><div class=\"l-section-h i-cf\"><div class=\"g-cols vc_row via_grid cols_1 laptops-cols_inherit tablets-cols_inherit mobiles-cols_1 valign_top type_default stacking_default\"><div class=\"wpb_column vc_column_container\"><div class=\"vc_column-inner\"><div class=\"w-separator size_large\"><\/div><div class=\"w-text us_custom_ccb6e813 has_text_color\"><span class=\"w-text-h\"><span class=\"w-text-value\">Laufende Projekte<\/span><\/span><\/div><div class=\"w-separator size_medium\"><\/div><div class=\"w-grid us_grid type_grid layout_8225 cols_3 preload_style_spinner ratio_4x3\" id=\"us_grid_1\" style=\"--columns:3;--gap:1.5rem;--item-ratio:0.75;\"><style>@media (max-width:1024px){#us_grid_1{--columns:2!important}}@media (max-width:600px){#us_grid_1{--columns:1!important}}@media (min-width:1024px){#us_grid_1 .w-post-elm.post_title{font-size:1.5rem!important}}.layout_8225 .w-grid-item-h{background:var(--color-content-bg);color:var(--color-content-text);border-radius:0.3rem;box-shadow:0 0.03rem 0.06rem rgba(0,0,0,0.1),0 0.1rem 0.3rem rgba(0,0,0,0.1);transition-duration:0.3s}.no-touch .layout_8225 .w-grid-item-h:hover{box-shadow:0 0.1rem 0.2rem rgba(0,0,0,0.1),0 0.33rem 1rem rgba(0,0,0,0.15);z-index:4}.layout_8225 .usg_post_title_2{font-size:1.2rem!important;margin-left:1.4rem!important;margin-bottom:1.6rem!important}.layout_8225 .usg_post_image_2{margin-bottom:1.3rem!important;padding-bottom:1.3rem!important}.layout_8225 .usg_post_content_1{padding-left:12px!important;padding-bottom:12px!important;padding-right:12px!important}<\/style><div class=\"w-grid-list\">\t<article class=\"w-grid-item size_1x1 post-11481 page type-page status-publish has-post-thumbnail hentry\" data-id=\"11481\">\r\n\t\t<div class=\"w-grid-item-h\">\r\n\t\t\t\t\t\t<div class=\"w-vwrapper usg_vwrapper_2 align_none valign_top\"><div class=\"w-vwrapper usg_vwrapper_1 align_none valign_top\"><div class=\"w-post-elm post_image usg_post_image_2 has_ratio\"><a href=\"https:\/\/spirit.h2.de\/spirit\/en\/projekte\/landstark\/\" aria-label=\"LandStarK \u2013 Sozial-\u00f6kologische Transformation in der Kultur\"><img loading=\"lazy\" decoding=\"async\" width=\"1200\" height=\"899\" src=\"https:\/\/spirit.h2.de\/spirit\/wp-content\/uploads\/2025\/08\/bernd-dittrich-Kt5lzXMmBK8-unsplash-1280x959.jpg\" class=\"attachment-large size-large wp-post-image\" alt=\"\u00dcbersicht \u00fcber eine l\u00e4ndliche Landschaft in Deutschland im Abendlicht\" \/><\/a><div style=\"padding-bottom:56.25%\"><\/div><\/div><h2 class=\"w-post-elm post_title usg_post_title_2 entry-title color_link_inherit\"><a href=\"https:\/\/spirit.h2.de\/spirit\/en\/projekte\/landstark\/\">LandStarK \u2013 Sozial-\u00f6kologische Transformation in der Kultur<\/a><\/h2><\/div><\/div>\t\t<\/div>\r\n\t\t\t<\/article>\r\n\t<article class=\"w-grid-item size_1x1 post-9055 page type-page status-publish has-post-thumbnail hentry\" data-id=\"9055\">\r\n\t\t<div class=\"w-grid-item-h\">\r\n\t\t\t\t\t\t<div class=\"w-vwrapper usg_vwrapper_2 align_none valign_top\"><div class=\"w-vwrapper usg_vwrapper_1 align_none valign_top\"><div class=\"w-post-elm post_image usg_post_image_2 has_ratio\"><a href=\"https:\/\/spirit.h2.de\/spirit\/en\/projekte\/h2d2-praxis-innovation-lab\/\" aria-label=\"H2D2 &#8211; Praxis Innovation Lab\"><img loading=\"lazy\" decoding=\"async\" width=\"1200\" height=\"510\" src=\"https:\/\/spirit.h2.de\/spirit\/wp-content\/uploads\/2023\/01\/PIP_Process_Spirit_Website_BREIT-1-1280x544.png\" class=\"attachment-large size-large wp-post-image\" alt=\"\" \/><\/a><div style=\"padding-bottom:56.25%\"><\/div><\/div><h2 class=\"w-post-elm post_title usg_post_title_2 entry-title color_link_inherit\"><a href=\"https:\/\/spirit.h2.de\/spirit\/en\/projekte\/h2d2-praxis-innovation-lab\/\">H2D2 &#8211; Praxis Innovation Lab<\/a><\/h2><\/div><\/div>\t\t<\/div>\r\n\t\t\t<\/article>\r\n\t<article class=\"w-grid-item size_1x1 post-8455 page type-page status-publish has-post-thumbnail hentry\" data-id=\"8455\">\r\n\t\t<div class=\"w-grid-item-h\">\r\n\t\t\t\t\t\t<div class=\"w-vwrapper usg_vwrapper_2 align_none valign_top\"><div class=\"w-vwrapper usg_vwrapper_1 align_none valign_top\"><div class=\"w-post-elm post_image usg_post_image_2 has_ratio\"><a href=\"https:\/\/spirit.h2.de\/spirit\/en\/projekte\/esalsa\/\" aria-label=\"eSALSA \u2013 eService Agency Saxony-Anhalt\"><img loading=\"lazy\" decoding=\"async\" width=\"1200\" height=\"675\" src=\"https:\/\/spirit.h2.de\/spirit\/wp-content\/uploads\/2022\/07\/Website-Foto_eSALSA-1280x720.png\" class=\"attachment-large size-large wp-post-image\" alt=\"\" \/><\/a><div style=\"padding-bottom:56.25%\"><\/div><\/div><h2 class=\"w-post-elm post_title usg_post_title_2 entry-title color_link_inherit\"><a href=\"https:\/\/spirit.h2.de\/spirit\/en\/projekte\/esalsa\/\">eSALSA \u2013 eService Agency Saxony-Anhalt<\/a><\/h2><\/div><\/div>\t\t<\/div>\r\n\t\t\t<\/article>\r\n\t<article class=\"w-grid-item size_1x1 post-4521 page type-page status-publish has-post-thumbnail hentry\" data-id=\"4521\">\r\n\t\t<div class=\"w-grid-item-h\">\r\n\t\t\t\t\t\t<div class=\"w-vwrapper usg_vwrapper_2 align_none valign_top\"><div class=\"w-vwrapper usg_vwrapper_1 align_none valign_top\"><div class=\"w-post-elm post_image usg_post_image_2 has_ratio\"><a href=\"https:\/\/spirit.h2.de\/spirit\/en\/projekte\/cleanbreathe\/\" aria-label=\"CleanBREATHE \u2013 Fighting Air Pollution with EduTech\"><img loading=\"lazy\" decoding=\"async\" width=\"1200\" height=\"801\" src=\"https:\/\/spirit.h2.de\/spirit\/wp-content\/uploads\/2022\/06\/CleanBREATHE_Cover2-1280x854.jpg\" class=\"attachment-large size-large wp-post-image\" alt=\"\" \/><\/a><div style=\"padding-bottom:56.25%\"><\/div><\/div><h2 class=\"w-post-elm post_title usg_post_title_2 entry-title color_link_inherit\"><a href=\"https:\/\/spirit.h2.de\/spirit\/en\/projekte\/cleanbreathe\/\">CleanBREATHE \u2013 Fighting Air Pollution with EduTech<\/a><\/h2><\/div><\/div>\t\t<\/div>\r\n\t\t\t<\/article>\r\n\t<article class=\"w-grid-item size_1x1 post-4535 page type-page status-publish has-post-thumbnail hentry\" data-id=\"4535\">\r\n\t\t<div class=\"w-grid-item-h\">\r\n\t\t\t\t\t\t<div class=\"w-vwrapper usg_vwrapper_2 align_none valign_top\"><div class=\"w-vwrapper usg_vwrapper_1 align_none valign_top\"><div class=\"w-post-elm post_image usg_post_image_2 has_ratio\"><a href=\"https:\/\/spirit.h2.de\/spirit\/en\/projekte\/h2d2\/\" aria-label=\"H2D2 &#8211; XperiMaker-Lab\"><img loading=\"lazy\" decoding=\"async\" width=\"1200\" height=\"900\" src=\"https:\/\/spirit.h2.de\/spirit\/wp-content\/uploads\/2024\/05\/XLAB_MD-1280x960.jpg\" class=\"attachment-large size-large wp-post-image\" alt=\"\" \/><\/a><div style=\"padding-bottom:56.25%\"><\/div><\/div><h2 class=\"w-post-elm post_title usg_post_title_2 entry-title color_link_inherit\"><a href=\"https:\/\/spirit.h2.de\/spirit\/en\/projekte\/h2d2\/\">H2D2 &#8211; XperiMaker-Lab<\/a><\/h2><\/div><\/div>\t\t<\/div>\r\n\t\t\t<\/article>\r\n\t<article class=\"w-grid-item size_1x1 post-14546 page type-page status-publish has-post-thumbnail hentry category-laufende category-projects category-wint\" data-id=\"14546\">\r\n\t\t<div class=\"w-grid-item-h\">\r\n\t\t\t\t\t\t<div class=\"w-vwrapper usg_vwrapper_2 align_none valign_top\"><div class=\"w-vwrapper usg_vwrapper_1 align_none valign_top\"><div class=\"w-post-elm post_image usg_post_image_2 has_ratio\"><a href=\"https:\/\/spirit.h2.de\/spirit\/en\/projekte\/wint-altmark\/\" aria-label=\"WINT: Altmark\"><img loading=\"lazy\" decoding=\"async\" width=\"787\" height=\"449\" src=\"https:\/\/spirit.h2.de\/spirit\/wp-content\/uploads\/2024\/09\/image.png\" class=\"attachment-large size-large wp-post-image\" alt=\"\" \/><\/a><div style=\"padding-bottom:56.25%\"><\/div><\/div><h2 class=\"w-post-elm post_title usg_post_title_2 entry-title color_link_inherit\"><a href=\"https:\/\/spirit.h2.de\/spirit\/en\/projekte\/wint-altmark\/\">WINT: Altmark<\/a><\/h2><\/div><\/div>\t\t<\/div>\r\n\t\t\t<\/article>\r\n\t<article class=\"w-grid-item size_1x1 post-13466 page type-page status-publish has-post-thumbnail hentry\" data-id=\"13466\">\r\n\t\t<div class=\"w-grid-item-h\">\r\n\t\t\t\t\t\t<div class=\"w-vwrapper usg_vwrapper_2 align_none valign_top\"><div class=\"w-vwrapper usg_vwrapper_1 align_none valign_top\"><div class=\"w-post-elm post_image usg_post_image_2 has_ratio\"><a href=\"https:\/\/spirit.h2.de\/spirit\/en\/projekte\/musigenum\/\" aria-label=\"MusiGeNuM \u2013 Music meets EduTech\"><img loading=\"lazy\" decoding=\"async\" width=\"1200\" height=\"800\" src=\"https:\/\/spirit.h2.de\/spirit\/wp-content\/uploads\/2023\/12\/girl-learning-to-play-the-piano-with-a-tablet-1280x853.jpg\" class=\"attachment-large size-large wp-post-image\" alt=\"\" \/><\/a><div style=\"padding-bottom:56.25%\"><\/div><\/div><h2 class=\"w-post-elm post_title usg_post_title_2 entry-title color_link_inherit\"><a href=\"https:\/\/spirit.h2.de\/spirit\/en\/projekte\/musigenum\/\">MusiGeNuM \u2013 Music meets EduTech<\/a><\/h2><\/div><\/div>\t\t<\/div>\r\n\t\t\t<\/article>\r\n\t<article class=\"w-grid-item size_1x1 post-16116 page type-page status-publish has-post-thumbnail hentry\" data-id=\"16116\">\r\n\t\t<div class=\"w-grid-item-h\">\r\n\t\t\t\t\t\t<div class=\"w-vwrapper usg_vwrapper_2 align_none valign_top\"><div class=\"w-vwrapper usg_vwrapper_1 align_none valign_top\"><div class=\"w-post-elm post_image usg_post_image_2 has_ratio\"><a href=\"https:\/\/spirit.h2.de\/spirit\/en\/projekte\/house-of-international-and-responsible-entrepreneurship-and-sustainability-hires\/\" aria-label=\"HiRES &#8211; International Institute for Entrepreneurship and Sustainable Management\"><img loading=\"lazy\" decoding=\"async\" width=\"1200\" height=\"800\" src=\"https:\/\/spirit.h2.de\/spirit\/wp-content\/uploads\/2025\/03\/marvin-meyer-SYTO3xs06fU-unsplash-1280x853.jpg\" class=\"attachment-large size-large wp-post-image\" alt=\"\" \/><\/a><div style=\"padding-bottom:56.25%\"><\/div><\/div><h2 class=\"w-post-elm post_title usg_post_title_2 entry-title color_link_inherit\"><a href=\"https:\/\/spirit.h2.de\/spirit\/en\/projekte\/house-of-international-and-responsible-entrepreneurship-and-sustainability-hires\/\">HiRES &#8211; International Institute for Entrepreneurship and Sustainable Management<\/a><\/h2><\/div><\/div>\t\t<\/div>\r\n\t\t\t<\/article>\r\n\t<article class=\"w-grid-item size_1x1 post-16106 page type-page status-publish has-post-thumbnail hentry\" data-id=\"16106\">\r\n\t\t<div class=\"w-grid-item-h\">\r\n\t\t\t\t\t\t<div class=\"w-vwrapper usg_vwrapper_2 align_none valign_top\"><div class=\"w-vwrapper usg_vwrapper_1 align_none valign_top\"><div class=\"w-post-elm post_image usg_post_image_2 has_ratio\"><a href=\"https:\/\/spirit.h2.de\/spirit\/en\/projekte\/16106-2\/\" aria-label=\"BRaVe &#8211; Entrepreneurship based on Business, Research &#038; Value\"><img loading=\"lazy\" decoding=\"async\" width=\"1200\" height=\"800\" src=\"https:\/\/spirit.h2.de\/spirit\/wp-content\/uploads\/2025\/03\/christin-hume-Hcfwew744z4-unsplash-1280x853.jpg\" class=\"attachment-large size-large wp-post-image\" alt=\"\" \/><\/a><div style=\"padding-bottom:56.25%\"><\/div><\/div><h2 class=\"w-post-elm post_title usg_post_title_2 entry-title color_link_inherit\"><a href=\"https:\/\/spirit.h2.de\/spirit\/en\/projekte\/16106-2\/\">BRaVe &#8211; Entrepreneurship based on Business, Research &#038; Value<\/a><\/h2><\/div><\/div>\t\t<\/div>\r\n\t\t\t<\/article>\r\n\t<article class=\"w-grid-item size_1x1 post-17877 page type-page status-publish has-post-thumbnail hentry category-laufende category-projects\" data-id=\"17877\">\r\n\t\t<div class=\"w-grid-item-h\">\r\n\t\t\t\t\t\t<div class=\"w-vwrapper usg_vwrapper_2 align_none valign_top\"><div class=\"w-vwrapper usg_vwrapper_1 align_none valign_top\"><div class=\"w-post-elm post_image usg_post_image_2 has_ratio\"><a href=\"https:\/\/spirit.h2.de\/spirit\/en\/projekte\/techsight\/\" aria-label=\"TECHSIGHT\"><img loading=\"lazy\" decoding=\"async\" width=\"1200\" height=\"1200\" src=\"https:\/\/spirit.h2.de\/spirit\/wp-content\/uploads\/2026\/03\/techsightlogo-sqr-1-1280x1280.jpg\" class=\"attachment-large size-large wp-post-image\" alt=\"\" \/><\/a><div style=\"padding-bottom:56.25%\"><\/div><\/div><h2 class=\"w-post-elm post_title usg_post_title_2 entry-title color_link_inherit\"><a href=\"https:\/\/spirit.h2.de\/spirit\/en\/projekte\/techsight\/\">TECHSIGHT<\/a><\/h2><\/div><\/div>\t\t<\/div>\r\n\t\t\t<\/article>\r\n<\/div>\t<div class=\"w-grid-preloader\">\r\n\t\t<div class=\"g-preloader type_1\">\r\n\t\t\t<div><\/div>\r\n\t\t<\/div>\r\n\t<\/div>\r\n\t\t<div class=\"w-grid-json hidden\" onclick='return {&quot;action&quot;:&quot;us_ajax_grid&quot;,&quot;infinite_scroll&quot;:0,&quot;max_num_pages&quot;:1,&quot;pagination&quot;:&quot;none&quot;,&quot;template_vars&quot;:{&quot;columns&quot;:&quot;3&quot;,&quot;exclude_items&quot;:&quot;none&quot;,&quot;img_size&quot;:&quot;default&quot;,&quot;ignore_items_size&quot;:0,&quot;items_layout&quot;:&quot;8225&quot;,&quot;items_offset&quot;:&quot;1&quot;,&quot;load_animation&quot;:&quot;none&quot;,&quot;overriding_link&quot;:&quot;%7B%22url%22%3A%22%22%7D&quot;,&quot;post_id&quot;:0,&quot;query_args&quot;:{&quot;ignore_sticky_posts&quot;:1,&quot;post_type&quot;:&quot;any&quot;,&quot;post__in&quot;:[&quot;11481&quot;,&quot;9055&quot;,&quot;8455&quot;,&quot;4521&quot;,&quot;4535&quot;,&quot;14546&quot;,&quot;13466&quot;,&quot;14909&quot;,&quot;16116&quot;,&quot;16106&quot;,&quot;17877&quot;],&quot;posts_per_page&quot;:&quot;36&quot;},&quot;orderby_query_args&quot;:{&quot;orderby&quot;:{&quot;post__in&quot;:&quot;ASC&quot;},&quot;order&quot;:&quot;ASC&quot;},&quot;type&quot;:&quot;grid&quot;,&quot;us_grid_post_type&quot;:&quot;ids&quot;,&quot;us_grid_ajax_index&quot;:1,&quot;us_grid_filter_query_string&quot;:null,&quot;us_grid_index&quot;:1,&quot;page_args&quot;:[]}}'><\/div>\r\n\t<\/div><div class=\"w-separator size_large\"><\/div><div class=\"w-text us_custom_ccb6e813 has_text_color\"><span class=\"w-text-h\"><span class=\"w-text-value\">Abgeschlossene Projekte<\/span><\/span><\/div><div class=\"w-separator size_medium\"><\/div><div class=\"w-grid us_grid type_grid layout_8225 cols_3 preload_style_spinner ratio_4x3\" id=\"us_grid_2\" style=\"--columns:3;--gap:1.5rem;--item-ratio:0.75;\"><style>@media (max-width:1024px){#us_grid_2{--columns:2!important}}@media (max-width:600px){#us_grid_2{--columns:1!important}}@media (min-width:1024px){#us_grid_2 .w-post-elm.post_title{font-size:1.5rem!important}}<\/style><div class=\"w-grid-list\">\t<article class=\"w-grid-item size_1x1 post-4553 page type-page status-publish has-post-thumbnail hentry\" data-id=\"4553\">\r\n\t\t<div class=\"w-grid-item-h\">\r\n\t\t\t\t\t\t<div class=\"w-vwrapper usg_vwrapper_2 align_none valign_top\"><div class=\"w-vwrapper usg_vwrapper_1 align_none valign_top\"><div class=\"w-post-elm post_image usg_post_image_2 has_ratio\"><a href=\"https:\/\/spirit.h2.de\/spirit\/en\/projekte\/ikke\/\" aria-label=\"IKKE \u2013 Inclusive Kitchen 4.0\"><img loading=\"lazy\" decoding=\"async\" width=\"1200\" height=\"800\" src=\"https:\/\/spirit.h2.de\/spirit\/wp-content\/uploads\/2022\/07\/DSC02932-1280x853.jpg\" class=\"attachment-large size-large wp-post-image\" alt=\"\" \/><\/a><div style=\"padding-bottom:56.25%\"><\/div><\/div><h2 class=\"w-post-elm post_title usg_post_title_2 entry-title color_link_inherit\"><a href=\"https:\/\/spirit.h2.de\/spirit\/en\/projekte\/ikke\/\">IKKE \u2013 Inclusive Kitchen 4.0<\/a><\/h2><\/div><\/div>\t\t<\/div>\r\n\t\t\t<\/article>\r\n\t<article class=\"w-grid-item size_1x1 post-4507 page type-page status-publish has-post-thumbnail hentry\" data-id=\"4507\">\r\n\t\t<div class=\"w-grid-item-h\">\r\n\t\t\t\t\t\t<div class=\"w-vwrapper usg_vwrapper_2 align_none valign_top\"><div class=\"w-vwrapper usg_vwrapper_1 align_none valign_top\"><div class=\"w-post-elm post_image usg_post_image_2 has_ratio\"><a href=\"https:\/\/spirit.h2.de\/spirit\/en\/projekte\/trac-teaching-and-learning-research-across-countries\/\" aria-label=\"TRAC \u2013 Teaching and Learning Research Across Countries\"><img loading=\"lazy\" decoding=\"async\" width=\"1200\" height=\"810\" src=\"https:\/\/spirit.h2.de\/spirit\/wp-content\/uploads\/2022\/05\/borders.jpg\" class=\"attachment-large size-large wp-post-image\" alt=\"\" \/><\/a><div style=\"padding-bottom:56.25%\"><\/div><\/div><h2 class=\"w-post-elm post_title usg_post_title_2 entry-title color_link_inherit\"><a href=\"https:\/\/spirit.h2.de\/spirit\/en\/projekte\/trac-teaching-and-learning-research-across-countries\/\">TRAC \u2013 Teaching and Learning Research Across Countries<\/a><\/h2><\/div><\/div>\t\t<\/div>\r\n\t\t\t<\/article>\r\n\t<article class=\"w-grid-item size_1x1 post-4565 page type-page status-publish has-post-thumbnail hentry\" data-id=\"4565\">\r\n\t\t<div class=\"w-grid-item-h\">\r\n\t\t\t\t\t\t<div class=\"w-vwrapper usg_vwrapper_2 align_none valign_top\"><div class=\"w-vwrapper usg_vwrapper_1 align_none valign_top\"><div class=\"w-post-elm post_image usg_post_image_2 has_ratio\"><a href=\"https:\/\/spirit.h2.de\/spirit\/en\/projekte\/cross-teaching\/\" aria-label=\"Cross Teaching Study \u2013\u00a0Learning Research through International Projects\"><img loading=\"lazy\" decoding=\"async\" width=\"1200\" height=\"1111\" src=\"https:\/\/spirit.h2.de\/spirit\/wp-content\/uploads\/2022\/08\/covercrossteaching.jpg\" class=\"attachment-large size-large wp-post-image\" alt=\"\" \/><\/a><div style=\"padding-bottom:56.25%\"><\/div><\/div><h2 class=\"w-post-elm post_title usg_post_title_2 entry-title color_link_inherit\"><a href=\"https:\/\/spirit.h2.de\/spirit\/en\/projekte\/cross-teaching\/\">Cross Teaching Study \u2013\u00a0Learning Research through International Projects<\/a><\/h2><\/div><\/div>\t\t<\/div>\r\n\t\t\t<\/article>\r\n\t<article class=\"w-grid-item size_1x1 post-4557 page type-page status-publish has-post-thumbnail hentry\" data-id=\"4557\">\r\n\t\t<div class=\"w-grid-item-h\">\r\n\t\t\t\t\t\t<div class=\"w-vwrapper usg_vwrapper_2 align_none valign_top\"><div class=\"w-vwrapper usg_vwrapper_1 align_none valign_top\"><div class=\"w-post-elm post_image usg_post_image_2 has_ratio\"><a href=\"https:\/\/spirit.h2.de\/spirit\/en\/projekte\/dimedica\/\" aria-label=\"DiMediCa \u2013 Digital Medical Care\"><img loading=\"lazy\" decoding=\"async\" width=\"1200\" height=\"811\" src=\"https:\/\/spirit.h2.de\/spirit\/wp-content\/uploads\/2022\/08\/rawpixel-570905-unsplash-1280x865.jpg\" class=\"attachment-large size-large wp-post-image\" alt=\"\" \/><\/a><div style=\"padding-bottom:56.25%\"><\/div><\/div><h2 class=\"w-post-elm post_title usg_post_title_2 entry-title color_link_inherit\"><a href=\"https:\/\/spirit.h2.de\/spirit\/en\/projekte\/dimedica\/\">DiMediCa \u2013 Digital Medical Care<\/a><\/h2><\/div><\/div>\t\t<\/div>\r\n\t\t\t<\/article>\r\n\t<article class=\"w-grid-item size_1x1 post-4427 page type-page status-publish has-post-thumbnail hentry\" data-id=\"4427\">\r\n\t\t<div class=\"w-grid-item-h\">\r\n\t\t\t\t\t\t<div class=\"w-vwrapper usg_vwrapper_2 align_none valign_top\"><div class=\"w-vwrapper usg_vwrapper_1 align_none valign_top\"><div class=\"w-post-elm post_image usg_post_image_2 has_ratio\"><a href=\"https:\/\/spirit.h2.de\/spirit\/en\/projekte\/dimusa\/\" aria-label=\"DiMuSA \u2013 Digital Support for Music Schools in the Pandemic\"><img loading=\"lazy\" decoding=\"async\" width=\"1200\" height=\"287\" src=\"https:\/\/spirit.h2.de\/spirit\/wp-content\/uploads\/2023\/01\/DiMuSA-header-1280x306.png\" class=\"attachment-large size-large wp-post-image\" alt=\"\" \/><\/a><div style=\"padding-bottom:56.25%\"><\/div><\/div><h2 class=\"w-post-elm post_title usg_post_title_2 entry-title color_link_inherit\"><a href=\"https:\/\/spirit.h2.de\/spirit\/en\/projekte\/dimusa\/\">DiMuSA \u2013 Digital Support for Music Schools in the Pandemic<\/a><\/h2><\/div><\/div>\t\t<\/div>\r\n\t\t\t<\/article>\r\n\t<article class=\"w-grid-item size_1x1 post-12151 page type-page status-publish has-post-thumbnail hentry\" data-id=\"12151\">\r\n\t\t<div class=\"w-grid-item-h\">\r\n\t\t\t\t\t\t<div class=\"w-vwrapper usg_vwrapper_2 align_none valign_top\"><div class=\"w-vwrapper usg_vwrapper_1 align_none valign_top\"><div class=\"w-post-elm post_image usg_post_image_2 has_ratio\"><a href=\"https:\/\/spirit.h2.de\/spirit\/en\/projekte\/rosi-3d\/\" aria-label=\"ROSI 3D \u2013 RFID indoor localization of moving objects\"><img loading=\"lazy\" decoding=\"async\" width=\"618\" height=\"393\" src=\"https:\/\/spirit.h2.de\/spirit\/wp-content\/uploads\/2023\/06\/Bild1.jpg\" class=\"attachment-large size-large wp-post-image\" alt=\"\" \/><\/a><div style=\"padding-bottom:56.25%\"><\/div><\/div><h2 class=\"w-post-elm post_title usg_post_title_2 entry-title color_link_inherit\"><a href=\"https:\/\/spirit.h2.de\/spirit\/en\/projekte\/rosi-3d\/\">ROSI 3D \u2013 RFID indoor localization of moving objects<\/a><\/h2><\/div><\/div>\t\t<\/div>\r\n\t\t\t<\/article>\r\n\t<article class=\"w-grid-item size_1x1 post-13019 page type-page status-publish has-post-thumbnail hentry\" data-id=\"13019\">\r\n\t\t<div class=\"w-grid-item-h\">\r\n\t\t\t\t\t\t<div class=\"w-vwrapper usg_vwrapper_2 align_none valign_top\"><div class=\"w-vwrapper usg_vwrapper_1 align_none valign_top\"><div class=\"w-post-elm post_image usg_post_image_2 has_ratio\"><a href=\"https:\/\/spirit.h2.de\/spirit\/en\/projekte\/nachleben-2\/\" aria-label=\"NachLEBEN \u2013 Sustainability Education for the Food Industry with Situated Learning\"><img loading=\"lazy\" decoding=\"async\" width=\"1200\" height=\"554\" src=\"https:\/\/spirit.h2.de\/spirit\/wp-content\/uploads\/2023\/10\/Screenshot-2023-10-24-144633-1280x591.png\" class=\"attachment-large size-large wp-post-image\" alt=\"\" \/><\/a><div style=\"padding-bottom:56.25%\"><\/div><\/div><h2 class=\"w-post-elm post_title usg_post_title_2 entry-title color_link_inherit\"><a href=\"https:\/\/spirit.h2.de\/spirit\/en\/projekte\/nachleben-2\/\">NachLEBEN \u2013 Sustainability Education for the Food Industry with Situated Learning<\/a><\/h2><\/div><\/div>\t\t<\/div>\r\n\t\t\t<\/article>\r\n\t<article class=\"w-grid-item size_1x1 post-11698 page type-page status-publish has-post-thumbnail hentry\" data-id=\"11698\">\r\n\t\t<div class=\"w-grid-item-h\">\r\n\t\t\t\t\t\t<div class=\"w-vwrapper usg_vwrapper_2 align_none valign_top\"><div class=\"w-vwrapper usg_vwrapper_1 align_none valign_top\"><div class=\"w-post-elm post_image usg_post_image_2 has_ratio\"><a href=\"https:\/\/spirit.h2.de\/spirit\/en\/projekte\/mesim-2\/\" aria-label=\"MEsIM \u2013 Innovation Management and Entrepreneurship\"><img loading=\"lazy\" decoding=\"async\" width=\"1187\" height=\"596\" src=\"https:\/\/spirit.h2.de\/spirit\/wp-content\/uploads\/2023\/06\/MESIM-e1686224101417.png\" class=\"attachment-large size-large wp-post-image\" alt=\"\" \/><\/a><div style=\"padding-bottom:56.25%\"><\/div><\/div><h2 class=\"w-post-elm post_title usg_post_title_2 entry-title color_link_inherit\"><a href=\"https:\/\/spirit.h2.de\/spirit\/en\/projekte\/mesim-2\/\">MEsIM \u2013 Innovation Management and Entrepreneurship<\/a><\/h2><\/div><\/div>\t\t<\/div>\r\n\t\t\t<\/article>\r\n<\/div>\t<div class=\"w-grid-preloader\">\r\n\t\t<div class=\"g-preloader type_1\">\r\n\t\t\t<div><\/div>\r\n\t\t<\/div>\r\n\t<\/div>\r\n\t\t<div class=\"w-grid-json hidden\" onclick='return {&quot;action&quot;:&quot;us_ajax_grid&quot;,&quot;infinite_scroll&quot;:0,&quot;max_num_pages&quot;:1,&quot;pagination&quot;:&quot;none&quot;,&quot;template_vars&quot;:{&quot;columns&quot;:&quot;3&quot;,&quot;exclude_items&quot;:&quot;none&quot;,&quot;img_size&quot;:&quot;default&quot;,&quot;ignore_items_size&quot;:0,&quot;items_layout&quot;:&quot;8225&quot;,&quot;items_offset&quot;:&quot;1&quot;,&quot;load_animation&quot;:&quot;none&quot;,&quot;overriding_link&quot;:&quot;{\\&quot;url\\&quot;:\\&quot;\\&quot;}&quot;,&quot;post_id&quot;:0,&quot;query_args&quot;:{&quot;ignore_sticky_posts&quot;:1,&quot;post_type&quot;:&quot;any&quot;,&quot;post__in&quot;:[&quot;4553&quot;,&quot;4507&quot;,&quot;4565&quot;,&quot;4557&quot;,&quot;4427&quot;,&quot;12151&quot;,&quot;13019&quot;,&quot;11698&quot;],&quot;posts_per_page&quot;:&quot;15&quot;},&quot;orderby_query_args&quot;:{&quot;orderby&quot;:{&quot;post__in&quot;:&quot;ASC&quot;},&quot;order&quot;:&quot;ASC&quot;},&quot;type&quot;:&quot;grid&quot;,&quot;us_grid_post_type&quot;:&quot;ids&quot;,&quot;us_grid_ajax_index&quot;:2,&quot;us_grid_filter_query_string&quot;:null,&quot;us_grid_index&quot;:2,&quot;page_args&quot;:[]}}'><\/div>\r\n\t<\/div><\/div><\/div><div class=\"wpb_column vc_column_container\"><div class=\"vc_column-inner\"><div class=\"w-separator size_large\"><\/div><\/div><\/div><\/div><\/div><\/section>\n","protected":false},"excerpt":{"rendered":"{:de}MEsIMEntrepreneurship and Innovation ManagementZiele und ProjektinhalteZiel des Pilotprojektes MEsIM (Entrepreneurship and Innovation Management) ist die Etablierung eines interdisziplin\u00e4ren, multinationale Masterstudiengang in Kooperation der Hochschule Magdeburg-Stendal (h2) und der German-Jordanien University (GJU). Das Studienprogramm f\u00f6rdert unternehmerische Talente aus den die Ingenieur- und Wirtschaftswissenschaften und dem Design \u00fcber die beiden Partnerjochschulen hinaus. Inhaltliche Schwerpunkte \u00a0sind neben dem...","protected":false},"author":7,"featured_media":0,"parent":0,"menu_order":0,"comment_status":"closed","ping_status":"closed","template":"","meta":{"_acf_changed":false,"footnotes":""},"categories":[],"tags":[],"class_list":["post-4137","page","type-page","status-publish","hentry"],"translation":{"provider":"WPGlobus","version":"3.0.1","language":"en","enabled_languages":["de","en"],"languages":{"de":{"title":true,"content":true,"excerpt":false},"en":{"title":false,"content":false,"excerpt":false}}},"acf":[],"_links":{"self":[{"href":"https:\/\/spirit.h2.de\/spirit\/en\/wp-json\/wp\/v2\/pages\/4137","targetHints":{"allow":["GET"]}}],"collection":[{"href":"https:\/\/spirit.h2.de\/spirit\/en\/wp-json\/wp\/v2\/pages"}],"about":[{"href":"https:\/\/spirit.h2.de\/spirit\/en\/wp-json\/wp\/v2\/types\/page"}],"author":[{"embeddable":true,"href":"https:\/\/spirit.h2.de\/spirit\/en\/wp-json\/wp\/v2\/users\/7"}],"replies":[{"embeddable":true,"href":"https:\/\/spirit.h2.de\/spirit\/en\/wp-json\/wp\/v2\/comments?post=4137"}],"version-history":[{"count":72,"href":"https:\/\/spirit.h2.de\/spirit\/en\/wp-json\/wp\/v2\/pages\/4137\/revisions"}],"predecessor-version":[{"id":17901,"href":"https:\/\/spirit.h2.de\/spirit\/en\/wp-json\/wp\/v2\/pages\/4137\/revisions\/17901"}],"wp:attachment":[{"href":"https:\/\/spirit.h2.de\/spirit\/en\/wp-json\/wp\/v2\/media?parent=4137"}],"wp:term":[{"taxonomy":"category","embeddable":true,"href":"https:\/\/spirit.h2.de\/spirit\/en\/wp-json\/wp\/v2\/categories?post=4137"},{"taxonomy":"post_tag","embeddable":true,"href":"https:\/\/spirit.h2.de\/spirit\/en\/wp-json\/wp\/v2\/tags?post=4137"}],"curies":[{"name":"wp","href":"https:\/\/api.w.org\/{rel}","templated":true}]}}