{"id":15160,"date":"2024-10-14T15:17:09","date_gmt":"2024-10-14T13:17:09","guid":{"rendered":"https:\/\/spirit.h2.de\/spirit\/?page_id=15160"},"modified":"2025-09-16T11:43:16","modified_gmt":"2025-09-16T09:43:16","slug":"jens-martin-loebel","status":"publish","type":"page","link":"https:\/\/spirit.h2.de\/spirit\/en\/officials\/jens-martin-loebel\/","title":{"rendered":"Prof. Dr. Jens-Martin Loebel"},"content":{"rendered":"<section class=\"l-section wpb_row height_auto\"><div class=\"l-section-h i-cf\"><div class=\"g-cols vc_row via_grid cols_1 laptops-cols_inherit tablets-cols_inherit mobiles-cols_1 valign_top type_default stacking_default\"><div class=\"wpb_column vc_column_container\"><div class=\"vc_column-inner\"><div class=\"w-separator size_medium\"><\/div><div class=\"w-text us_custom_07c58c50 has_text_color\"><span class=\"w-text-h\"><span class=\"w-text-value\">Prof. Dr. Jens-Martin Loebel<\/span><\/span><\/div><div class=\"w-separator size_medium\"><\/div><div class=\"g-cols wpb_row via_grid cols_6 laptops-cols_inherit tablets-cols_inherit mobiles-cols_4 valign_middle type_default\" style=\"--columns-gap:0.9rem;\"><div class=\"wpb_column vc_column_container\"><div class=\"vc_column-inner\"><div class=\"w-socials us_custom_91f06cd3 color_link shape_none\" style=\"--gap:0.4em;\"><div class=\"w-socials-list\"><div class=\"w-socials-item email\"><a href=\"mailto:jens-martin.loebel@h2.de\" class=\"w-socials-item-link\" aria-label=\"Email\"><span class=\"w-socials-item-link-hover\"><\/span><i class=\"fas fa-envelope\"><\/i><\/a><div class=\"w-socials-item-popup\"><span>Email<\/span><\/div><\/div><\/div><\/div><\/div><\/div><div class=\"wpb_column vc_column_container\"><div class=\"vc_column-inner\"><div class=\"w-socials us_custom_91f06cd3 color_link shape_none\" style=\"--gap:0.6em;\"><div class=\"w-socials-list\"><div class=\"w-socials-item linkedin\"><a target=\"_blank\" rel=\"nofollow\" href=\"https:\/\/www.linkedin.com\/in\/jmloebel\/\" class=\"w-socials-item-link\" aria-label=\"LinkedIn\"><span class=\"w-socials-item-link-hover\"><\/span><i class=\"fab fa-linkedin\"><\/i><\/a><div class=\"w-socials-item-popup\"><span>LinkedIn<\/span><\/div><\/div><\/div><\/div><\/div><\/div><div class=\"wpb_column vc_column_container\"><div class=\"vc_column-inner\"><div class=\"w-socials us_custom_91f06cd3 color_link shape_none\" style=\"--gap:1.8em;\"><div class=\"w-socials-list\"><div class=\"w-socials-item custom\"><a target=\"_blank\" rel=\"nofollow\" href=\"https:\/\/www.researchgate.net\/profile\/Jens-Martin-Loebel-2\" class=\"w-socials-item-link\" aria-label=\"ResearchGate\"><span class=\"w-socials-item-link-hover\" style=\"background:var(--color-content-faded);\"><\/span><i class=\"fab fa-researchgate\"><\/i><\/a><div class=\"w-socials-item-popup\"><span>ResearchGate<\/span><\/div><\/div><\/div><\/div><\/div><\/div><div class=\"wpb_column vc_column_container\"><div class=\"vc_column-inner\"><\/div><\/div><div class=\"wpb_column vc_column_container\"><div class=\"vc_column-inner\"><\/div><\/div><div class=\"wpb_column vc_column_container\"><div class=\"vc_column-inner\"><\/div><\/div><\/div><div class=\"w-separator size_small\"><\/div><\/div><\/div><\/div><\/div><\/section><section class=\"l-section wpb_row height_small\"><div class=\"l-section-overlay\" style=\"background:rgba(255,255,255,0.25)\"><\/div><div class=\"l-section-h i-cf\"><div class=\"g-cols vc_row via_grid cols_1-2 laptops-cols_inherit tablets-cols_inherit mobiles-cols_1 valign_top type_default stacking_default\"><div class=\"wpb_column vc_column_container\"><div class=\"vc_column-inner\"><div class=\"w-image has_ratio align_none\"><div class=\"w-image-h\"><div style=\"padding-bottom:100%\"><\/div><img decoding=\"async\" width=\"2560\" height=\"1644\" src=\"https:\/\/spirit.h2.de\/spirit\/wp-content\/uploads\/2024\/10\/Jens-Martin-Loebel-scaled.jpg\" class=\"attachment-full size-full\" alt=\"\" loading=\"lazy\" \/><\/div><\/div><\/div><\/div><div class=\"wpb_column vc_column_container\"><div class=\"vc_column-inner\"><div class=\"wpb_text_column\"><div class=\"wpb_wrapper\"><div><strong>Prof. Dr. Jens-Martin Loebel<\/strong> ist seit 2020 Professor f\u00fcr Wirtschaftsinformatik an der Hochschule Magdeburg-Stendal. Er studierte Informatik und Psychologie an der Humboldt-Universit\u00e4t zu Berlin, wo er auch seine Promotion zum Dr. rer. nat. in Informatik abschloss. Sein Forschungsschwerpunkte liegen im Bereich Gamification, Digitale Medien, der Langzeitbewahrung digitaler multimedialer Objekte sowie dem Erhalt des digitalen Kulturerbes.<\/div>\n<div><\/div>\n<div><\/div>\n<div>Vor seiner Professur sammelte Professor Loebel umfangreiche Erfahrungen in der Forschung und Lehre an mehreren deutschen Universit\u00e4ten, darunter die Universit\u00e4t Bayreuth, die Leuphana Universit\u00e4t L\u00fcneburg und die Universit\u00e4t Siegen. Dabei besch\u00e4ftigte er sich unter anderem mit interaktiven Publikationsformen, Medien\u00e4sthetik sowie der Nutzung von RFID-Technologien in Museen.<\/div>\n<div><\/div>\n<div><\/div>\n<div>Neben seiner akademischen Laufbahn war er von 2014 bis 2022 als Gesch\u00e4ftsf\u00fchrer und Mitgr\u00fcnder der bitGilde IT Solutions UG t\u00e4tig. In dieser Rolle entwickelte er \u00fcber fast ein Jahrzehnt hinweg innovative Softwarel\u00f6sungen und IT-Infrastrukturen f\u00fcr Projekte in den Bereichen Forschung, Bildung und Kultur. Besonders hervorzuheben ist seine Mitentwicklung des Open-Source-Werkzeugs \u201eHyperImage\u201c, das als multimediale Forschungs- und Entwicklungsplattform f\u00fcr den Bilddiskurs in den digitalen Geisteswissenschaften dient. Dieses Werkzeug ist heute international etabliert und wird unter dem Namen \u201eYenda\u201c weiterentwickelt.<\/div>\n<div><\/div>\n<div><\/div>\n<div>Professor Loebel engagiert sich stark f\u00fcr die interdisziplin\u00e4re Vernetzung und den wissenschaftlichen Austausch. Er gr\u00fcndete die nationale Fachgruppe \u201eLangzeitarchivierung \/ Emulation\u201c innerhalb der Gesellschaft f\u00fcr Informatik (GI), die er mehrere Jahre leitete. Ebenso ist er Mitbegr\u00fcnder des Arbeitskreises \u201eInformatik und Digital Humanities\u201c der GI. Als ehemaliger Sprecher des Fachbereichs \u201eInformatik und Gesellschaft\u201c setzte er sich intensiv f\u00fcr die Verkn\u00fcpfung zwischen Informatik und gesellschaftlichen Fragestellungen ein. Dar\u00fcber hinaus ist er Mitglied renommierter Fachgesellschaften, wie der ACM und der IEEE, und hat als technischer Leiter in zahlreichen Forschungsprojekten ma\u00dfgeblich mitgewirkt.<\/div>\n<div><\/div>\n<div><\/div>\n<div>Neben seiner akademischen Karriere und seiner T\u00e4tigkeit in der IT-Branche ist Professor Loebel auch als staatlich zugelassener Heilpraktiker f\u00fcr Psychotherapie und zertifizierter Hypnotiseur t\u00e4tig. Er wendet dabei Techniken wie die analytische Tiefenhypnose an, um Menschen bei der \u00dcberwindung von psychischen Blockaden und festgefahrenen Denkmustern zu unterst\u00fctzen.<\/div>\n<\/div><\/div><div class=\"w-separator size_small\"><\/div><\/div><\/div><\/div><\/div><\/section><section class=\"l-section wpb_row height_custom\"><div class=\"l-section-h i-cf\"><div class=\"g-cols vc_row via_grid cols_1 laptops-cols_inherit tablets-cols_inherit mobiles-cols_1 valign_top type_default stacking_default\"><div class=\"wpb_column vc_column_container\"><div class=\"vc_column-inner\"><div class=\"wpb_text_column\"><div class=\"wpb_wrapper\"><p><span>        <div class=\"spf-container\">\n            <div class=\"spf-publication-list\">\n                                                        <article class=\"spf-publication-item\">\n                        <header class=\"spf-item-header\">\n                            <h3 class=\"spf-item-title\">\n                                <a href=\"https:\/\/scholar.google.com\/citations?view_op=view_citation&#038;hl=en&#038;oe=ASCII&#038;user=l2pKxYMAAAAJ&#038;sortby=pubdate&#038;citation_for_view=l2pKxYMAAAAJ:D03iK_w7-QYC\" target=\"_blank\" rel=\"noopener noreferrer\">\n                                    Empowering adults with Intellectual Disabilities (ID) through adaptive chess training: preliminary findings on cognitive assessment                                <\/a>\n                            <\/h3>\n                            <div class=\"spf-item-meta\">\n                                <span class=\"spf-authors\">M Haase, V Rafayevych, M Dannhauer, JM Loebel<\/span>\n                                <span class=\"spf-journal\">International Conference on Human-Computer Interaction, 140-152, 2025<\/span>\n                            <\/div>\n                        <\/header>\n                                                <footer class=\"spf-item-footer\">\n                            <span class=\"spf-year\">2025<\/span>\n                        <\/footer>\n                    <\/article>\n                                                        <article class=\"spf-publication-item\">\n                        <header class=\"spf-item-header\">\n                            <h3 class=\"spf-item-title\">\n                                <a href=\"https:\/\/scholar.google.com\/citations?view_op=view_citation&#038;hl=en&#038;oe=ASCII&#038;user=l2pKxYMAAAAJ&#038;sortby=pubdate&#038;citation_for_view=l2pKxYMAAAAJ:a0OBvERweLwC\" target=\"_blank\" rel=\"noopener noreferrer\">\n                                    Extending and designing an inclusive chess app for users with cognitive and visual impairments: a participatory design approach                                <\/a>\n                            <\/h3>\n                            <div class=\"spf-item-meta\">\n                                <span class=\"spf-authors\">JM Loebel, M Haase, F K\u00fcmmel, V Rafayevych<\/span>\n                                <span class=\"spf-journal\">International Conference on Human-Computer Interaction, 153-167, 2025<\/span>\n                            <\/div>\n                        <\/header>\n                                                <footer class=\"spf-item-footer\">\n                            <span class=\"spf-year\">2025<\/span>\n                        <\/footer>\n                    <\/article>\n                                                        <article class=\"spf-publication-item\">\n                        <header class=\"spf-item-header\">\n                            <h3 class=\"spf-item-title\">\n                                <a href=\"https:\/\/scholar.google.com\/citations?view_op=view_citation&#038;hl=en&#038;oe=ASCII&#038;user=l2pKxYMAAAAJ&#038;sortby=pubdate&#038;citation_for_view=l2pKxYMAAAAJ:yD5IFk8b50cC\" target=\"_blank\" rel=\"noopener noreferrer\">\n                                    Digital Companions: The Potential of Social Robots and New Media in Supporting the Psychosocial Health of Older Adults                                <\/a>\n                            <\/h3>\n                            <div class=\"spf-item-meta\">\n                                <span class=\"spf-authors\">JM Loebel, CL Gittens<\/span>\n                                <span class=\"spf-journal\">International Conference on Human-Computer Interaction, 276-296, 2025<\/span>\n                            <\/div>\n                        <\/header>\n                                                <footer class=\"spf-item-footer\">\n                            <span class=\"spf-year\">2025<\/span>\n                        <\/footer>\n                    <\/article>\n                                                        <article class=\"spf-publication-item\">\n                        <header class=\"spf-item-header\">\n                            <h3 class=\"spf-item-title\">\n                                <a href=\"https:\/\/scholar.google.com\/citations?view_op=view_citation&#038;hl=en&#038;oe=ASCII&#038;user=l2pKxYMAAAAJ&#038;sortby=pubdate&#038;citation_for_view=l2pKxYMAAAAJ:cFHS6HbyZ2cC\" target=\"_blank\" rel=\"noopener noreferrer\">\n                                    Balancing Act: Leveraging \u2018PARAMETERS\u2019 Serious Game as a Tool for Mastering Game Design in Higher Education                                <\/a>\n                            <\/h3>\n                            <div class=\"spf-item-meta\">\n                                <span class=\"spf-authors\">JM Loebel, J Koubek<\/span>\n                                <span class=\"spf-journal\">2024 IEEE Gaming, Entertainment, and Media Conference (GEM), 1-4, 2024<\/span>\n                            <\/div>\n                        <\/header>\n                                                <footer class=\"spf-item-footer\">\n                            <span class=\"spf-year\">2024<\/span>\n                        <\/footer>\n                    <\/article>\n                                                        <article class=\"spf-publication-item\">\n                        <header class=\"spf-item-header\">\n                            <h3 class=\"spf-item-title\">\n                                <a href=\"https:\/\/scholar.google.com\/citations?view_op=view_citation&#038;hl=en&#038;oe=ASCII&#038;user=l2pKxYMAAAAJ&#038;sortby=pubdate&#038;citation_for_view=l2pKxYMAAAAJ:dfsIfKJdRG4C\" target=\"_blank\" rel=\"noopener noreferrer\">\n                                    The Extended RoSA Conceptual Architecture for Managing Consumer-Grade Social Robot Surrogates                                <\/a>\n                            <\/h3>\n                            <div class=\"spf-item-meta\">\n                                <span class=\"spf-authors\">JM Loebel, CL Gittens<\/span>\n                                <span class=\"spf-journal\">2024 IEEE Gaming, Entertainment, and Media Conference (GEM), 1-5, 2024<\/span>\n                            <\/div>\n                        <\/header>\n                                                <footer class=\"spf-item-footer\">\n                            <span class=\"spf-year\">2024<\/span>\n                        <\/footer>\n                    <\/article>\n                            <\/div>\n\n                            <div class=\"spf-more-link-wrapper\">\n                    <a href=\"https:\/\/scholar.google.com\/citations?hl=en&#038;user=l2pKxYMAAAAJ&#038;view_op=list_works&#038;sortby=pubdate\" class=\"spf-button\" target=\"_blank\" rel=\"noopener noreferrer\">\n                        View All Publications                    <\/a>\n                <\/div>\n                    <\/div>\n        <\/span><\/p>\n<\/div><\/div><\/div><\/div><\/div><\/div><\/section>\n","protected":false},"excerpt":{"rendered":"Prof. Dr. Jens-Martin LoebelEmailLinkedInResearchGateProf. Dr. Jens-Martin Loebel ist seit 2020 Professor f\u00fcr Wirtschaftsinformatik an der Hochschule Magdeburg-Stendal. Er studierte Informatik und Psychologie an der Humboldt-Universit\u00e4t zu Berlin, wo er auch seine Promotion zum Dr. rer. nat. in Informatik abschloss. Sein Forschungsschwerpunkte liegen im Bereich Gamification, Digitale Medien, der Langzeitbewahrung digitaler multimedialer Objekte sowie dem Erhalt...","protected":false},"author":19,"featured_media":15168,"parent":46,"menu_order":0,"comment_status":"closed","ping_status":"closed","template":"","meta":{"_acf_changed":false,"footnotes":""},"categories":[],"tags":[226,224],"class_list":["post-15160","page","type-page","status-publish","has-post-thumbnail","hentry","tag-gamification","tag-wirtschaftsinformatik"],"translation":{"provider":"WPGlobus","version":"3.0.1","language":"en","enabled_languages":["de","en"],"languages":{"de":{"title":true,"content":true,"excerpt":false},"en":{"title":false,"content":false,"excerpt":false}}},"acf":[],"_links":{"self":[{"href":"https:\/\/spirit.h2.de\/spirit\/en\/wp-json\/wp\/v2\/pages\/15160","targetHints":{"allow":["GET"]}}],"collection":[{"href":"https:\/\/spirit.h2.de\/spirit\/en\/wp-json\/wp\/v2\/pages"}],"about":[{"href":"https:\/\/spirit.h2.de\/spirit\/en\/wp-json\/wp\/v2\/types\/page"}],"author":[{"embeddable":true,"href":"https:\/\/spirit.h2.de\/spirit\/en\/wp-json\/wp\/v2\/users\/19"}],"replies":[{"embeddable":true,"href":"https:\/\/spirit.h2.de\/spirit\/en\/wp-json\/wp\/v2\/comments?post=15160"}],"version-history":[{"count":11,"href":"https:\/\/spirit.h2.de\/spirit\/en\/wp-json\/wp\/v2\/pages\/15160\/revisions"}],"predecessor-version":[{"id":16388,"href":"https:\/\/spirit.h2.de\/spirit\/en\/wp-json\/wp\/v2\/pages\/15160\/revisions\/16388"}],"up":[{"embeddable":true,"href":"https:\/\/spirit.h2.de\/spirit\/en\/wp-json\/wp\/v2\/pages\/46"}],"wp:featuredmedia":[{"embeddable":true,"href":"https:\/\/spirit.h2.de\/spirit\/en\/wp-json\/wp\/v2\/media\/15168"}],"wp:attachment":[{"href":"https:\/\/spirit.h2.de\/spirit\/en\/wp-json\/wp\/v2\/media?parent=15160"}],"wp:term":[{"taxonomy":"category","embeddable":true,"href":"https:\/\/spirit.h2.de\/spirit\/en\/wp-json\/wp\/v2\/categories?post=15160"},{"taxonomy":"post_tag","embeddable":true,"href":"https:\/\/spirit.h2.de\/spirit\/en\/wp-json\/wp\/v2\/tags?post=15160"}],"curies":[{"name":"wp","href":"https:\/\/api.w.org\/{rel}","templated":true}]}}