{"id":14648,"date":"2025-02-11T15:25:20","date_gmt":"2025-02-11T14:25:20","guid":{"rendered":"https:\/\/spirit.h2.de\/spirit\/?page_id=14648"},"modified":"2025-02-21T07:03:11","modified_gmt":"2025-02-21T06:03:11","slug":"stefan-puest","status":"publish","type":"page","link":"https:\/\/spirit.h2.de\/spirit\/en\/officials\/stefan-puest\/","title":{"rendered":"Stefan P\u00fcst"},"content":{"rendered":"<section class=\"l-section wpb_row height_small\"><div class=\"l-section-h i-cf\"><div class=\"g-cols vc_row via_grid cols_2-1 laptops-cols_inherit tablets-cols_inherit mobiles-cols_1 valign_top type_default stacking_default\"><div class=\"wpb_column vc_column_container\"><div class=\"vc_column-inner\"><div class=\"w-text us_custom_047e52cd has_text_color\"><span class=\"w-text-h\"><span class=\"w-text-value\">Stefan P\u00fcst<\/span><\/span><\/div><div class=\"w-separator size_medium\"><\/div><div class=\"g-cols wpb_row via_grid cols_5 laptops-cols_inherit tablets-cols_inherit mobiles-cols_4 valign_top type_default stacking_default\" style=\"--columns-gap:3rem;\"><div class=\"wpb_column vc_column_container\"><div class=\"vc_column-inner\"><div class=\"w-socials us_custom_91f06cd3 color_link shape_none\" style=\"--gap:1.8em;\"><div class=\"w-socials-list\"><div class=\"w-socials-item email\"><a target=\"_blank\" rel=\"nofollow\" href=\"stefan.p\u00fcst@h2.de\" class=\"w-socials-item-link\" aria-label=\"Email\"><span class=\"w-socials-item-link-hover\"><\/span><i class=\"fas fa-envelope\"><\/i><\/a><div class=\"w-socials-item-popup\"><span>Email<\/span><\/div><\/div><\/div><\/div><\/div><\/div><div class=\"wpb_column vc_column_container\"><div class=\"vc_column-inner\"><div class=\"w-socials us_custom_91f06cd3 color_link shape_none\" style=\"--gap:1.8em;\"><div class=\"w-socials-list\"><div class=\"w-socials-item custom\"><a target=\"_blank\" rel=\"nofollow\" href=\"https:\/\/www.researchgate.net\/profile\/Stefan-Puest\" class=\"w-socials-item-link\" aria-label=\"Title\"><span class=\"w-socials-item-link-hover\" style=\"background:var(--color-content-faded);\"><\/span><i class=\"fab fa-researchgate\"><\/i><\/a><div class=\"w-socials-item-popup\"><span>Title<\/span><\/div><\/div><\/div><\/div><\/div><\/div><div class=\"wpb_column vc_column_container\"><div class=\"vc_column-inner\"><\/div><\/div><div class=\"wpb_column vc_column_container\"><div class=\"vc_column-inner\"><\/div><\/div><div class=\"wpb_column vc_column_container\"><div class=\"vc_column-inner\"><\/div><\/div><\/div><div class=\"w-separator size_small\"><\/div><\/div><\/div><div class=\"wpb_column vc_column_container\"><div class=\"vc_column-inner\"><\/div><\/div><\/div><\/div><\/section><section class=\"l-section wpb_row height_custom\"><div class=\"l-section-h i-cf\"><div class=\"g-cols vc_row via_grid cols_1 laptops-cols_inherit tablets-cols_inherit mobiles-cols_1 valign_top type_default stacking_default\"><div class=\"wpb_column vc_column_container\"><div class=\"vc_column-inner\"><div class=\"wpb_text_column\"><div class=\"wpb_wrapper\"><p>Stefan P\u00fcst is a research associate in the MusiGeNuM project, which is researching the challenges of digitalization in music schools. Together with an interdisciplinary team, he is investigating how traditional music education methods can be optimized through digital support. The focus is on the development of learning scenarios that make musical learning &#8211; especially reading music &#8211; more effective. Using eye-tracking, success strategies for reading music and sight-reading are analyzed in order to integrate these findings into music school and rehearsal practice in a targeted manner. The MusiGeNuM project promotes equal opportunities and educational equity in musical education and researches the role of digital skills of students and teachers in order to strengthen self-efficacy in instrumental and vocal teaching.<\/p>\n<p>Stefan P\u00fcst holds a B.Sc. in Computer Science and an M.Sc. in Digital Media from the Brandenburg University of Applied Sciences. He previously worked as an app developer and IT administrator at the Film University Babelsberg KONRAD WOLF. He then moved to the Creative Technologies program at the Film University Babelsberg KONRAD WOLF as a research assistant, where he was responsible for courses on physical computing and machine learning. He then worked as a software developer for a company in the field of medical eye diagnostic devices before taking up his position in the MusiGeNuM project in May 2024.<\/p>\n<p>&nbsp;<\/p>\n<p class=\"p1\">inischer Augen-Diagnoseger\u00e4te t\u00e4tig, bevor er im Mai 2024 seine T\u00e4tigkeit im MusiGeNuM-Projekt aufnahm.<\/p>\n<\/div><\/div><\/div><\/div><\/div><\/div><\/section>\n","protected":false},"excerpt":{"rendered":"{:de}Stefan P\u00fcstEmailTitleStefan P\u00fcst ist wissenschaftlicher Mitarbeiter im MusiGeNuM-Projekt, das die Herausforderungen der Digitalisierung in Musikschulen erforscht. Gemeinsam mit einem interdisziplin\u00e4ren Team untersucht er, wie traditionelle Musikausbildungsmethoden durch digitale Unterst\u00fctzung optimiert werden k\u00f6nnen. Im Fokus steht die Entwicklung von Lernszenarien, die das musikalische Lernen \u2013 insbesondere das Notenlesen \u2013 effektiver gestalten. Durch den Einsatz von Eye-Tracking...","protected":false},"author":19,"featured_media":12212,"parent":46,"menu_order":0,"comment_status":"closed","ping_status":"closed","template":"","meta":{"_acf_changed":false,"footnotes":""},"categories":[],"tags":[],"class_list":["post-14648","page","type-page","status-publish","has-post-thumbnail","hentry"],"translation":{"provider":"WPGlobus","version":"3.0.1","language":"en","enabled_languages":["de","en"],"languages":{"de":{"title":true,"content":true,"excerpt":false},"en":{"title":false,"content":true,"excerpt":false}}},"acf":[],"_links":{"self":[{"href":"https:\/\/spirit.h2.de\/spirit\/en\/wp-json\/wp\/v2\/pages\/14648","targetHints":{"allow":["GET"]}}],"collection":[{"href":"https:\/\/spirit.h2.de\/spirit\/en\/wp-json\/wp\/v2\/pages"}],"about":[{"href":"https:\/\/spirit.h2.de\/spirit\/en\/wp-json\/wp\/v2\/types\/page"}],"author":[{"embeddable":true,"href":"https:\/\/spirit.h2.de\/spirit\/en\/wp-json\/wp\/v2\/users\/19"}],"replies":[{"embeddable":true,"href":"https:\/\/spirit.h2.de\/spirit\/en\/wp-json\/wp\/v2\/comments?post=14648"}],"version-history":[{"count":7,"href":"https:\/\/spirit.h2.de\/spirit\/en\/wp-json\/wp\/v2\/pages\/14648\/revisions"}],"predecessor-version":[{"id":16002,"href":"https:\/\/spirit.h2.de\/spirit\/en\/wp-json\/wp\/v2\/pages\/14648\/revisions\/16002"}],"up":[{"embeddable":true,"href":"https:\/\/spirit.h2.de\/spirit\/en\/wp-json\/wp\/v2\/pages\/46"}],"wp:featuredmedia":[{"embeddable":true,"href":"https:\/\/spirit.h2.de\/spirit\/en\/wp-json\/wp\/v2\/media\/12212"}],"wp:attachment":[{"href":"https:\/\/spirit.h2.de\/spirit\/en\/wp-json\/wp\/v2\/media?parent=14648"}],"wp:term":[{"taxonomy":"category","embeddable":true,"href":"https:\/\/spirit.h2.de\/spirit\/en\/wp-json\/wp\/v2\/categories?post=14648"},{"taxonomy":"post_tag","embeddable":true,"href":"https:\/\/spirit.h2.de\/spirit\/en\/wp-json\/wp\/v2\/tags?post=14648"}],"curies":[{"name":"wp","href":"https:\/\/api.w.org\/{rel}","templated":true}]}}