{"id":14546,"date":"2024-09-19T14:20:55","date_gmt":"2024-09-19T12:20:55","guid":{"rendered":"https:\/\/spirit.h2.de\/spirit\/?page_id=14546"},"modified":"2026-03-16T11:03:50","modified_gmt":"2026-03-16T10:03:50","slug":"wint-altmark","status":"publish","type":"page","link":"https:\/\/spirit.h2.de\/spirit\/en\/projekte\/wint-altmark\/","title":{"rendered":"WINT: Altmark"},"content":{"rendered":"<section class=\"l-section wpb_row height_auto\"><div class=\"l-section-h i-cf\"><div class=\"g-cols vc_row via_grid cols_1 laptops-cols_inherit tablets-cols_inherit mobiles-cols_1 valign_top type_default stacking_default\"><div class=\"wpb_column vc_column_container\"><div class=\"vc_column-inner\"><div class=\"w-separator size_small\"><\/div><div class=\"w-separator size_small\"><\/div><div class=\"w-text us_custom_ccb6e813 has_text_color\"><span class=\"w-text-h\"><span class=\"w-text-value\">WINT:Altmark<\/span><\/span><\/div><div class=\"w-separator size_custom\" style=\"height:\"><\/div><div class=\"w-text us_custom_a3fc07dd has_text_color\"><span class=\"w-text-h\"><span class=\"w-text-value\">Wirtschaft trifft MINT Making im l\u00e4ndlichen Raum<\/span><\/span><\/div><div class=\"w-separator size_medium\"><\/div><div class=\"wpb_column vc_column_container\"><div class=\"vc_column-inner\"><div class=\"w-image has_ratio align_none\"><div class=\"w-image-h\"><div style=\"padding-bottom:38.0952%\"><\/div><img decoding=\"async\" width=\"787\" height=\"449\" src=\"https:\/\/spirit.h2.de\/spirit\/wp-content\/uploads\/2024\/09\/image.png\" class=\"attachment-full size-full\" alt=\"\" loading=\"lazy\" \/><\/div><\/div><\/div><\/div><\/div><\/div><\/div><\/div><\/section><section class=\"l-section wpb_row height_medium\"><div class=\"l-section-h i-cf\"><div class=\"g-cols vc_row via_grid cols_2-1 laptops-cols_inherit tablets-cols_inherit mobiles-cols_1 valign_top type_default stacking_default\" style=\"--columns-gap:5rem;\"><div class=\"wpb_column vc_column_container\"><div class=\"vc_column-inner\"><div class=\"w-text us_custom_b01cd5ea has_text_color\"><span class=\"w-text-h\"><span class=\"w-text-value\">Ausgangslage<\/span><\/span><\/div><div class=\"w-separator size_small\"><\/div><div class=\"wpb_text_column\"><div class=\"wpb_wrapper\"><p>In l\u00e4ndlichen Regionen, insbesondere in der Altmark, mangelt es an Vernetzung zwischen MINT-Bildungsakteuren (Mathematik, Informatik, Naturwissenschaften und Technik) und der regionalen Wirtschaft. Dieser Mangel f\u00fchrt zu eingeschr\u00e4nkten Bildungschancen f\u00fcr Kinder, Jugendliche und insbesondere bildungsbenachteiligte Sch\u00fclerinnen und Sch\u00fcler. Zus\u00e4tzlich fehlen in solchen Regionen oft die Strukturen und M\u00f6glichkeiten, um praxisnahe MINT-Prozesse erlebbar zu machen und den Zugang zu solchen Bildungsangeboten zu f\u00f6rdern.<\/p>\n<\/div><\/div><div class=\"w-separator size_large\"><\/div><div class=\"w-text us_custom_b01cd5ea has_text_color\"><span class=\"w-text-h\"><span class=\"w-text-value\">Projektidee<\/span><\/span><\/div><div class=\"w-separator size_small\"><\/div><div class=\"wpb_text_column\"><div class=\"wpb_wrapper\"><p>W:INT Altmark vereint zentrale Akteure der MINT-Bildung und der regionalen Wirtschaft, um eine kollaborative MINT-Infrastruktur aufzubauen. Ein zentraler Ansatz besteht in technologieorientierten Sch\u00fclerfirmen, die reale MINT-Prozesse f\u00fcr Kinder, Jugendliche und Familien zug\u00e4nglich machen und dabei nachhaltige Partnerschaften mit lokalen Unternehmen f\u00f6rdern. Das Projekt legt besonderen Wert auf einen kollaborativen \u201eMaking\u201c-Ansatz in F\u00f6rderschulen und Jugendzentren, der insbesondere M\u00e4dchen und bildungsbenachteiligten Sch\u00fclerinnen und Sch\u00fclern in l\u00e4ndlichen Gebieten Chancen bietet. Dieser praxisorientierte Ansatz birgt gro\u00dfes Potenzial, um intrinsisches, selbstgesteuertes und konzeptorientiertes Lernen sowohl in informellen als auch in formalen schulischen und hochschulischen Kontexten zu f\u00f6rdern. Der Making-Prozess ermutigt zum Experimentieren und verbindet praktisches Schaffen mit der Nutzung digitaler und analoger Werkzeuge.<\/p>\n<\/div><\/div><div class=\"w-separator size_large\"><\/div><div class=\"w-text us_custom_b01cd5ea has_text_color\"><span class=\"w-text-h\"><span class=\"w-text-value\">Ziele<\/span><\/span><\/div><div class=\"w-separator size_small\"><\/div><div class=\"wpb_text_column\"><div class=\"wpb_wrapper\"><p><strong>W:INT Altmark vernetzt Akteure der MINT-Bildung mit der regionalen <\/strong><\/p>\n<p>Wirtschaft zur gemeinsamen MINT-Struktur. Zentrale Methode bilden<br \/>\ntechnologieorientierte Schu\u0308lerfirmen. Diese machen reale MINTProzesse fu\u0308r Kinder, Jugendliche und Familien erlebbar und binden regionale Wirtschaftsunternehmen nachhaltig ein. Der kollaborative Making- Ansatz in F\u00f6rderschulen und Jugendhilfeeinrichtungen schafft Zug\u00e4nge fu\u0308r M\u00e4dchen und bildungsbenachteiligte Schu\u0308lerinnen und Schu\u0308ler besonders in l\u00e4ndlichen R\u00e4umen.<\/p>\n<\/div><\/div><div class=\"w-separator size_large\"><\/div><div class=\"w-text us_custom_b01cd5ea has_text_color\"><span class=\"w-text-h\"><span class=\"w-text-value\">Methoden<\/span><\/span><\/div><div class=\"w-separator size_small\"><\/div><div class=\"wpb_text_column\"><div class=\"wpb_wrapper\"><p>Um die Zielgruppe gezielt anzusprechen, planen die Netzwerkpartner, Making-Workshops in Schulen, Jugendzentren, Kinderg\u00e4rten, Tagesst\u00e4tten und auf lokalen Veranstaltungen anzubieten sowie \u00fcber digitale Plattformen in l\u00e4ndlichen Regionen zu verbreiten. Zur aktiven Einbindung der Familien werden diese Workshops durch MINT-Caf\u00e9s erg\u00e4nzt. Dar\u00fcber hinaus sollen auch Eltern und Gro\u00dfeltern durch Veranstaltungen wie Elternabende an die MINT-Bildung herangef\u00fchrt werden, um das Interesse an MINT-Themen \u00fcber Generationen hinweg zu f\u00f6rdern.<\/p>\n<\/div><\/div><\/div><\/div><div class=\"wpb_column vc_column_container\"><div class=\"vc_column-inner\"><div class=\"w-text us_custom_b01cd5ea has_text_color\"><span class=\"w-text-h\"><span class=\"w-text-value\">Key Data<\/span><\/span><\/div><div class=\"w-separator size_small\"><\/div><div class=\"w-text us_custom_32940c00 has_text_color\"><span class=\"w-text-h\"><span class=\"w-text-value\">Duration<\/span><\/span><\/div><div class=\"w-separator size_custom\" style=\"height:0.6rem\"><\/div><div class=\"wpb_text_column\"><div class=\"wpb_wrapper\"><p>01.09.2024 \u2013 30.04.2027<\/p>\n<\/div><\/div><div class=\"w-separator size_small\"><\/div><div class=\"w-text us_custom_32940c00 has_text_color\"><span class=\"w-text-h\"><span class=\"w-text-value\">Consortium<\/span><\/span><\/div><div class=\"w-separator size_custom\" style=\"height:0.6rem\"><\/div><div class=\"wpb_text_column\"><div class=\"wpb_wrapper\"><ul>\n<li data-list=\"bullet\">Hochschule Magdeburg-Stendal, Forschungsgruppe SPiRIT (Koordination)<\/li>\n<li data-list=\"bullet\">Otto-von-Guericke-Universit\u00e4t Magdeburg, Technische Bildung, <br class=\"softbreak\" \/>Prof. Dr. Frank B\u00fcnning (Leitung), Dr. Stefan Br\u00e4mer (Anprechpartner)<\/li>\n<li data-list=\"bullet\">Sch\u00fcler-Institut f\u00fcr Technik und angewandte Informatik SITI e. V.<br class=\"softbreak\" \/>Dr. Hannes K\u00f6nig (Leitung)<br class=\"softbreak\" \/>Mitarbeiterin (Anprechpartnerin)<\/li>\n<li data-list=\"bullet\">Unternehmernetzwerk Altmark UNA<br class=\"softbreak\" \/>Frank Barniske<\/li>\n<\/ul>\n<\/div><\/div><div class=\"w-separator size_small\"><\/div><div class=\"w-text us_custom_32940c00 has_text_color\"><span class=\"w-text-h\"><span class=\"w-text-value\">Funding<\/span><\/span><\/div><div class=\"w-separator size_custom\" style=\"height:0.6rem\"><\/div><div class=\"wpb_text_column\"><div class=\"wpb_wrapper\"><ul>\n<li>Bundesministerium f\u00fcr Bildung und Forschung (BMBF, WBC2019)<\/li>\n<\/ul>\n<\/div><\/div><div class=\"w-separator size_small\"><\/div><div class=\"w-text us_custom_32940c00 has_text_color\"><span class=\"w-text-h\"><span class=\"w-text-value\">Researcher<\/span><\/span><\/div><div class=\"w-separator size_custom\" style=\"height:0.6rem\"><\/div><div class=\"wpb_text_column us_custom_b8973c5f\"><div class=\"wpb_wrapper\"><p><strong>Valeria Rademeier, M.A.<\/strong><br \/>\nProjektkoordination<br \/>\nSoziale Arbeit<br \/>\nHochschule Magdeburg-Stendal<br \/>\nvaleria.rademeier@h2.de<\/p>\n<\/div><\/div><div class=\"w-separator size_custom\" style=\"height:0.6rem\"><\/div><div class=\"wpb_text_column us_custom_b8973c5f\"><div class=\"wpb_wrapper\"><p><strong>Prof. Dr. Jens-Martin Loebel <\/strong><br \/>\nProjektleitung<br \/>\nWirtschaftsinformatik<br \/>\nHochschule Magdeburg-Stendal<br \/>\nJens-Martin.Loebel@h2.de<\/p>\n<\/div><\/div><div class=\"w-separator size_custom\" style=\"height:0.6rem\"><\/div><div class=\"w-separator size_custom\" style=\"height:0.6rem\"><\/div><div class=\"wpb_text_column us_custom_b8973c5f\"><div class=\"wpb_wrapper\"><p><strong>Prof. Dr. Michael A. Herzog<\/strong><br \/>\nWirtschaftsinformatik<br \/>\nHochschule Magdeburg-Stendal<br \/>\nmichael.herzog@h2.de<\/p>\n<\/div><\/div><div class=\"w-separator size_small\"><\/div><div class=\"w-separator size_custom\" style=\"height:0.6rem\"><\/div><\/div><\/div><\/div><\/div><\/section><section class=\"l-section wpb_row height_auto\"><div class=\"l-section-h i-cf\"><div class=\"g-cols vc_row via_grid cols_1 laptops-cols_inherit tablets-cols_inherit mobiles-cols_1 valign_top type_default stacking_default\"><div class=\"wpb_column vc_column_container\"><div class=\"vc_column-inner\"><div class=\"w-separator size_small\"><\/div><div class=\"w-grid us_post_list type_grid layout_blog_1 cols_4 preload_style_spinner\" id=\"us_post_list_d2fa\" style=\"--columns:4;--gap:1.5rem;\"><style>@media (max-width:1024px){#us_post_list_d2fa{--columns:2!important}}@media (max-width:600px){#us_post_list_d2fa{--columns:1!important}}.layout_blog_1 .w-grid-item-h{}.layout_blog_1 .usg_post_image_1{margin-bottom:0.5rem!important}.layout_blog_1 .usg_post_title_1{font-size:1rem!important}<\/style><div class=\"w-grid-list\">\t<article class=\"w-grid-item size_1x1 post-16316 post type-post status-publish format-standard has-post-thumbnail hentry category-laufende category-landstark category-news category-projects category-wint\" data-id=\"16316\">\r\n\t\t<div class=\"w-grid-item-h\">\r\n\t\t\t\t\t\t<div class=\"w-post-elm post_image usg_post_image_1 stretched\"><a href=\"https:\/\/spirit.h2.de\/spirit\/en\/landstark-auf-dem-ueberland-festival-2025\/\" aria-label=\"LandStarK auf dem \u00dcberland-Festival 2025\"><img loading=\"lazy\" decoding=\"async\" width=\"1024\" height=\"1024\" src=\"https:\/\/spirit.h2.de\/spirit\/wp-content\/uploads\/2025\/08\/LandStark-Ueberland-Festival.jpg\" class=\"attachment-large size-large wp-post-image\" alt=\"LandStark Logo f\u00fcr \u00dcberland-Festival\" srcset=\"https:\/\/spirit.h2.de\/spirit\/wp-content\/uploads\/2025\/08\/LandStark-Ueberland-Festival.jpg 1024w, https:\/\/spirit.h2.de\/spirit\/wp-content\/uploads\/2025\/08\/LandStark-Ueberland-Festival-640x640.jpg 640w, https:\/\/spirit.h2.de\/spirit\/wp-content\/uploads\/2025\/08\/LandStark-Ueberland-Festival-160x160.jpg 160w, https:\/\/spirit.h2.de\/spirit\/wp-content\/uploads\/2025\/08\/LandStark-Ueberland-Festival-607x607.jpg 607w, https:\/\/spirit.h2.de\/spirit\/wp-content\/uploads\/2025\/08\/LandStark-Ueberland-Festival-100x100.jpg 100w\" sizes=\"auto, (max-width: 1024px) 100vw, 1024px\" \/><\/a><\/div><h2 class=\"w-post-elm post_title usg_post_title_1 entry-title color_link_inherit\"><a href=\"https:\/\/spirit.h2.de\/spirit\/en\/landstark-auf-dem-ueberland-festival-2025\/\">LandStarK auf dem \u00dcberland-Festival 2025<\/a><\/h2>\t\t<\/div>\r\n\t\t\t<\/article>\r\n<\/div><div class=\"g-loadmore hidden\"><div class=\"g-preloader type_1\"><div><\/div><\/div><\/div><div class=\"w-grid-list-json hidden\" onclick='return {&quot;max_num_pages&quot;:0,&quot;paginationBase&quot;:&quot;page&quot;,&quot;pagination&quot;:&quot;none&quot;,&quot;paged&quot;:1,&quot;ajaxData&quot;:{&quot;action&quot;:&quot;us_ajax_post_list&quot;,&quot;meta_type&quot;:&quot;post&quot;,&quot;object_id&quot;:0,&quot;template_vars&quot;:{&quot;shortcode_base&quot;:&quot;us_post_list&quot;,&quot;paged&quot;:1,&quot;max_num_pages&quot;:0,&quot;no_results&quot;:false,&quot;us_post_content_design_css&quot;:[],&quot;found_posts&quot;:0,&quot;items_count&quot;:1,&quot;source&quot;:&quot;all&quot;,&quot;custom_field_name&quot;:&quot;&quot;,&quot;ids&quot;:&quot;&quot;,&quot;post_type&quot;:&quot;post&quot;,&quot;attachment_ids&quot;:null,&quot;include_post_thumbnail&quot;:0,&quot;post_author&quot;:&quot;any&quot;,&quot;post_author_ids&quot;:&quot;&quot;,&quot;apply_url_params&quot;:0,&quot;ignore_sticky_posts&quot;:&quot;0&quot;,&quot;exclude_children&quot;:0,&quot;exclude_current_post&quot;:&quot;0&quot;,&quot;exclude_prev_posts&quot;:0,&quot;exclude_past_events&quot;:0,&quot;enable_items_offset&quot;:0,&quot;items_offset&quot;:&quot;1&quot;,&quot;tax_query_relation&quot;:&quot;OR&quot;,&quot;tax_query&quot;:&quot;%5B%7B%22operator%22%3A%22IN%22%2C%22taxonomy%22%3A%22category%22%2C%22terms%22%3A%22246%22%2C%22include_children%22%3A%220%22%7D%5D&quot;,&quot;meta_query_relation&quot;:&quot;none&quot;,&quot;meta_query&quot;:[{&quot;key&quot;:&quot;custom_field_name&quot;,&quot;compare&quot;:&quot;=&quot;,&quot;value&quot;:&quot;&quot;}],&quot;orderby&quot;:&quot;date&quot;,&quot;orderby_custom_field&quot;:&quot;&quot;,&quot;orderby_custom_type&quot;:0,&quot;order_invert&quot;:0,&quot;show_all&quot;:0,&quot;quantity&quot;:&quot;12&quot;,&quot;posts_per_archive_page&quot;:0,&quot;no_items_action&quot;:&quot;message&quot;,&quot;no_items_message&quot;:&quot;No results found.&quot;,&quot;no_items_page_block&quot;:&quot;&quot;,&quot;pagination&quot;:&quot;none&quot;,&quot;pagination_style&quot;:&quot;&quot;,&quot;pagination_btn_text&quot;:&quot;Load More&quot;,&quot;pagination_btn_size&quot;:&quot;&quot;,&quot;pagination_btn_style&quot;:&quot;1&quot;,&quot;pagination_btn_fullwidth&quot;:0,&quot;items_layout&quot;:&quot;blog_1&quot;,&quot;type&quot;:&quot;grid&quot;,&quot;items_valign&quot;:0,&quot;ignore_items_size&quot;:0,&quot;columns&quot;:&quot;4&quot;,&quot;items_gap&quot;:&quot;1.5rem&quot;,&quot;load_animation&quot;:&quot;none&quot;,&quot;items_preload_style&quot;:&quot;spinner&quot;,&quot;img_size&quot;:&quot;default&quot;,&quot;title_size&quot;:&quot;&quot;,&quot;items_ratio&quot;:&quot;default&quot;,&quot;items_ratio_width&quot;:&quot;21&quot;,&quot;items_ratio_height&quot;:&quot;9&quot;,&quot;overriding_link&quot;:&quot;%7B%22url%22%3A%22%22%7D&quot;,&quot;popup_page_template&quot;:&quot;0&quot;,&quot;popup_width&quot;:&quot;&quot;,&quot;popup_arrows&quot;:1,&quot;breakpoint_1_width&quot;:&quot;1281px&quot;,&quot;breakpoint_1_cols&quot;:&quot;default&quot;,&quot;breakpoint_1_quantity&quot;:&quot;&quot;,&quot;breakpoint_1_gap&quot;:&quot;&quot;,&quot;breakpoint_2_width&quot;:&quot;1025px&quot;,&quot;breakpoint_2_cols&quot;:&quot;2&quot;,&quot;breakpoint_2_quantity&quot;:&quot;&quot;,&quot;breakpoint_2_gap&quot;:&quot;&quot;,&quot;breakpoint_3_width&quot;:&quot;601px&quot;,&quot;breakpoint_3_cols&quot;:&quot;1&quot;,&quot;breakpoint_3_quantity&quot;:&quot;&quot;,&quot;breakpoint_3_gap&quot;:&quot;&quot;,&quot;conditions_operator&quot;:&quot;always&quot;,&quot;conditions&quot;:[],&quot;css&quot;:null,&quot;el_class&quot;:&quot;&quot;,&quot;el_id&quot;:&quot;&quot;,&quot;enable_custom_html_atts&quot;:0,&quot;custom_html_atts&quot;:null,&quot;hide_on_states&quot;:&quot;&quot;,&quot;hide_for_sticky&quot;:0,&quot;hide_for_not_sticky&quot;:0,&quot;hide_below&quot;:&quot;0px&quot;,&quot;hide_above&quot;:&quot;0px&quot;,&quot;classes&quot;:&quot;&quot;}},&quot;facetedFilter&quot;:[]}'><\/div><\/div><div class=\"w-separator size_custom\" style=\"height:0.6rem\"><\/div><div class=\"w-separator size_huge\"><\/div><\/div><\/div><\/div><\/div><\/section>\n","protected":false},"excerpt":{"rendered":"LandStarK nimmt teil am \u00dcBERLAND Festival 2025, 05.\u201307.09. am K\u00fchlhaus G\u00f6rlitz. Unser Beitrag: LandConnect(ion): Probleml\u00f6sungspuzzle Mitmachaktion mit Nina Schmulius, Josua Werum, Valeria Rademeier &amp; Jan-Philipp Winkler (Hochschule Magdeburg-Stendal) Entdecke mit LandConnect(ion) auf gro\u00dfformatigen W\u00e4nden spielerisch das Potenzial l\u00e4ndlicher R\u00e4ume. Trag deine Rollen, Herausforderungen und L\u00f6sungsideen ein und verbinde dich \u00fcber modulare Puzzleteile zu einem wachsenden...","protected":false},"author":26,"featured_media":14714,"parent":4137,"menu_order":0,"comment_status":"closed","ping_status":"closed","template":"","meta":{"_acf_changed":false,"footnotes":""},"categories":[97,10,246],"tags":[],"class_list":["post-14546","page","type-page","status-publish","has-post-thumbnail","hentry","category-laufende","category-projects","category-wint"],"translation":{"provider":"WPGlobus","version":"3.0.1","language":"en","enabled_languages":["de","en"],"languages":{"de":{"title":true,"content":true,"excerpt":false},"en":{"title":false,"content":false,"excerpt":false}}},"acf":[],"_links":{"self":[{"href":"https:\/\/spirit.h2.de\/spirit\/en\/wp-json\/wp\/v2\/pages\/14546","targetHints":{"allow":["GET"]}}],"collection":[{"href":"https:\/\/spirit.h2.de\/spirit\/en\/wp-json\/wp\/v2\/pages"}],"about":[{"href":"https:\/\/spirit.h2.de\/spirit\/en\/wp-json\/wp\/v2\/types\/page"}],"author":[{"embeddable":true,"href":"https:\/\/spirit.h2.de\/spirit\/en\/wp-json\/wp\/v2\/users\/26"}],"replies":[{"embeddable":true,"href":"https:\/\/spirit.h2.de\/spirit\/en\/wp-json\/wp\/v2\/comments?post=14546"}],"version-history":[{"count":59,"href":"https:\/\/spirit.h2.de\/spirit\/en\/wp-json\/wp\/v2\/pages\/14546\/revisions"}],"predecessor-version":[{"id":17952,"href":"https:\/\/spirit.h2.de\/spirit\/en\/wp-json\/wp\/v2\/pages\/14546\/revisions\/17952"}],"up":[{"embeddable":true,"href":"https:\/\/spirit.h2.de\/spirit\/en\/wp-json\/wp\/v2\/pages\/4137"}],"wp:featuredmedia":[{"embeddable":true,"href":"https:\/\/spirit.h2.de\/spirit\/en\/wp-json\/wp\/v2\/media\/14714"}],"wp:attachment":[{"href":"https:\/\/spirit.h2.de\/spirit\/en\/wp-json\/wp\/v2\/media?parent=14546"}],"wp:term":[{"taxonomy":"category","embeddable":true,"href":"https:\/\/spirit.h2.de\/spirit\/en\/wp-json\/wp\/v2\/categories?post=14546"},{"taxonomy":"post_tag","embeddable":true,"href":"https:\/\/spirit.h2.de\/spirit\/en\/wp-json\/wp\/v2\/tags?post=14546"}],"curies":[{"name":"wp","href":"https:\/\/api.w.org\/{rel}","templated":true}]}}