{"id":12151,"date":"2023-06-26T17:45:37","date_gmt":"2023-06-26T15:45:37","guid":{"rendered":"https:\/\/spirit.h2.de\/spirit\/?page_id=12151"},"modified":"2023-12-23T13:05:03","modified_gmt":"2023-12-23T12:05:03","slug":"rosi-3d","status":"publish","type":"page","link":"https:\/\/spirit.h2.de\/spirit\/en\/projekte\/rosi-3d\/","title":{"rendered":"ROSI 3D \u2013 RFID indoor localization of moving objects"},"content":{"rendered":"<section class=\"l-section wpb_row height_auto\"><div class=\"l-section-h i-cf\"><div class=\"g-cols vc_row via_grid cols_1 laptops-cols_inherit tablets-cols_inherit mobiles-cols_1 valign_top type_default stacking_default\"><div class=\"wpb_column vc_column_container\"><div class=\"vc_column-inner\"><div class=\"w-separator size_small\"><\/div><div class=\"w-separator size_small\"><\/div><div class=\"w-text us_custom_ccb6e813 has_text_color\"><span class=\"w-text-h\"><span class=\"w-text-value\">ROSI 3D<\/span><\/span><\/div><div class=\"w-separator size_custom\" style=\"height:0.9rem\"><\/div><div class=\"w-text us_custom_a3fc07dd has_text_color\"><span class=\"w-text-h\"><span class=\"w-text-value\">RFID localization considering mobile objects in the radio field with a 3D simulation<\/span><\/span><\/div><div class=\"w-separator size_small\"><\/div><div class=\"wpb_column vc_column_container\"><div class=\"vc_column-inner\"><div class=\"w-image has_ratio align_none\"><div class=\"w-image-h\"><div style=\"padding-bottom:33.3333%\"><\/div><img decoding=\"async\" width=\"618\" height=\"393\" src=\"https:\/\/spirit.h2.de\/spirit\/wp-content\/uploads\/2023\/06\/Bild1.jpg\" class=\"attachment-full size-full\" alt=\"\" loading=\"lazy\" \/><\/div><\/div><\/div><\/div><\/div><\/div><\/div><\/div><\/section><section class=\"l-section wpb_row height_medium\"><div class=\"l-section-h i-cf\"><div class=\"g-cols vc_row via_grid cols_2-1 laptops-cols_inherit tablets-cols_inherit mobiles-cols_1 valign_top type_default stacking_default\" style=\"--columns-gap:5rem;\"><div class=\"wpb_column vc_column_container\"><div class=\"vc_column-inner\"><div class=\"w-text us_custom_b01cd5ea has_text_color\"><span class=\"w-text-h\"><span class=\"w-text-value\">Projectidea<\/span><\/span><\/div><div class=\"w-separator size_small\"><\/div><div class=\"wpb_text_column\"><div class=\"wpb_wrapper\"><p>Locating objects indoors as accurately as possible was a research and development challenge in 2012 that could be solved particularly inexpensively with RFID (Radio Frequency Identification) compared to other radio technologies. Due to the increasing use of RFID systems, a need for tracking solutions in almost all industrial sectors became apparent.<\/p>\n<p>The ROSI-3D project has significantly improved the localization of objects in dynamic environments from both a technical and an economic perspective by combining new approaches from RF technology and computer science, as well as complementary business considerations.<\/p>\n<p>Previous approaches to localization were generally focused on RFID systems with active transponders, where each transponder required its own power supply. This made it possible to achieve accuracies of less than 1 m in static environments and without the general consideration of mobile objects in the radio field. These approaches did not take into account a major constraint of industrial as well as public indoor environments: Many objects (people, vehicles, tools, materials) are normally in motion and thus constantly have a decisive influence on the radio field. As a result, no satisfactory solutions for radiolocation that could also be operated economically had been developed in practice up to that point.<\/p>\n<p>The ROSI-3D research project used two main approaches to improve radio-based positioning solutions: (1) Based on the acquisition of real conditions, a 3D model basis was to be created that is generalizable for different use cases. The different ranges of radio propagation and the presence of mobile objects in the radio field had to be taken into account. The approach followed was consistent with the prediction for propagation models in mobile communications. (2) By using a time-dynamic 3D simulation, interfering objects should be taken into account in future positioning, the technical setup of an infrastructure should be optimized and supported by augmented reality. This approach, based on multi-antenna systems with multiple objects in space, also allowed a much cheaper implementation because no power supply was required for a large number of transponders or radio terminals. The number and optimal location of the necessary readers was then accurately determined with virtual load tests of changing objects in the simulation. The 3D simulation thus went far beyond the site surveys used with other radio technologies, which were tuned to static environments.<\/p>\n<p>The evaluation of the models and the simulation system was carried out in various field tests together with the practical partners in different environments and frequency bands within the scope of this project. For the practical application of the localization, scenarios in assembly halls, in mining or in the event\/trade fair area were used.<\/p>\n<\/div><\/div><div class=\"w-separator size_small\"><\/div><\/div><\/div><div class=\"wpb_column vc_column_container\"><div class=\"vc_column-inner\"><div class=\"w-text us_custom_b01cd5ea has_text_color\"><span class=\"w-text-h\"><span class=\"w-text-value\">Keydata<\/span><\/span><\/div><div class=\"w-separator size_small\"><\/div><div class=\"w-text us_custom_32940c00 has_text_color\"><span class=\"w-text-h\"><span class=\"w-text-value\">Duration<\/span><\/span><\/div><div class=\"w-separator size_custom\" style=\"height:0.6rem\"><\/div><div class=\"wpb_text_column\"><div class=\"wpb_wrapper\"><p>01.11. 2012 &#8211; 31. 07.2015<\/p>\n<\/div><\/div><div class=\"w-separator size_small\"><\/div><div class=\"w-text us_custom_32940c00 has_text_color\"><span class=\"w-text-h\"><span class=\"w-text-value\">Collaboration partners<\/span><\/span><\/div><div class=\"w-separator size_custom\" style=\"height:0.6rem\"><\/div><div class=\"wpb_text_column\"><div class=\"wpb_wrapper\"><ul>\n<li>Centiveo GmbH Magdeburg<\/li>\n<li>metraTec GmbH Magdeburg<\/li>\n<\/ul>\n<\/div><\/div><div class=\"w-separator size_small\"><\/div><div class=\"w-text us_custom_32940c00 has_text_color\"><span class=\"w-text-h\"><span class=\"w-text-value\">Funding<\/span><\/span><\/div><div class=\"w-separator size_custom\" style=\"height:0.6rem\"><\/div><div class=\"wpb_text_column\"><div class=\"wpb_wrapper\"><ul>\n<li>Bundesministerium f\u00fcr Bildung und Forschung Programm profUnt<\/li>\n<\/ul>\n<\/div><\/div><div class=\"w-separator size_small\"><\/div><div class=\"w-text us_custom_32940c00 has_text_color\"><span class=\"w-text-h\"><span class=\"w-text-value\">Scientists<\/span><\/span><\/div><div class=\"w-separator size_custom\" style=\"height:0.6rem\"><\/div><div class=\"wpb_text_column\"><div class=\"wpb_wrapper\"><p><strong>Prof. Dr. Olaf Friedewald<\/strong><br \/>\nUniversity of Applied Science Magdeburg-Stendal<\/p>\n<\/div><\/div><div class=\"w-separator size_custom\" style=\"height:0.6rem\"><\/div><div class=\"wpb_text_column\"><div class=\"wpb_wrapper\"><p><strong>Prof. Dr. Michael A. Herzog<\/strong><br \/>\nBusiness Informatics<br \/>\nUniversity of Applied Science Magdeburg-Stendal<br \/>\nmichael.herzog@h2.de<\/p>\n<\/div><\/div><\/div><\/div><\/div><\/div><\/section><section class=\"l-section wpb_row height_auto\"><div class=\"l-section-h i-cf\"><div class=\"g-cols vc_row via_grid cols_1 laptops-cols_inherit tablets-cols_inherit mobiles-cols_1 valign_top type_default stacking_default\"><div class=\"wpb_column vc_column_container\"><div class=\"vc_column-inner\"><div class=\"w-separator size_small\"><\/div><div class=\"w-separator size_small\"><\/div><div class=\"w-separator size_huge\"><\/div><\/div><\/div><\/div><\/div><\/section>\n","protected":false},"excerpt":{"rendered":"{:de}ROSI 3DRFID-Ortung bei Ber\u00fccksichtigung ortsver\u00e4nderlicher Objekte im Funkfeld mit einer 3D-SimulationProjektideeDie m\u00f6glichst genaue Ortung von Objekten in Innenr\u00e4umen war\u00a02012 eine Forschungs- und Entwicklungsherausforderung, die im Vergleich mit anderen Funktechnologien besonders preiswert mit RFID (Radio Frequency Identifikation) gel\u00f6st werden konnte. Durch die zunehmende Verbreitung von RFID-Systemen zeichnete sich ein Bedarf von Ortungsl\u00f6sungen in fast allen industriellen...","protected":false},"author":19,"featured_media":12155,"parent":4137,"menu_order":0,"comment_status":"closed","ping_status":"closed","template":"","meta":{"_acf_changed":false,"footnotes":""},"categories":[],"tags":[],"class_list":["post-12151","page","type-page","status-publish","has-post-thumbnail","hentry"],"translation":{"provider":"WPGlobus","version":"3.0.1","language":"en","enabled_languages":["de","en"],"languages":{"de":{"title":true,"content":true,"excerpt":false},"en":{"title":true,"content":true,"excerpt":false}}},"acf":[],"_links":{"self":[{"href":"https:\/\/spirit.h2.de\/spirit\/en\/wp-json\/wp\/v2\/pages\/12151","targetHints":{"allow":["GET"]}}],"collection":[{"href":"https:\/\/spirit.h2.de\/spirit\/en\/wp-json\/wp\/v2\/pages"}],"about":[{"href":"https:\/\/spirit.h2.de\/spirit\/en\/wp-json\/wp\/v2\/types\/page"}],"author":[{"embeddable":true,"href":"https:\/\/spirit.h2.de\/spirit\/en\/wp-json\/wp\/v2\/users\/19"}],"replies":[{"embeddable":true,"href":"https:\/\/spirit.h2.de\/spirit\/en\/wp-json\/wp\/v2\/comments?post=12151"}],"version-history":[{"count":6,"href":"https:\/\/spirit.h2.de\/spirit\/en\/wp-json\/wp\/v2\/pages\/12151\/revisions"}],"predecessor-version":[{"id":13563,"href":"https:\/\/spirit.h2.de\/spirit\/en\/wp-json\/wp\/v2\/pages\/12151\/revisions\/13563"}],"up":[{"embeddable":true,"href":"https:\/\/spirit.h2.de\/spirit\/en\/wp-json\/wp\/v2\/pages\/4137"}],"wp:featuredmedia":[{"embeddable":true,"href":"https:\/\/spirit.h2.de\/spirit\/en\/wp-json\/wp\/v2\/media\/12155"}],"wp:attachment":[{"href":"https:\/\/spirit.h2.de\/spirit\/en\/wp-json\/wp\/v2\/media?parent=12151"}],"wp:term":[{"taxonomy":"category","embeddable":true,"href":"https:\/\/spirit.h2.de\/spirit\/en\/wp-json\/wp\/v2\/categories?post=12151"},{"taxonomy":"post_tag","embeddable":true,"href":"https:\/\/spirit.h2.de\/spirit\/en\/wp-json\/wp\/v2\/tags?post=12151"}],"curies":[{"name":"wp","href":"https:\/\/api.w.org\/{rel}","templated":true}]}}