{"id":11481,"date":"2023-07-24T09:50:18","date_gmt":"2023-07-24T07:50:18","guid":{"rendered":"https:\/\/spirit.h2.de\/spirit\/?page_id=11481"},"modified":"2026-02-09T14:30:51","modified_gmt":"2026-02-09T13:30:51","slug":"landstark","status":"publish","type":"page","link":"https:\/\/spirit.h2.de\/spirit\/en\/projekte\/landstark\/","title":{"rendered":"LandStarK \u2013 Sozial-\u00f6kologische Transformation in der Kultur"},"content":{"rendered":"<section class=\"l-section wpb_row height_auto\"><div class=\"l-section-h i-cf\"><div class=\"g-cols vc_row via_grid cols_1 laptops-cols_inherit tablets-cols_inherit mobiles-cols_1 valign_top type_default stacking_default\"><div class=\"wpb_column vc_column_container\"><div class=\"vc_column-inner\"><div class=\"w-separator size_medium\"><\/div><div class=\"w-text us_custom_ccb6e813 has_text_color\"><span class=\"w-text-h\"><span class=\"w-text-value\">LandStarK<\/span><\/span><\/div><div class=\"w-separator size_small\"><\/div><div class=\"w-text us_custom_a3fc07dd has_text_color\"><span class=\"w-text-h\"><span class=\"w-text-value\">Collaborative research project to strengthen the cultural and creative industries as drivers of socio-ecological transformation in rural areas<\/span><\/span><\/div><div class=\"w-separator size_small\"><\/div><div class=\"wpb_column vc_column_container\"><div class=\"vc_column-inner\"><div class=\"w-image has_ratio align_none\"><div class=\"w-image-h\"><div style=\"padding-bottom:33.3333%\"><\/div><img decoding=\"async\" width=\"2560\" height=\"1917\" src=\"https:\/\/spirit.h2.de\/spirit\/wp-content\/uploads\/2025\/08\/bernd-dittrich-Kt5lzXMmBK8-unsplash-scaled.jpg\" class=\"attachment-full size-full\" alt=\"\u00dcbersicht \u00fcber eine l\u00e4ndliche Landschaft in Deutschland im Abendlicht\" loading=\"lazy\" \/><\/div><\/div><\/div><\/div><\/div><\/div><\/div><\/div><\/section><section class=\"l-section wpb_row height_medium\"><div class=\"l-section-h i-cf\"><div class=\"g-cols vc_row via_grid cols_2-1 laptops-cols_inherit tablets-cols_inherit mobiles-cols_1 valign_top type_default stacking_default\" style=\"--columns-gap:5rem;\"><div class=\"wpb_column vc_column_container\"><div class=\"vc_column-inner\"><div class=\"w-text us_custom_b01cd5ea has_text_color\"><span class=\"w-text-h\"><span class=\"w-text-value\">Project Idea<\/span><\/span><\/div><div class=\"w-separator size_small\"><\/div><div class=\"wpb_text_column\"><div class=\"wpb_wrapper\"><p class=\"p1\">LandStarK explores new ways of thinking and acting initiated by the cultural and creative industries in the sense of the EU\u2019s \u201eGreen Deal\u201c in the socio-economic ecosystems of eight regions in four federal states:<\/p>\n<ul class=\"ul1\">\n<li class=\"li2\"><span class=\"s1\">Northwest Mecklenburg and Ludwigslust-Parchim in Mecklenburg-Vorpommern,<\/span><\/li>\n<li class=\"li2\"><span class=\"s1\">Prignitz in Brandenburg,<\/span><\/li>\n<li class=\"li2\"><span class=\"s1\">L\u00fcchow-Dannenberg and L\u00fcneburg in Lower Saxony and<\/span><\/li>\n<li class=\"li3\"><span class=\"s1\">Salzwedel, B\u00f6rde and Stendal in Saxony-Anhalt.<\/span><\/li>\n<\/ul>\n<p class=\"p1\">The transformation activities examined are based on the \u201eSystem Change Compass\u201c, which was developed by the EU in collaboration with the Club of Rome and describes the transition to a circular economy and a regenerative form of economy in the context of the \u201eGreen Deal\u201c.<\/p>\n<p class=\"p4\"><span class=\"s2\"><a href=\"https:\/\/circulareconomy.europa.eu\/platform\/en\/knowledge\/system-change-compass-implementing-european-green-deal-time-recovery\">https:\/\/circulareconomy.europa.eu\/platform\/en\/knowledge\/system-change-compass-implementing-european-green-deal-time-recovery<\/a><\/span><\/p>\n<\/div><\/div><div class=\"w-separator size_large\"><\/div><div class=\"w-text us_custom_b01cd5ea has_text_color\"><span class=\"w-text-h\"><span class=\"w-text-value\">Project content<\/span><\/span><\/div><div class=\"w-separator size_small\"><\/div><div class=\"wpb_text_column\"><div class=\"wpb_wrapper\"><p class=\"p1\"><b>LandStarK<\/b>\u00a0deals with the following research questions:<\/p>\n<ul class=\"ul1\">\n<li class=\"li2\"><span class=\"s1\">How and to what extent can NPP trigger rethinking and transformation processes in terms of the Great Transformation (social, ecological, inclusive) in rural areas using the example of rural sectoral specialization (tourism and organic farming) and thus pave the way for sustainable resilience of participating rural areas?<\/span><\/li>\n<li class=\"li2\"><span class=\"s1\">How can positive secondary and tertiary effects of NPP on certain regulatory ecosystems and their interactions with NPP in rural areas be quantified and qualified?<\/span><\/li>\n<li class=\"li2\"><span class=\"s1\">Which cultural and creative endogenous resources, formats, methods (e.g. organizational culture, social \/ cognitive \/ institutional proximity and density, market forces, regulatory framework) set rethinking and transformation processes in motion and are decisive for sustainable system change?<\/span><\/li>\n<li class=\"li3\"><span class=\"s1\">To what extent can intersectoral cooperation with the NPP be adopted in other economic ecosystems outside organic farming and tourism?<\/span><\/li>\n<\/ul>\n<p class=\"p1\"><b>LandStarK<\/b>\u00a0is part of the research measure \u201eFaktor K\u201c with 22 innovative research projects as part of the federal program \u201eRural Development and Regional Value Creation\u201c (BULEplus) on behalf of the BMEL and runs until February 2026. Within Faktor K, LandStarK is assigned to the thematic cluster \u201eCultural actors and networks in rural areas in transformation processes\u201c.<\/p>\n<p class=\"p1\">The aims of Faktor K:<br \/>\nThe funding of the research projects is intended to strengthen the research landscape on rural areas in Germany on the one hand and to expand knowledge about the importance of culture in rural areas on the other. In addition, successful models and conditions for a vibrant cultural life in rural areas are to be analyzed and recommendations for practical action developed.<\/p>\n<p class=\"p1\">In addition to the funding measure, networking between the research projects and the transfer of knowledge to the specialist public will be of great importance in order to disseminate the knowledge gained.<\/p>\n<p class=\"p4\"><span class=\"s2\"><a href=\"https:\/\/www.bmel.de\/DE\/themen\/laendliche-regionen\/freizeit-und-kultur\/forschung-kultur-land.html\">https:\/\/www.bmel.de\/DE\/themen\/laendliche-regionen\/freizeit-und-kultur\/forschung-kultur-land.html<\/a><\/span><\/p>\n<\/div><\/div><div class=\"w-separator size_large\"><\/div><div class=\"w-text us_custom_b01cd5ea has_text_color\"><span class=\"w-text-h\"><span class=\"w-text-value\">Goals<\/span><\/span><\/div><div class=\"w-separator size_small\"><\/div><div class=\"wpb_text_column\"><div class=\"wpb_wrapper\"><p class=\"p1\">The aim of\u00a0<b>LandStarK<\/b>\u00a0is to establish a methodological and practical lighthouse for the facilitation and revitalization of cultural and creative activities in the eight regions mentioned, which serve the transformation in the sense of the \u201eGreen Deal\u201c and show sustainable effects in the tourism and organic farming sectors.<\/p>\n<p class=\"p1\">In addition, an active and participatory transfer of knowledge about researched framework conditions for success is to be made possible in all eight regions. To this end, local and national events will be designed and implemented from February 2024, including in the form of hybrid webinars and learning journeys. The makerspaces in Wismar, Stendal and Magdeburg are to be integrated into the knowledge transfer formats.<\/p>\n<p class=\"p1\">Magdeburg-Stendal University of Applied Sciences is working closely with Wismar University of Applied Sciences in all work packages. The transformation of the identified potential into practical knowledge transfer formats is the special responsibility of h2.<\/p>\n<p class=\"p2\">LandStark is exploring innovative approaches to thinking and acting, inspired by the cultural and creative industries, in the context of the EU\u2019s \u201eGreen Deal\u201c. This exploration is focused on examining transformation activities in eight regions across four federal states, with the aim of creating socio-economic ecosystems that are more sustainable. To guide this transformation, LandStark is using the \u201eSystem Change Compass\u201c, which was developed in collaboration with the Club of Rome by the EU. This compass describes the transition to a circular economy and a regenerative form of economy, both of which are key objectives of the \u201eGreen Deal\u201d.<\/p>\n<\/div><\/div><\/div><\/div><div class=\"wpb_column vc_column_container\"><div class=\"vc_column-inner\"><div class=\"w-text us_custom_b01cd5ea has_text_color\"><span class=\"w-text-h\"><span class=\"w-text-value\">Key data<\/span><\/span><\/div><div class=\"w-separator size_small\"><\/div><div class=\"w-text us_custom_32940c00 has_text_color\"><span class=\"w-text-h\"><span class=\"w-text-value\">Duration:<\/span><\/span><\/div><div class=\"w-separator size_small\"><\/div><div class=\"wpb_text_column\"><div class=\"wpb_wrapper\"><p>01.03.2023 &#8211; 30.04.2026<\/p>\n<\/div><\/div><div class=\"w-separator size_small\"><\/div><div class=\"w-text us_custom_32940c00 has_text_color\"><span class=\"w-text-h\"><span class=\"w-text-value\">Partners:<\/span><\/span><\/div><div class=\"w-separator size_small\"><\/div><div class=\"wpb_text_column\"><div class=\"wpb_wrapper\"><ul>\n<li>Hochschule Wismar (University of Applied Sciences Technology, Business and Design)<\/li>\n<li>Hochschule Magdeburg-Stendal, Fachbereich Wirtschaft<\/li>\n<li>Landesverband der Kultur- und Kreativwirtschaft in Mecklenburg-Vorpommern, \u201eKreative MV\u201c<\/li>\n<\/ul>\n<\/div><\/div><div class=\"w-separator size_small\"><\/div><div class=\"w-text us_custom_32940c00 has_text_color\"><span class=\"w-text-h\"><span class=\"w-text-value\">Funding providers:<\/span><\/span><\/div><div class=\"w-separator size_small\"><\/div><div class=\"wpb_text_column\"><div class=\"wpb_wrapper\"><ul>\n<li>Bundesministerium f\u00fcr Ern\u00e4hrung und Landwirtschaft (BMEL) im Rahmen des <a href=\"https:\/\/www.ble.de\/DE\/Projektfoerderung\/Foerderungen-Auftraege\/BULE\/BULE_node.html\">Bundesprogramms \u201eL\u00e4ndliche Entwicklung und Regionale Wertsch\u00f6pfung\u201c (BULEplus)<\/a><\/li>\n<\/ul>\n<\/div><\/div><div class=\"w-separator size_small\"><\/div><div class=\"w-image align_none\"><div class=\"w-image-h\"><img decoding=\"async\" width=\"700\" height=\"511\" src=\"https:\/\/spirit.h2.de\/spirit\/wp-content\/uploads\/2025\/01\/BMEL_logo.png\" class=\"attachment-large size-large\" alt=\"Logo des Bundesministerium f\u00fcr Ern\u00e4hrung und Landwirtschaft\" loading=\"lazy\" srcset=\"https:\/\/spirit.h2.de\/spirit\/wp-content\/uploads\/2025\/01\/BMEL_logo.png 700w, https:\/\/spirit.h2.de\/spirit\/wp-content\/uploads\/2025\/01\/BMEL_logo-640x467.png 640w, https:\/\/spirit.h2.de\/spirit\/wp-content\/uploads\/2025\/01\/BMEL_logo-100x73.png 100w\" sizes=\"auto, (max-width: 700px) 100vw, 700px\" \/><\/div><\/div><div class=\"w-separator size_small\"><\/div><div class=\"w-text us_custom_32940c00 has_text_color\"><span class=\"w-text-h\"><span class=\"w-text-value\">Scientists &amp; Staff:<\/span><\/span><\/div><div class=\"w-separator size_small\"><\/div><div class=\"wpb_text_column\"><div class=\"wpb_wrapper\"><p><b>Nina Schmulius<br \/>\n<\/b>Business Informatics<br \/>\nMagdeburg-Stendal University of Applied Sciences<br \/>\n<a href=\"https:\/\/ninaschmulius.com\/\">https:\/\/ninaschmulius.com\/<\/a><br \/>\n<a href=\"mailto:nina.schmulius@h2.de\">nina.schmulius@h2.de<\/a><\/p>\n<\/div><\/div><div class=\"w-separator size_small\"><\/div><div class=\"wpb_text_column\"><div class=\"wpb_wrapper\"><p><b>Jan-Philipp Winkler<br \/>\n<\/b>Business Informatics<br \/>\nMagdeburg-Stendal University of Applied Sciences<br \/>\n<a href=\"mailto:jan.winkler@h2.de\">jan.winkler@h2.de<\/a><\/p>\n<\/div><\/div><div class=\"w-separator size_small\"><\/div><div class=\"wpb_text_column\"><div class=\"wpb_wrapper\"><p><strong>Prof. Dr. Michael A. Herzog<br \/>\n<\/strong>Business Informatics<br \/>\nMagdeburg-Stendal University of Applied Sciences<br \/>\n<a href=\"mailto:michael.herzog@h2.de\">michael.herzog@h2.de<\/a><\/p>\n<\/div><\/div><div class=\"w-separator size_small\"><\/div><div class=\"wpb_text_column\"><div class=\"wpb_wrapper\"><p><strong>Dr. Laima Gerlitz<br \/>\n<\/strong>Project Communication<br \/>\nHead <a href=\"https:\/\/www.fww.hs-wismar.de\/forschung-kooperationen\/institute\/european-project-center\/\">European Project Center<\/a><br \/>\nWismar University of Applied Sciences<br \/>\nInnovation and Creative Industries<br \/>\n<a href=\"mailto:laima.gerlitz@hs-wismar.de\">laima.gerlitz@hs-wismar.de<\/a><\/p>\n<\/div><\/div><div class=\"w-separator size_small\"><\/div><div class=\"wpb_text_column\"><div class=\"wpb_wrapper\"><p><strong>Geertje Wehry<\/strong><br \/>\n<a href=\"https:\/\/www.fww.hs-wismar.de\/forschung-kooperationen\/institute\/european-project-center\/\">European Project Center<\/a><br \/>\nWismar University of Applied Sciences<br \/>\nInnovation and Creative Industries<br \/>\n<a href=\"mailto:geertje.wehry@hs-wismar.de\">geertje.wehry@hs-wismar.de<\/a><\/p>\n<\/div><\/div><div class=\"w-separator size_small\"><\/div><div class=\"wpb_text_column\"><div class=\"wpb_wrapper\"><p><strong>Prof. Dr. Gunnar Prause<br \/>\n<\/strong>Business Informatics<br \/>\nABWL\/Maritime Economics<br \/>\nWismar University of Applied Sciences<br \/>\n<a href=\"mailto:gunnar.prause@hs-wismar.de\">gunnar.prause@hs-wismar.de<\/a><\/p>\n<\/div><\/div><div class=\"w-separator size_small\"><\/div><div class=\"wpb_text_column\"><div class=\"wpb_wrapper\"><p>Annette <strong>Anna<\/strong><b> Hoffmann<br \/>\n<\/b>until February 2024<\/p>\n<\/div><\/div><\/div><\/div><\/div><\/div><\/section><section class=\"l-section wpb_row height_auto\"><div class=\"l-section-h i-cf\"><div class=\"g-cols vc_row via_grid cols_1 laptops-cols_inherit tablets-cols_inherit mobiles-cols_1 valign_top type_default stacking_default\"><div class=\"wpb_column vc_column_container\"><div class=\"vc_column-inner\"><div class=\"w-text us_custom_b01cd5ea has_text_color\"><span class=\"w-text-h\"><span class=\"w-text-value\">Articles on the topic<\/span><\/span><\/div><div class=\"w-separator size_small\"><\/div><div class=\"w-grid us_grid type_grid layout_8225 cols_3 preload_style_spinner ratio_4x3\" id=\"us_grid_1\" style=\"--columns:3;--gap:1.5rem;--item-ratio:0.75;\" data-filterable=\"true\"><style>@media (max-width:1024px){#us_grid_1{--columns:2!important}}@media (max-width:600px){#us_grid_1{--columns:1!important}}.layout_8225 .w-grid-item-h{background:var(--color-content-bg);color:var(--color-content-text);border-radius:0.3rem;box-shadow:0 0.03rem 0.06rem rgba(0,0,0,0.1),0 0.1rem 0.3rem rgba(0,0,0,0.1);transition-duration:0.3s}.no-touch .layout_8225 .w-grid-item-h:hover{box-shadow:0 0.1rem 0.2rem rgba(0,0,0,0.1),0 0.33rem 1rem rgba(0,0,0,0.15);z-index:4}.layout_8225 .usg_post_title_2{font-size:1.2rem!important;margin-left:1.4rem!important;margin-bottom:1.6rem!important}.layout_8225 .usg_post_image_2{margin-bottom:1.3rem!important;padding-bottom:1.3rem!important}.layout_8225 .usg_post_content_1{padding-left:12px!important;padding-bottom:12px!important;padding-right:12px!important}<\/style><div class=\"w-grid-list\">\t<article class=\"w-grid-item size_1x1 post-16355 post type-post status-publish format-standard post-password-required hentry category-landstark\" data-id=\"16355\">\r\n\t\t<div class=\"w-grid-item-h\">\r\n\t\t\t\t\t\t<div class=\"w-vwrapper usg_vwrapper_2 align_none valign_top\"><div class=\"w-vwrapper usg_vwrapper_1 align_none valign_top\"><div class=\"w-post-elm post_image usg_post_image_2 has_ratio\"><a href=\"https:\/\/spirit.h2.de\/spirit\/en\/landstark-ueberland-festival-2025\/\" aria-label=\"Protected: LandConnect(ion) @ \u00dcberland-Festival 2025\"><img loading=\"lazy\" decoding=\"async\" width=\"1200\" height=\"983\" src=\"https:\/\/spirit.h2.de\/spirit\/wp-content\/uploads\/2025\/09\/Bildschirmfoto-2025-09-11-um-11.45.18-1280x1048.jpg\" class=\"attachment-large size-large wp-post-image\" alt=\"\" \/><\/a><div style=\"padding-bottom:56.25%\"><\/div><\/div><h2 class=\"w-post-elm post_title usg_post_title_2 entry-title color_link_inherit\"><a href=\"https:\/\/spirit.h2.de\/spirit\/en\/landstark-ueberland-festival-2025\/\">Protected: LandConnect(ion) @ \u00dcberland-Festival 2025<\/a><\/h2><\/div><\/div>\t\t<\/div>\r\n\t\t\t<\/article>\r\n\t<article class=\"w-grid-item size_1x1 post-16316 post type-post status-publish format-standard has-post-thumbnail hentry category-laufende category-landstark category-news category-projects category-wint\" data-id=\"16316\">\r\n\t\t<div class=\"w-grid-item-h\">\r\n\t\t\t\t\t\t<div class=\"w-vwrapper usg_vwrapper_2 align_none valign_top\"><div class=\"w-vwrapper usg_vwrapper_1 align_none valign_top\"><div class=\"w-post-elm post_image usg_post_image_2 has_ratio\"><a href=\"https:\/\/spirit.h2.de\/spirit\/en\/landstark-auf-dem-ueberland-festival-2025\/\" aria-label=\"LandStarK auf dem \u00dcberland-Festival 2025\"><img loading=\"lazy\" decoding=\"async\" width=\"1024\" height=\"1024\" src=\"https:\/\/spirit.h2.de\/spirit\/wp-content\/uploads\/2025\/08\/LandStark-Ueberland-Festival.jpg\" class=\"attachment-large size-large wp-post-image\" alt=\"LandStark Logo f\u00fcr \u00dcberland-Festival\" \/><\/a><div style=\"padding-bottom:56.25%\"><\/div><\/div><h2 class=\"w-post-elm post_title usg_post_title_2 entry-title color_link_inherit\"><a href=\"https:\/\/spirit.h2.de\/spirit\/en\/landstark-auf-dem-ueberland-festival-2025\/\">LandStarK auf dem \u00dcberland-Festival 2025<\/a><\/h2><\/div><\/div>\t\t<\/div>\r\n\t\t\t<\/article>\r\n\t<article class=\"w-grid-item size_1x1 post-13925 post type-post status-publish format-standard has-post-thumbnail hentry category-landstark category-news category-uncategorized-de\" data-id=\"13925\">\r\n\t\t<div class=\"w-grid-item-h\">\r\n\t\t\t\t\t\t<div class=\"w-vwrapper usg_vwrapper_2 align_none valign_top\"><div class=\"w-vwrapper usg_vwrapper_1 align_none valign_top\"><div class=\"w-post-elm post_image usg_post_image_2 has_ratio\"><a href=\"https:\/\/spirit.h2.de\/spirit\/en\/experteninput-zu-den-herausforderungen-in-der-arbeit-mit-dem-co2-kulturstandard\/\" aria-label=\"Experteninput zu den Herausforderungen in der Arbeit mit dem CO2 Kulturstandard\"><img loading=\"lazy\" decoding=\"async\" width=\"1200\" height=\"634\" src=\"https:\/\/spirit.h2.de\/spirit\/wp-content\/uploads\/2024\/02\/WhatsApp-Image-2024-02-20-at-13.54.09-e1708433884603-1280x676.jpeg\" class=\"attachment-large size-large wp-post-image\" alt=\"\" \/><\/a><div style=\"padding-bottom:56.25%\"><\/div><\/div><h2 class=\"w-post-elm post_title usg_post_title_2 entry-title color_link_inherit\"><a href=\"https:\/\/spirit.h2.de\/spirit\/en\/experteninput-zu-den-herausforderungen-in-der-arbeit-mit-dem-co2-kulturstandard\/\">Experteninput zu den Herausforderungen in der Arbeit mit dem CO2 Kulturstandard<\/a><\/h2><\/div><\/div>\t\t<\/div>\r\n\t\t\t<\/article>\r\n\t<article class=\"w-grid-item size_1x1 post-13783 post type-post status-publish format-standard has-post-thumbnail hentry category-landstark category-news category-uncategorized-de\" data-id=\"13783\">\r\n\t\t<div class=\"w-grid-item-h\">\r\n\t\t\t\t\t\t<div class=\"w-vwrapper usg_vwrapper_2 align_none valign_top\"><div class=\"w-vwrapper usg_vwrapper_1 align_none valign_top\"><div class=\"w-post-elm post_image usg_post_image_2 has_ratio\"><a href=\"https:\/\/spirit.h2.de\/spirit\/en\/workshop-und-forschungsevents-zum-oekologischen-handabdruck-2\/\" aria-label=\"Workshop- und Forschungsevents zum \u00d6kologischen Handabdruck\"><img loading=\"lazy\" decoding=\"async\" width=\"822\" height=\"470\" src=\"https:\/\/spirit.h2.de\/spirit\/wp-content\/uploads\/2023\/12\/Workshopabend-Oekologischer-Handabdruck.jpg\" class=\"attachment-large size-large wp-post-image\" alt=\"\" \/><\/a><div style=\"padding-bottom:56.25%\"><\/div><\/div><h2 class=\"w-post-elm post_title usg_post_title_2 entry-title color_link_inherit\"><a href=\"https:\/\/spirit.h2.de\/spirit\/en\/workshop-und-forschungsevents-zum-oekologischen-handabdruck-2\/\">Workshop- und Forschungsevents zum \u00d6kologischen Handabdruck<\/a><\/h2><\/div><\/div>\t\t<\/div>\r\n\t\t\t<\/article>\r\n\t<article class=\"w-grid-item size_1x1 post-13290 post type-post status-publish format-standard has-post-thumbnail hentry category-landstark category-news\" data-id=\"13290\">\r\n\t\t<div class=\"w-grid-item-h\">\r\n\t\t\t\t\t\t<div class=\"w-vwrapper usg_vwrapper_2 align_none valign_top\"><div class=\"w-vwrapper usg_vwrapper_1 align_none valign_top\"><div class=\"w-post-elm post_image usg_post_image_2 has_ratio\"><a href=\"https:\/\/spirit.h2.de\/spirit\/en\/konzeption-und-moderation-des-arbeitsworkshops-regional-gedacht-auf-der-3-green-culture-konferenz-der-bundesbeauftragten-fuer-kultur-und-medien-am-30-11-und-1-12-23-in-leipzig\/\" aria-label=\"Strategy workshop at the 3rd Green Culture Conference of the BKM by LandStarK\"><img loading=\"lazy\" decoding=\"async\" width=\"822\" height=\"470\" src=\"https:\/\/spirit.h2.de\/spirit\/wp-content\/uploads\/2023\/11\/Kulturelle-Landpartie.jpg\" class=\"attachment-large size-large wp-post-image\" alt=\"\" \/><\/a><div style=\"padding-bottom:56.25%\"><\/div><\/div><h2 class=\"w-post-elm post_title usg_post_title_2 entry-title color_link_inherit\"><a href=\"https:\/\/spirit.h2.de\/spirit\/en\/konzeption-und-moderation-des-arbeitsworkshops-regional-gedacht-auf-der-3-green-culture-konferenz-der-bundesbeauftragten-fuer-kultur-und-medien-am-30-11-und-1-12-23-in-leipzig\/\">Strategy workshop at the 3rd Green Culture Conference of the BKM by LandStarK<\/a><\/h2><\/div><\/div>\t\t<\/div>\r\n\t\t\t<\/article>\r\n\t<article class=\"w-grid-item size_1x1 post-12498 post type-post status-publish format-standard has-post-thumbnail hentry category-landstark category-news\" data-id=\"12498\">\r\n\t\t<div class=\"w-grid-item-h\">\r\n\t\t\t\t\t\t<div class=\"w-vwrapper usg_vwrapper_2 align_none valign_top\"><div class=\"w-vwrapper usg_vwrapper_1 align_none valign_top\"><div class=\"w-post-elm post_image usg_post_image_2 has_ratio\"><a href=\"https:\/\/spirit.h2.de\/spirit\/en\/landstark-auf-dem-ueberlandfestival\/\" aria-label=\"LandStarK at the \u00dcberland Festival\"><img loading=\"lazy\" decoding=\"async\" width=\"1200\" height=\"638\" src=\"https:\/\/spirit.h2.de\/spirit\/wp-content\/uploads\/2023\/07\/Ueberland-2-1280x680.jpg\" class=\"attachment-large size-large wp-post-image\" alt=\"\" \/><\/a><div style=\"padding-bottom:56.25%\"><\/div><\/div><h2 class=\"w-post-elm post_title usg_post_title_2 entry-title color_link_inherit\"><a href=\"https:\/\/spirit.h2.de\/spirit\/en\/landstark-auf-dem-ueberlandfestival\/\">LandStarK at the \u00dcberland Festival<\/a><\/h2><\/div><\/div>\t\t<\/div>\r\n\t\t\t<\/article>\r\n<\/div>\t<div class=\"w-grid-preloader\">\r\n\t\t<div class=\"g-preloader type_1\">\r\n\t\t\t<div><\/div>\r\n\t\t<\/div>\r\n\t<\/div>\r\n\t\t<div class=\"w-grid-json hidden\" onclick='return {&quot;action&quot;:&quot;us_ajax_grid&quot;,&quot;infinite_scroll&quot;:0,&quot;max_num_pages&quot;:1,&quot;pagination&quot;:&quot;none&quot;,&quot;template_vars&quot;:{&quot;columns&quot;:&quot;3&quot;,&quot;exclude_items&quot;:&quot;none&quot;,&quot;img_size&quot;:&quot;default&quot;,&quot;ignore_items_size&quot;:0,&quot;items_layout&quot;:&quot;8225&quot;,&quot;items_offset&quot;:&quot;1&quot;,&quot;load_animation&quot;:&quot;none&quot;,&quot;overriding_link&quot;:&quot;%7B%22url%22%3A%22%22%7D&quot;,&quot;post_id&quot;:0,&quot;query_args&quot;:{&quot;post_type&quot;:[&quot;post&quot;],&quot;tax_query&quot;:[{&quot;taxonomy&quot;:&quot;category&quot;,&quot;field&quot;:&quot;slug&quot;,&quot;terms&quot;:[&quot;landstark&quot;]}],&quot;post_status&quot;:[&quot;publish&quot;,&quot;acf-disabled&quot;],&quot;posts_per_page&quot;:&quot;15&quot;},&quot;orderby_query_args&quot;:{&quot;orderby&quot;:{&quot;date&quot;:&quot;DESC&quot;}},&quot;type&quot;:&quot;grid&quot;,&quot;us_grid_post_type&quot;:&quot;post&quot;,&quot;us_grid_ajax_index&quot;:1,&quot;us_grid_filter_query_string&quot;:null,&quot;us_grid_index&quot;:1,&quot;page_args&quot;:[]}}'><\/div>\r\n\t<\/div><div class=\"w-separator size_huge\"><\/div><\/div><\/div><\/div><\/div><\/section>\n","protected":false},"excerpt":{"rendered":"{:de}Am 2.9.2023 f\u00fchrt LandStarK einen \u00f6ffentlichen Workshop auf dem \u00dcberland-Festival in G\u00f6rlitz durch. Das Festival wird vom Th\u00fcnen-Institut f\u00fcr Regionalentwicklung organisiert und verbindet in vielen verschiedenen Formaten die praktische, k\u00fcnstlerische, politische und wissenschaftliche Auseinandersetzung mit l\u00e4ndlichen R\u00e4umen &#8211; mit Fokus auf Ostdeutschland. LandStarK bietet einen Serious Game Workshop zur Erkundung von M\u00f6glichkeiten f\u00fcr die regionalen...","protected":false},"author":19,"featured_media":16296,"parent":4137,"menu_order":0,"comment_status":"closed","ping_status":"closed","template":"","meta":{"_acf_changed":false,"footnotes":""},"categories":[],"tags":[],"class_list":["post-11481","page","type-page","status-publish","has-post-thumbnail","hentry"],"translation":{"provider":"WPGlobus","version":"3.0.1","language":"en","enabled_languages":["de","en"],"languages":{"de":{"title":true,"content":true,"excerpt":false},"en":{"title":false,"content":false,"excerpt":false}}},"acf":[],"_links":{"self":[{"href":"https:\/\/spirit.h2.de\/spirit\/en\/wp-json\/wp\/v2\/pages\/11481","targetHints":{"allow":["GET"]}}],"collection":[{"href":"https:\/\/spirit.h2.de\/spirit\/en\/wp-json\/wp\/v2\/pages"}],"about":[{"href":"https:\/\/spirit.h2.de\/spirit\/en\/wp-json\/wp\/v2\/types\/page"}],"author":[{"embeddable":true,"href":"https:\/\/spirit.h2.de\/spirit\/en\/wp-json\/wp\/v2\/users\/19"}],"replies":[{"embeddable":true,"href":"https:\/\/spirit.h2.de\/spirit\/en\/wp-json\/wp\/v2\/comments?post=11481"}],"version-history":[{"count":87,"href":"https:\/\/spirit.h2.de\/spirit\/en\/wp-json\/wp\/v2\/pages\/11481\/revisions"}],"predecessor-version":[{"id":17862,"href":"https:\/\/spirit.h2.de\/spirit\/en\/wp-json\/wp\/v2\/pages\/11481\/revisions\/17862"}],"up":[{"embeddable":true,"href":"https:\/\/spirit.h2.de\/spirit\/en\/wp-json\/wp\/v2\/pages\/4137"}],"wp:featuredmedia":[{"embeddable":true,"href":"https:\/\/spirit.h2.de\/spirit\/en\/wp-json\/wp\/v2\/media\/16296"}],"wp:attachment":[{"href":"https:\/\/spirit.h2.de\/spirit\/en\/wp-json\/wp\/v2\/media?parent=11481"}],"wp:term":[{"taxonomy":"category","embeddable":true,"href":"https:\/\/spirit.h2.de\/spirit\/en\/wp-json\/wp\/v2\/categories?post=11481"},{"taxonomy":"post_tag","embeddable":true,"href":"https:\/\/spirit.h2.de\/spirit\/en\/wp-json\/wp\/v2\/tags?post=11481"}],"curies":[{"name":"wp","href":"https:\/\/api.w.org\/{rel}","templated":true}]}}